{"id":30407,"date":"2025-01-01T12:32:00","date_gmt":"2025-01-01T12:32:00","guid":{"rendered":"https:\/\/lifelonghearing.com\/sl\/?page_id=30407"},"modified":"2025-02-10T12:41:41","modified_gmt":"2025-02-10T12:41:41","slug":"slisati-z-obema-usesoma","status":"publish","type":"page","link":"https:\/\/lifelonghearing.com\/sl\/revija-o-slusnih-vsadek\/slisati-z-obema-usesoma\/","title":{"rendered":"Sli\u0161ati z obema u\u0161esoma"},"content":{"rendered":"<p><div class=\"fusion-fullwidth fullwidth-box fusion-builder-row-1 nonhundred-percent-fullwidth non-hundred-percent-height-scrolling\" style=\"--awb-border-radius-top-left:0px;--awb-border-radius-top-right:0px;--awb-border-radius-bottom-right:0px;--awb-border-radius-bottom-left:0px;--awb-padding-top:40px;--awb-padding-right:60px;--awb-padding-bottom:40px;--awb-padding-left:60px;--awb-margin-bottom:30px;--awb-background-color:#5ebfbb;--awb-flex-wrap:wrap;\" ><div class=\"fusion-builder-row fusion-row\"><div class=\"fusion-layout-column fusion_builder_column fusion-builder-column-0 fusion_builder_column_1_3 1_3 fusion-one-third fusion-column-first\" style=\"--awb-bg-size:cover;width:33.333333333333%;width:calc(33.333333333333% - ( ( 4% ) * 0.33333333333333 ) );margin-right: 4%;\"><div class=\"fusion-column-wrapper fusion-column-has-shadow fusion-flex-column-wrapper-legacy\"><div class=\"fusion-image-element in-legacy-container\" style=\"--awb-max-width:220px;--awb-caption-title-font-family:var(--h2_typography-font-family);--awb-caption-title-font-weight:var(--h2_typography-font-weight);--awb-caption-title-font-style:var(--h2_typography-font-style);--awb-caption-title-size:var(--h2_typography-font-size);--awb-caption-title-transform:var(--h2_typography-text-transform);--awb-caption-title-line-height:var(--h2_typography-line-height);--awb-caption-title-letter-spacing:var(--h2_typography-letter-spacing);\"><span class=\" fusion-imageframe imageframe-none imageframe-1 hover-type-none\"><img decoding=\"async\" width=\"349\" height=\"328\" title=\"beidseitig\" src=\"https:\/\/lifelonghearing.com\/sl\/wp-content\/uploads\/sites\/3\/2025\/01\/beidseitig.png\" data-orig-src=\"https:\/\/lifelonghearing.com\/sl\/wp-content\/uploads\/sites\/3\/2025\/01\/beidseitig.png\" alt class=\"lazyload img-responsive wp-image-30491\" srcset=\"data:image\/svg+xml,%3Csvg%20xmlns%3D%27http%3A%2F%2Fwww.w3.org%2F2000%2Fsvg%27%20width%3D%27349%27%20height%3D%27328%27%20viewBox%3D%270%200%20349%20328%27%3E%3Crect%20width%3D%27349%27%20height%3D%27328%27%20fill-opacity%3D%220%22%2F%3E%3C%2Fsvg%3E\" data-srcset=\"https:\/\/lifelonghearing.com\/sl\/wp-content\/uploads\/sites\/3\/2025\/01\/beidseitig-200x188.png 200w, https:\/\/lifelonghearing.com\/sl\/wp-content\/uploads\/sites\/3\/2025\/01\/beidseitig.png 349w\" data-sizes=\"auto\" data-orig-sizes=\"(max-width: 991px) 100vw, 349px\" \/><\/span><\/div><div class=\"fusion-clearfix\"><\/div><\/div><\/div><div class=\"fusion-layout-column fusion_builder_column fusion-builder-column-1 fusion_builder_column_2_3 2_3 fusion-two-third fusion-column-last\" style=\"--awb-bg-size:cover;width:66.666666666667%;width:calc(66.666666666667% - ( ( 4% ) * 0.66666666666667 ) );\"><div class=\"fusion-column-wrapper fusion-column-has-shadow fusion-flex-column-wrapper-legacy\"><div class=\"fusion-title title fusion-title-1 fusion-sep-none fusion-title-text fusion-title-size-one\" style=\"--awb-text-color:#ffffff;\"><h1 class=\"fusion-title-heading title-heading-left fusion-responsive-typography-calculated\" style=\"margin:0;--fontSize:45;line-height:1.4;\">Sli\u0161ati z obema u\u0161esoma<\/h1><\/div><div class=\"fusion-text fusion-text-1\"><p><strong><span style=\"color: #ffffff;\">Zakaj je sluh na obeh u\u0161esih tako pomemben lahko izveste v na\u0161i posebni seriji &#8220;Sli\u0161ati na obe u\u0161esi&#8221;. \u010clanki o sluhu pri bilateralno implantiranih, pri kombinaciji slu\u0161nega aparata in slu\u0161nega vsadka, pri gluhosti na enem u\u0161esu in \u0161e veliko ve\u010d.<\/span><\/strong><\/p>\n<\/div><div class=\"fusion-clearfix\"><\/div><\/div><\/div><\/div><\/div><div class=\"fusion-fullwidth fullwidth-box fusion-builder-row-2 nonhundred-percent-fullwidth non-hundred-percent-height-scrolling fusion-equal-height-columns\" style=\"--awb-background-position:left top;--awb-background-repeat:repeat;--awb-border-sizes-top:0px;--awb-border-sizes-bottom:0px;--awb-border-sizes-left:0px;--awb-border-sizes-right:0px;--awb-border-color:rgba(255,255,255,.05);--awb-border-radius-top-left:0px;--awb-border-radius-top-right:0px;--awb-border-radius-bottom-right:0px;--awb-border-radius-bottom-left:0px;--awb-padding-top:40px;--awb-padding-bottom:60px;--awb-flex-wrap:wrap;\" ><div class=\"fusion-builder-row fusion-row\"><div class=\"fusion-layout-column fusion_builder_column fusion-builder-column-2 fusion_builder_column_1_1 1_1 fusion-one-full fusion-column-first fusion-column-last\" style=\"--awb-bg-size:cover;\"><div class=\"fusion-column-wrapper fusion-column-has-shadow fusion-flex-column-wrapper-legacy\"><div class=\"fusion-column-content-centered\"><div class=\"fusion-column-content\"><\/div><\/div><div class=\"fusion-clearfix\"><\/div><\/div><\/div><\/div><\/div><\/p>\n","protected":false},"excerpt":{"rendered":"","protected":false},"author":4,"featured_media":0,"parent":30401,"menu_order":0,"comment_status":"closed","ping_status":"closed","template":"","meta":{"_acf_changed":false,"footnotes":""},"class_list":["post-30407","page","type-page","status-publish","hentry"],"yoast_head":"<!-- This site is optimized with the Yoast SEO plugin v24.3 - https:\/\/yoast.com\/wordpress\/plugins\/seo\/ -->\n<title>Sli\u0161ati z obema u\u0161esoma - Slovenia<\/title>\n<meta name=\"robots\" content=\"index, follow, max-snippet:-1, max-image-preview:large, max-video-preview:-1\" \/>\n<link rel=\"canonical\" href=\"https:\/\/lifelonghearing.com\/sl\/revija-o-slusnih-vsadek\/slisati-z-obema-usesoma\/\" \/>\n<meta property=\"og:locale\" content=\"en_US\" \/>\n<meta property=\"og:type\" content=\"article\" \/>\n<meta property=\"og:title\" content=\"Sli\u0161ati z obema u\u0161esoma - Slovenia\" \/>\n<meta property=\"og:url\" content=\"https:\/\/lifelonghearing.com\/sl\/revija-o-slusnih-vsadek\/slisati-z-obema-usesoma\/\" \/>\n<meta property=\"og:site_name\" content=\"Slovenia\" \/>\n<meta property=\"article:modified_time\" content=\"2025-02-10T12:41:41+00:00\" \/>\n<meta name=\"twitter:card\" content=\"summary_large_image\" \/>\n<meta name=\"twitter:label1\" content=\"Est. reading time\" \/>\n\t<meta name=\"twitter:data1\" content=\"5 minutes\" \/>\n<script type=\"application\/ld+json\" class=\"yoast-schema-graph\">{\"@context\":\"https:\/\/schema.org\",\"@graph\":[{\"@type\":\"WebPage\",\"@id\":\"https:\/\/lifelonghearing.com\/sl\/revija-o-slusnih-vsadek\/slisati-z-obema-usesoma\/\",\"url\":\"https:\/\/lifelonghearing.com\/sl\/revija-o-slusnih-vsadek\/slisati-z-obema-usesoma\/\",\"name\":\"Sli\u0161ati z obema u\u0161esoma - Slovenia\",\"isPartOf\":{\"@id\":\"https:\/\/lifelonghearing.com\/sl\/#website\"},\"datePublished\":\"2025-01-01T12:32:00+00:00\",\"dateModified\":\"2025-02-10T12:41:41+00:00\",\"breadcrumb\":{\"@id\":\"https:\/\/lifelonghearing.com\/sl\/revija-o-slusnih-vsadek\/slisati-z-obema-usesoma\/#breadcrumb\"},\"inLanguage\":\"en-US\",\"potentialAction\":[{\"@type\":\"ReadAction\",\"target\":[\"https:\/\/lifelonghearing.com\/sl\/revija-o-slusnih-vsadek\/slisati-z-obema-usesoma\/\"]}]},{\"@type\":\"BreadcrumbList\",\"@id\":\"https:\/\/lifelonghearing.com\/sl\/revija-o-slusnih-vsadek\/slisati-z-obema-usesoma\/#breadcrumb\",\"itemListElement\":[{\"@type\":\"ListItem\",\"position\":1,\"name\":\"Home\",\"item\":\"https:\/\/lifelonghearing.com\/sl\/\"},{\"@type\":\"ListItem\",\"position\":2,\"name\":\"Revija o slu\u0161nih vsadkih\",\"item\":\"https:\/\/lifelonghearing.com\/sl\/revija-o-slusnih-vsadek\/\"},{\"@type\":\"ListItem\",\"position\":3,\"name\":\"Sli\u0161ati z obema u\u0161esoma\"}]},{\"@type\":\"WebSite\",\"@id\":\"https:\/\/lifelonghearing.com\/sl\/#website\",\"url\":\"https:\/\/lifelonghearing.com\/sl\/\",\"name\":\"Slovenia\",\"description\":\"\",\"potentialAction\":[{\"@type\":\"SearchAction\",\"target\":{\"@type\":\"EntryPoint\",\"urlTemplate\":\"https:\/\/lifelonghearing.com\/sl\/?s={search_term_string}\"},\"query-input\":{\"@type\":\"PropertyValueSpecification\",\"valueRequired\":true,\"valueName\":\"search_term_string\"}}],\"inLanguage\":\"en-US\"}]}<\/script>\n<!-- \/ Yoast SEO plugin. -->","yoast_head_json":{"title":"Sli\u0161ati z obema u\u0161esoma - Slovenia","robots":{"index":"index","follow":"follow","max-snippet":"max-snippet:-1","max-image-preview":"max-image-preview:large","max-video-preview":"max-video-preview:-1"},"canonical":"https:\/\/lifelonghearing.com\/sl\/revija-o-slusnih-vsadek\/slisati-z-obema-usesoma\/","og_locale":"en_US","og_type":"article","og_title":"Sli\u0161ati z obema u\u0161esoma - Slovenia","og_url":"https:\/\/lifelonghearing.com\/sl\/revija-o-slusnih-vsadek\/slisati-z-obema-usesoma\/","og_site_name":"Slovenia","article_modified_time":"2025-02-10T12:41:41+00:00","twitter_card":"summary_large_image","twitter_misc":{"Est. reading time":"5 minutes"},"schema":{"@context":"https:\/\/schema.org","@graph":[{"@type":"WebPage","@id":"https:\/\/lifelonghearing.com\/sl\/revija-o-slusnih-vsadek\/slisati-z-obema-usesoma\/","url":"https:\/\/lifelonghearing.com\/sl\/revija-o-slusnih-vsadek\/slisati-z-obema-usesoma\/","name":"Sli\u0161ati z obema u\u0161esoma - Slovenia","isPartOf":{"@id":"https:\/\/lifelonghearing.com\/sl\/#website"},"datePublished":"2025-01-01T12:32:00+00:00","dateModified":"2025-02-10T12:41:41+00:00","breadcrumb":{"@id":"https:\/\/lifelonghearing.com\/sl\/revija-o-slusnih-vsadek\/slisati-z-obema-usesoma\/#breadcrumb"},"inLanguage":"en-US","potentialAction":[{"@type":"ReadAction","target":["https:\/\/lifelonghearing.com\/sl\/revija-o-slusnih-vsadek\/slisati-z-obema-usesoma\/"]}]},{"@type":"BreadcrumbList","@id":"https:\/\/lifelonghearing.com\/sl\/revija-o-slusnih-vsadek\/slisati-z-obema-usesoma\/#breadcrumb","itemListElement":[{"@type":"ListItem","position":1,"name":"Home","item":"https:\/\/lifelonghearing.com\/sl\/"},{"@type":"ListItem","position":2,"name":"Revija o slu\u0161nih vsadkih","item":"https:\/\/lifelonghearing.com\/sl\/revija-o-slusnih-vsadek\/"},{"@type":"ListItem","position":3,"name":"Sli\u0161ati z obema u\u0161esoma"}]},{"@type":"WebSite","@id":"https:\/\/lifelonghearing.com\/sl\/#website","url":"https:\/\/lifelonghearing.com\/sl\/","name":"Slovenia","description":"","potentialAction":[{"@type":"SearchAction","target":{"@type":"EntryPoint","urlTemplate":"https:\/\/lifelonghearing.com\/sl\/?s={search_term_string}"},"query-input":{"@type":"PropertyValueSpecification","valueRequired":true,"valueName":"search_term_string"}}],"inLanguage":"en-US"}]}},"acf":[],"_links":{"self":[{"href":"https:\/\/lifelonghearing.com\/sl\/wp-json\/wp\/v2\/pages\/30407","targetHints":{"allow":["GET"]}}],"collection":[{"href":"https:\/\/lifelonghearing.com\/sl\/wp-json\/wp\/v2\/pages"}],"about":[{"href":"https:\/\/lifelonghearing.com\/sl\/wp-json\/wp\/v2\/types\/page"}],"author":[{"embeddable":true,"href":"https:\/\/lifelonghearing.com\/sl\/wp-json\/wp\/v2\/users\/4"}],"replies":[{"embeddable":true,"href":"https:\/\/lifelonghearing.com\/sl\/wp-json\/wp\/v2\/comments?post=30407"}],"version-history":[{"count":4,"href":"https:\/\/lifelonghearing.com\/sl\/wp-json\/wp\/v2\/pages\/30407\/revisions"}],"predecessor-version":[{"id":32248,"href":"https:\/\/lifelonghearing.com\/sl\/wp-json\/wp\/v2\/pages\/30407\/revisions\/32248"}],"up":[{"embeddable":true,"href":"https:\/\/lifelonghearing.com\/sl\/wp-json\/wp\/v2\/pages\/30401"}],"wp:attachment":[{"href":"https:\/\/lifelonghearing.com\/sl\/wp-json\/wp\/v2\/media?parent=30407"}],"curies":[{"name":"wp","href":"https:\/\/api.w.org\/{rel}","templated":true}]}}