{"id":30446,"date":"2025-01-01T12:49:34","date_gmt":"2025-01-01T12:49:34","guid":{"rendered":"https:\/\/lifelonghearing.com\/sk\/?page_id=30446"},"modified":"2025-04-25T10:25:35","modified_gmt":"2025-04-25T10:25:35","slug":"podcast-hearing","status":"publish","type":"page","link":"https:\/\/lifelonghearing.com\/sk\/podcast-hearing\/","title":{"rendered":"Rehab At Home"},"content":{"rendered":"<p><div class=\"fusion-fullwidth fullwidth-box fusion-builder-row-1 fusion-flex-container nonhundred-percent-fullwidth non-hundred-percent-height-scrolling\" style=\"--link_color: #000000;--awb-background-position:left top;--awb-border-sizes-top:0px;--awb-border-sizes-bottom:0px;--awb-border-sizes-left:0px;--awb-border-sizes-right:0px;--awb-border-radius-top-left:0px;--awb-border-radius-top-right:0px;--awb-border-radius-bottom-right:0px;--awb-border-radius-bottom-left:0px;--awb-padding-top:30px;--awb-padding-bottom:50px;--awb-margin-bottom:0px;--awb-background-color:#f4f4f4;--awb-flex-wrap:wrap;\" ><div class=\"fusion-builder-row fusion-row fusion-flex-align-items-flex-start fusion-flex-content-wrap\" style=\"max-width:1248px;margin-left: calc(-4% \/ 2 );margin-right: calc(-4% \/ 2 );\"><div class=\"fusion-layout-column fusion_builder_column fusion-builder-column-0 fusion_builder_column_1_6 1_6 fusion-flex-column\" style=\"--awb-bg-size:cover;--awb-width-large:16.666666666667%;--awb-margin-top-large:10px;--awb-spacing-right-large:11.52%;--awb-margin-bottom-large:10px;--awb-spacing-left-large:11.52%;--awb-width-medium:100%;--awb-spacing-right-medium:1.92%;--awb-spacing-left-medium:1.92%;--awb-width-small:100%;--awb-spacing-right-small:1.92%;--awb-spacing-left-small:1.92%;\"><div class=\"fusion-column-wrapper fusion-column-has-shadow fusion-flex-justify-content-flex-start fusion-content-layout-column\"><\/div><\/div><div class=\"fusion-layout-column fusion_builder_column fusion-builder-column-1 fusion_builder_column_2_3 2_3 fusion-flex-column\" style=\"--awb-bg-size:cover;--awb-width-large:66.666666666667%;--awb-margin-top-large:10px;--awb-spacing-right-large:2.88%;--awb-margin-bottom-large:0px;--awb-spacing-left-large:2.88%;--awb-width-medium:100%;--awb-spacing-right-medium:1.92%;--awb-spacing-left-medium:1.92%;--awb-width-small:100%;--awb-spacing-right-small:1.92%;--awb-spacing-left-small:1.92%;\"><div class=\"fusion-column-wrapper fusion-column-has-shadow fusion-flex-justify-content-flex-start fusion-content-layout-column\"><div class=\"fusion-title title fusion-title-1 fusion-sep-none fusion-title-center fusion-title-text fusion-title-size-six\" style=\"--awb-text-color:#5ebfbb;--awb-margin-bottom:10px;--awb-margin-bottom-small:10px;--awb-font-size:18px;\"><h6 class=\"fusion-title-heading title-heading-center fusion-responsive-typography-calculated\" style=\"margin:0;font-size:1em;letter-spacing:2px;--fontSize:18;--minFontSize:18;line-height:1.56;\">V\u00c1\u0160 SPRIEVODCA DOM\u00c1COU REHABILIT\u00c1CIOU<\/h6><\/div><div class=\"fusion-title title fusion-title-2 fusion-sep-none fusion-title-center fusion-title-text fusion-title-size-one\" style=\"--awb-margin-top:0px;--awb-font-size:60px;\"><h1 class=\"fusion-title-heading title-heading-center fusion-responsive-typography-calculated\" style=\"margin:0;font-size:1em;--fontSize:60;line-height:1.4;\">Rehab At Home<\/h1><\/div><div class=\"fusion-text fusion-text-1 fusion-text-no-margin\" style=\"--awb-content-alignment:center;--awb-text-transform:none;--awb-margin-bottom:10px;\"><p>V\u0161etky na\u0161e epiz\u00f3dy <em><strong>Rehab At Home<\/strong><\/em> s\u00fa navrhnut\u00e9 tak, aby v\u00e1m a v\u00e1\u0161mu die\u0165a\u0165u pomohli v procese rehabilit\u00e1cie po implant\u00e1cii. V r\u00e1mci tohto programu by sme sa s vami radi podelili o celkovo 16 epiz\u00f3d, ktor\u00e9 v\u00e1m pom\u00f4\u017eu na va\u0161ej ceste za sluchom.<\/p>\n<\/div><div class=\"fusion-text fusion-text-2\" style=\"--awb-content-alignment:center;\"><p><em>Ka\u017ed\u00fd \u010dl\u00e1nok obsahuje 1 video <strong>Rehab At Home.<\/strong><\/em><\/p>\n<\/div><div style=\"text-align:center;\"><a class=\"fusion-button button-flat button-large button-custom fusion-button-default button-1 fusion-button-default-span fusion-button-default-type\" style=\"--button_accent_color:#3d3b3b;--button_accent_hover_color:#ffffff;--button_border_hover_color:#000000;--button_gradient_top_color:rgba(61,59,59,0);--button_gradient_bottom_color:rgba(61,59,59,0);--button_gradient_top_color_hover:#5ebfbb;--button_gradient_bottom_color_hover:#5ebfbb;\" target=\"_self\" href=\"\/sk\/vsetky-epizody\/\"><i class=\"fa-th-large fas button-icon-left\" aria-hidden=\"true\"><\/i><span class=\"fusion-button-text\">V\u0161etky epiz\u00f3dy<\/span><\/a><\/div><\/div><\/div><div class=\"fusion-layout-column fusion_builder_column fusion-builder-column-2 fusion_builder_column_1_6 1_6 fusion-flex-column\" style=\"--awb-bg-size:cover;--awb-width-large:16.666666666667%;--awb-margin-top-large:10px;--awb-spacing-right-large:11.52%;--awb-margin-bottom-large:10px;--awb-spacing-left-large:11.52%;--awb-width-medium:100%;--awb-spacing-right-medium:1.92%;--awb-spacing-left-medium:1.92%;--awb-width-small:100%;--awb-spacing-right-small:1.92%;--awb-spacing-left-small:1.92%;\"><div class=\"fusion-column-wrapper fusion-column-has-shadow fusion-flex-justify-content-flex-start fusion-content-layout-column\"><\/div><\/div><\/div><\/div><div class=\"fusion-fullwidth fullwidth-box fusion-builder-row-2 fusion-flex-container nonhundred-percent-fullwidth non-hundred-percent-height-scrolling\" style=\"--awb-border-radius-top-left:0px;--awb-border-radius-top-right:0px;--awb-border-radius-bottom-right:0px;--awb-border-radius-bottom-left:0px;--awb-margin-top:2%;--awb-margin-bottom:2%;--awb-flex-wrap:wrap;\" ><div class=\"fusion-builder-row fusion-row fusion-flex-align-items-flex-start fusion-flex-content-wrap\" style=\"max-width:1248px;margin-left: calc(-4% \/ 2 );margin-right: calc(-4% \/ 2 );\"><div class=\"fusion-layout-column fusion_builder_column fusion-builder-column-3 fusion_builder_column_1_1 1_1 fusion-flex-column\" style=\"--awb-bg-size:cover;--awb-width-large:100%;--awb-margin-top-large:10px;--awb-spacing-right-large:1.92%;--awb-margin-bottom-large:0px;--awb-spacing-left-large:1.92%;--awb-width-medium:100%;--awb-spacing-right-medium:1.92%;--awb-spacing-left-medium:1.92%;--awb-width-small:100%;--awb-spacing-right-small:1.92%;--awb-spacing-left-small:1.92%;\"><div class=\"fusion-column-wrapper fusion-column-has-shadow fusion-flex-justify-content-flex-start fusion-content-layout-column\"><div class=\"fusion-title title fusion-title-3 fusion-sep-none fusion-title-text fusion-title-size-six\" style=\"--awb-text-color:#5ebfbb;--awb-margin-bottom:10px;--awb-margin-bottom-small:10px;\"><h6 class=\"fusion-title-heading title-heading-left fusion-responsive-typography-calculated\" style=\"margin:0;--fontSize:16;--minFontSize:16;line-height:1.3;\">VYPO\u010cUTIE PROGRAMU<\/h6><\/div><\/div><\/div><div class=\"fusion-layout-column fusion_builder_column fusion-builder-column-4 fusion_builder_column_1_2 1_2 fusion-flex-column fusion-animated\" style=\"--awb-bg-size:cover;--awb-width-large:50%;--awb-margin-top-large:0px;--awb-spacing-right-large:3.84%;--awb-margin-bottom-large:1px;--awb-spacing-left-large:3.84%;--awb-width-medium:60%;--awb-spacing-right-medium:3.2%;--awb-spacing-left-medium:3.2%;--awb-width-small:100%;--awb-spacing-right-small:1.92%;--awb-spacing-left-small:1.92%;\" data-animationType=\"fadeIn\" data-animationDuration=\"0.8\" data-animationOffset=\"top-into-view\"><div class=\"fusion-column-wrapper fusion-column-has-shadow fusion-flex-justify-content-flex-start fusion-content-layout-column\"><div class=\"fusion-title title fusion-title-4 fusion-sep-none fusion-title-text fusion-title-size-two\"><h2 class=\"fusion-title-heading title-heading-left fusion-responsive-typography-calculated\" style=\"margin:0;--fontSize:32;line-height:1.4;\">Za\u010dnite s rehabilit\u00e1ciou doma teraz!<\/h2><\/div><\/div><\/div><div class=\"fusion-layout-column fusion_builder_column fusion-builder-column-5 fusion_builder_column_1_4 1_4 fusion-flex-column fusion-no-small-visibility fusion-no-medium-visibility\" style=\"--awb-bg-size:cover;--awb-width-large:25%;--awb-margin-top-large:0px;--awb-spacing-right-large:21px;--awb-margin-bottom-large:10px;--awb-spacing-left-large:7.68%;--awb-width-medium:100%;--awb-spacing-right-medium:1.92%;--awb-spacing-left-medium:1.92%;--awb-width-small:100%;--awb-spacing-right-small:1.92%;--awb-spacing-left-small:1.92%;\"><div class=\"fusion-column-wrapper fusion-column-has-shadow fusion-flex-justify-content-flex-start fusion-content-layout-column\"><\/div><\/div><div class=\"fusion-layout-column fusion_builder_column fusion-builder-column-6 fusion_builder_column_1_4 1_4 fusion-flex-column fusion-animated\" style=\"--awb-bg-size:cover;--awb-width-large:25%;--awb-margin-top-large:18px;--awb-spacing-right-large:7.68%;--awb-margin-bottom-large:10px;--awb-spacing-left-large:21px;--awb-width-medium:40%;--awb-spacing-right-medium:4.8%;--awb-margin-bottom-medium:30px;--awb-spacing-left-medium:21px;--awb-width-small:100%;--awb-spacing-right-small:1.92%;--awb-spacing-left-small:1.92%;\" data-animationType=\"fadeIn\" data-animationDuration=\"0.8\" data-animationOffset=\"top-into-view\"><div class=\"fusion-column-wrapper fusion-column-has-shadow fusion-flex-justify-content-flex-start fusion-content-layout-column\"><div ><a class=\"fusion-button button-flat fusion-button-default-size button-custom fusion-button-default button-2 fusion-button-span-yes fusion-button-default-type\" style=\"--button_accent_color:#ffffff;--button_accent_hover_color:#ffffff;--button_border_hover_color:#000000;--button_gradient_top_color:#3d3b3b;--button_gradient_bottom_color:#3d3b3b;--button_gradient_top_color_hover:#5ebfbb;--button_gradient_bottom_color_hover:#5ebfbb;\" target=\"_self\" href=\"\/sk\/vsetky-epizody\/\"><i class=\"fa-th-large fas button-icon-left\" aria-hidden=\"true\"><\/i><span class=\"fusion-button-text\">V\u0161etky epiz\u00f3dy<\/span><\/a><\/div><\/div><\/div><div class=\"fusion-layout-column fusion_builder_column fusion-builder-column-7 fusion_builder_column_1_1 1_1 fusion-flex-column\" style=\"--awb-bg-size:cover;--awb-width-large:100%;--awb-margin-top-large:30px;--awb-spacing-right-large:1.92%;--awb-margin-bottom-large:10px;--awb-spacing-left-large:1.92%;--awb-width-medium:100%;--awb-order-medium:0;--awb-spacing-right-medium:1.92%;--awb-spacing-left-medium:1.92%;--awb-width-small:100%;--awb-order-small:0;--awb-spacing-right-small:1.92%;--awb-spacing-left-small:1.92%;\"><div class=\"fusion-column-wrapper fusion-column-has-shadow fusion-flex-justify-content-flex-start fusion-content-layout-column\"><div class=\"fusion-post-cards fusion-post-cards-1 fusion-grid-archive fusion-grid-columns-3\" style=\"--awb-column-spacing:25px;--awb-columns:3;--awb-active-filter-border-size:3px;--awb-filters-height:36px;--awb-row-spacing:25px;--awb-load-more-btn-bg-color:var(--awb-custom11);\"><ul class=\"fusion-grid fusion-grid-3 fusion-flex-align-items-flex-start fusion-grid-posts-cards\"><li class=\"fusion-layout-column fusion_builder_column fusion-builder-column-8 fusion-flex-column post-card fusion-grid-column fusion-post-cards-grid-column\" style=\"--awb-bg-color:#ffffff;--awb-bg-color-hover:#ffffff;--awb-bg-size:cover;\"><div class=\"fusion-column-wrapper fusion-column-has-shadow fusion-flex-justify-content-space-evenly fusion-content-layout-column\"><div class=\"fusion-classic-product-image-wrapper fusion-woo-product-image fusion-post-card-image fusion-post-card-image-1\" data-layout=\"static\"><div  class=\"fusion-image-wrapper\" aria-haspopup=\"true\">\n\t\t\t\t\t\t\t<a href=\"https:\/\/lifelonghearing.com\/sk\/vysvetlenie-zvukoveho-testu-ling-six\/\" aria-label=\"TEST LINGOV\u00ddCH ZVUKOV\">\n\t\t\t\t\t\t\t<img decoding=\"async\" width=\"1200\" height=\"558\" src=\"https:\/\/lifelonghearing.com\/sk\/wp-content\/uploads\/sites\/15\/2024\/03\/ling-six-sounds-scaled-e1709802970866-1200x558-1.jpg\" class=\"attachment-full size-full lazyload wp-post-image\" alt=\"\" srcset=\"data:image\/svg+xml,%3Csvg%20xmlns%3D%27http%3A%2F%2Fwww.w3.org%2F2000%2Fsvg%27%20width%3D%271200%27%20height%3D%27558%27%20viewBox%3D%270%200%201200%20558%27%3E%3Crect%20width%3D%271200%27%20height%3D%27558%27%20fill-opacity%3D%220%22%2F%3E%3C%2Fsvg%3E\" data-orig-src=\"https:\/\/lifelonghearing.com\/sk\/wp-content\/uploads\/sites\/15\/2024\/03\/ling-six-sounds-scaled-e1709802970866-1200x558-1.jpg\" data-srcset=\"https:\/\/lifelonghearing.com\/sk\/wp-content\/uploads\/sites\/15\/2024\/03\/ling-six-sounds-scaled-e1709802970866-1200x558-1-200x93.jpg 200w, https:\/\/lifelonghearing.com\/sk\/wp-content\/uploads\/sites\/15\/2024\/03\/ling-six-sounds-scaled-e1709802970866-1200x558-1-400x186.jpg 400w, https:\/\/lifelonghearing.com\/sk\/wp-content\/uploads\/sites\/15\/2024\/03\/ling-six-sounds-scaled-e1709802970866-1200x558-1-600x279.jpg 600w, https:\/\/lifelonghearing.com\/sk\/wp-content\/uploads\/sites\/15\/2024\/03\/ling-six-sounds-scaled-e1709802970866-1200x558-1-800x372.jpg 800w, https:\/\/lifelonghearing.com\/sk\/wp-content\/uploads\/sites\/15\/2024\/03\/ling-six-sounds-scaled-e1709802970866-1200x558-1.jpg 1200w\" data-sizes=\"auto\" \/>\t\t\t<\/a>\n\t\t\t\t\t\t\t<\/div>\n<\/div><div class=\"fusion-builder-row fusion-builder-row-inner fusion-row fusion-flex-align-items-flex-start fusion-flex-content-wrap\" style=\"width:104% !important;max-width:104% !important;margin-left: calc(-4% \/ 2 );margin-right: calc(-4% \/ 2 );\"><div class=\"fusion-layout-column fusion_builder_column_inner fusion-builder-nested-column-0 fusion_builder_column_inner_1_1 1_1 fusion-flex-column\" style=\"--awb-padding-top:30px;--awb-padding-right:40px;--awb-padding-bottom:30px;--awb-padding-left:40px;--awb-bg-color:#f9f9f9;--awb-bg-color-hover:#f9f9f9;--awb-bg-size:cover;--awb-width-large:100%;--awb-margin-top-large:0px;--awb-spacing-right-large:1.92%;--awb-margin-bottom-large:0px;--awb-spacing-left-large:1.92%;--awb-width-medium:100%;--awb-order-medium:0;--awb-spacing-right-medium:1.92%;--awb-spacing-left-medium:1.92%;--awb-width-small:100%;--awb-order-small:0;--awb-spacing-right-small:1.92%;--awb-spacing-left-small:1.92%;\"><div class=\"fusion-column-wrapper fusion-column-has-shadow fusion-flex-justify-content-flex-start fusion-content-layout-column\"><div class=\"fusion-title title fusion-title-5 fusion-sep-none fusion-title-text fusion-title-size-two\" style=\"--awb-margin-top:0px;--awb-margin-bottom:10px;--awb-font-size:20px;\"><h2 class=\"fusion-title-heading title-heading-left fusion-responsive-typography-calculated\" style=\"margin:0;font-size:1em;--fontSize:20;--minFontSize:20;line-height:1.5;\"><a href=\"https:\/\/lifelonghearing.com\/sk\/vysvetlenie-zvukoveho-testu-ling-six\/\" class=\"awb-custom-text-color awb-custom-text-hover-color\" target=\"_self\">TEST LINGOV\u00ddCH ZVUKOV<\/a><\/h2><\/div><div class=\"fusion-content-tb fusion-content-tb-1\" style=\"--awb-margin-bottom:-10px;--awb-margin-top:0px;--awb-content-alignment:left;--awb-text-transform:none;\"><p>\u010co je zvukov\u00fd test Ling Six? Rehabilit\u00e1cia so sluchov\u00fdm implant\u00e1tom je dlh\u00e1 no<\/p><\/div><div style=\"text-align:left;\"><a class=\"fusion-button button-flat button-large button-custom fusion-button-default button-3 fusion-button-default-span fusion-button-default-type\" style=\"--button_accent_color:#5ebfbb;--button_accent_hover_color:rgba(61,59,59,0.8);--button_border_hover_color:#000000;--button_gradient_top_color:rgba(255,255,255,0);--button_gradient_bottom_color:rgba(255,255,255,0);--button_gradient_top_color_hover:rgba(255,255,255,0);--button_gradient_bottom_color_hover:rgba(255,255,255,0);--button_margin-left:-30px;\" target=\"_self\" href=\"https:\/\/lifelonghearing.com\/sk\/vysvetlenie-zvukoveho-testu-ling-six\/\"><span class=\"fusion-button-text\">Read article<\/span><i class=\"fa-arrow-right fas button-icon-right\" aria-hidden=\"true\"><\/i><\/a><\/div><div class=\"fusion-meta-tb fusion-meta-tb-1 floated\" style=\"--awb-height:25px;--awb-text-color:#67615a;--awb-link-color:#5ebfbb;--awb-border-color:rgba(255,255,255,0);--awb-alignment-medium:flex-start;--awb-alignment-small:flex-start;\"><span class=\"fusion-tb-published-read-time\">2 min read<\/span><span class=\"fusion-meta-tb-sep\">|<\/span><\/div><\/div><\/div><\/div><\/div><\/li>\n<\/ul><\/div><\/div><\/div><\/div><\/div><\/p>\n","protected":false},"excerpt":{"rendered":"","protected":false},"author":4,"featured_media":0,"parent":0,"menu_order":0,"comment_status":"closed","ping_status":"closed","template":"100-width.php","meta":{"_acf_changed":false,"footnotes":""},"class_list":["post-30446","page","type-page","status-publish","hentry"],"yoast_head":"<!-- This site is optimized with the Yoast SEO plugin v24.3 - https:\/\/yoast.com\/wordpress\/plugins\/seo\/ -->\n<title>Rehab At Home - Slovak<\/title>\n<meta name=\"robots\" content=\"index, follow, max-snippet:-1, max-image-preview:large, max-video-preview:-1\" \/>\n<link rel=\"canonical\" href=\"https:\/\/lifelonghearing.com\/sk\/podcast-hearing\/\" \/>\n<meta property=\"og:locale\" content=\"en_US\" \/>\n<meta property=\"og:type\" content=\"article\" \/>\n<meta property=\"og:title\" content=\"Rehab At Home - Slovak\" \/>\n<meta property=\"og:url\" content=\"https:\/\/lifelonghearing.com\/sk\/podcast-hearing\/\" \/>\n<meta property=\"og:site_name\" content=\"Slovak\" \/>\n<meta property=\"article:modified_time\" content=\"2025-04-25T10:25:35+00:00\" \/>\n<meta name=\"twitter:card\" content=\"summary_large_image\" \/>\n<meta name=\"twitter:label1\" content=\"Est. reading time\" \/>\n\t<meta name=\"twitter:data1\" content=\"11 minutes\" \/>\n<script type=\"application\/ld+json\" class=\"yoast-schema-graph\">{\"@context\":\"https:\/\/schema.org\",\"@graph\":[{\"@type\":\"WebPage\",\"@id\":\"https:\/\/lifelonghearing.com\/sk\/podcast-hearing\/\",\"url\":\"https:\/\/lifelonghearing.com\/sk\/podcast-hearing\/\",\"name\":\"Rehab At Home - Slovak\",\"isPartOf\":{\"@id\":\"https:\/\/lifelonghearing.com\/sk\/#website\"},\"datePublished\":\"2025-01-01T12:49:34+00:00\",\"dateModified\":\"2025-04-25T10:25:35+00:00\",\"breadcrumb\":{\"@id\":\"https:\/\/lifelonghearing.com\/sk\/podcast-hearing\/#breadcrumb\"},\"inLanguage\":\"en-US\",\"potentialAction\":[{\"@type\":\"ReadAction\",\"target\":[\"https:\/\/lifelonghearing.com\/sk\/podcast-hearing\/\"]}]},{\"@type\":\"BreadcrumbList\",\"@id\":\"https:\/\/lifelonghearing.com\/sk\/podcast-hearing\/#breadcrumb\",\"itemListElement\":[{\"@type\":\"ListItem\",\"position\":1,\"name\":\"Home\",\"item\":\"https:\/\/lifelonghearing.com\/sk\/\"},{\"@type\":\"ListItem\",\"position\":2,\"name\":\"Rehab At Home\"}]},{\"@type\":\"WebSite\",\"@id\":\"https:\/\/lifelonghearing.com\/sk\/#website\",\"url\":\"https:\/\/lifelonghearing.com\/sk\/\",\"name\":\"Slovak\",\"description\":\"\",\"potentialAction\":[{\"@type\":\"SearchAction\",\"target\":{\"@type\":\"EntryPoint\",\"urlTemplate\":\"https:\/\/lifelonghearing.com\/sk\/?s={search_term_string}\"},\"query-input\":{\"@type\":\"PropertyValueSpecification\",\"valueRequired\":true,\"valueName\":\"search_term_string\"}}],\"inLanguage\":\"en-US\"}]}<\/script>\n<!-- \/ Yoast SEO plugin. -->","yoast_head_json":{"title":"Rehab At Home - Slovak","robots":{"index":"index","follow":"follow","max-snippet":"max-snippet:-1","max-image-preview":"max-image-preview:large","max-video-preview":"max-video-preview:-1"},"canonical":"https:\/\/lifelonghearing.com\/sk\/podcast-hearing\/","og_locale":"en_US","og_type":"article","og_title":"Rehab At Home - Slovak","og_url":"https:\/\/lifelonghearing.com\/sk\/podcast-hearing\/","og_site_name":"Slovak","article_modified_time":"2025-04-25T10:25:35+00:00","twitter_card":"summary_large_image","twitter_misc":{"Est. reading time":"11 minutes"},"schema":{"@context":"https:\/\/schema.org","@graph":[{"@type":"WebPage","@id":"https:\/\/lifelonghearing.com\/sk\/podcast-hearing\/","url":"https:\/\/lifelonghearing.com\/sk\/podcast-hearing\/","name":"Rehab At Home - Slovak","isPartOf":{"@id":"https:\/\/lifelonghearing.com\/sk\/#website"},"datePublished":"2025-01-01T12:49:34+00:00","dateModified":"2025-04-25T10:25:35+00:00","breadcrumb":{"@id":"https:\/\/lifelonghearing.com\/sk\/podcast-hearing\/#breadcrumb"},"inLanguage":"en-US","potentialAction":[{"@type":"ReadAction","target":["https:\/\/lifelonghearing.com\/sk\/podcast-hearing\/"]}]},{"@type":"BreadcrumbList","@id":"https:\/\/lifelonghearing.com\/sk\/podcast-hearing\/#breadcrumb","itemListElement":[{"@type":"ListItem","position":1,"name":"Home","item":"https:\/\/lifelonghearing.com\/sk\/"},{"@type":"ListItem","position":2,"name":"Rehab At Home"}]},{"@type":"WebSite","@id":"https:\/\/lifelonghearing.com\/sk\/#website","url":"https:\/\/lifelonghearing.com\/sk\/","name":"Slovak","description":"","potentialAction":[{"@type":"SearchAction","target":{"@type":"EntryPoint","urlTemplate":"https:\/\/lifelonghearing.com\/sk\/?s={search_term_string}"},"query-input":{"@type":"PropertyValueSpecification","valueRequired":true,"valueName":"search_term_string"}}],"inLanguage":"en-US"}]}},"acf":[],"_links":{"self":[{"href":"https:\/\/lifelonghearing.com\/sk\/wp-json\/wp\/v2\/pages\/30446","targetHints":{"allow":["GET"]}}],"collection":[{"href":"https:\/\/lifelonghearing.com\/sk\/wp-json\/wp\/v2\/pages"}],"about":[{"href":"https:\/\/lifelonghearing.com\/sk\/wp-json\/wp\/v2\/types\/page"}],"author":[{"embeddable":true,"href":"https:\/\/lifelonghearing.com\/sk\/wp-json\/wp\/v2\/users\/4"}],"replies":[{"embeddable":true,"href":"https:\/\/lifelonghearing.com\/sk\/wp-json\/wp\/v2\/comments?post=30446"}],"version-history":[{"count":11,"href":"https:\/\/lifelonghearing.com\/sk\/wp-json\/wp\/v2\/pages\/30446\/revisions"}],"predecessor-version":[{"id":32755,"href":"https:\/\/lifelonghearing.com\/sk\/wp-json\/wp\/v2\/pages\/30446\/revisions\/32755"}],"wp:attachment":[{"href":"https:\/\/lifelonghearing.com\/sk\/wp-json\/wp\/v2\/media?parent=30446"}],"curies":[{"name":"wp","href":"https:\/\/api.w.org\/{rel}","templated":true}]}}