{"id":30407,"date":"2025-01-01T12:32:00","date_gmt":"2025-01-01T12:32:00","guid":{"rendered":"https:\/\/lifelonghearing.com\/sk\/?page_id=30407"},"modified":"2025-04-25T06:40:40","modified_gmt":"2025-04-25T06:40:40","slug":"pocuvajte-obidvoma-usami","status":"publish","type":"page","link":"https:\/\/lifelonghearing.com\/sk\/prehlad\/pocuvajte-obidvoma-usami\/","title":{"rendered":"Po\u010dujte na obe u\u0161i"},"content":{"rendered":"<p><div class=\"fusion-fullwidth fullwidth-box fusion-builder-row-1 nonhundred-percent-fullwidth non-hundred-percent-height-scrolling\" style=\"--awb-border-radius-top-left:0px;--awb-border-radius-top-right:0px;--awb-border-radius-bottom-right:0px;--awb-border-radius-bottom-left:0px;--awb-padding-top:40px;--awb-padding-right:60px;--awb-padding-bottom:40px;--awb-padding-left:60px;--awb-margin-bottom:30px;--awb-background-color:#5ebfbb;--awb-flex-wrap:wrap;\" ><div class=\"fusion-builder-row fusion-row\"><div class=\"fusion-layout-column fusion_builder_column fusion-builder-column-0 fusion_builder_column_1_3 1_3 fusion-one-third fusion-column-first\" style=\"--awb-bg-size:cover;width:33.333333333333%;width:calc(33.333333333333% - ( ( 4% ) * 0.33333333333333 ) );margin-right: 4%;\"><div class=\"fusion-column-wrapper fusion-column-has-shadow fusion-flex-column-wrapper-legacy\"><div class=\"fusion-image-element in-legacy-container\" style=\"--awb-max-width:220px;--awb-caption-title-font-family:var(--h2_typography-font-family);--awb-caption-title-font-weight:var(--h2_typography-font-weight);--awb-caption-title-font-style:var(--h2_typography-font-style);--awb-caption-title-size:var(--h2_typography-font-size);--awb-caption-title-transform:var(--h2_typography-text-transform);--awb-caption-title-line-height:var(--h2_typography-line-height);--awb-caption-title-letter-spacing:var(--h2_typography-letter-spacing);\"><span class=\" fusion-imageframe imageframe-none imageframe-1 hover-type-none\"><img decoding=\"async\" width=\"349\" height=\"328\" title=\"beidseitig\" src=\"https:\/\/lifelonghearing.com\/sk\/wp-content\/uploads\/sites\/15\/2025\/01\/beidseitig.png\" data-orig-src=\"https:\/\/lifelonghearing.com\/sk\/wp-content\/uploads\/sites\/15\/2025\/01\/beidseitig.png\" alt class=\"lazyload img-responsive wp-image-30491\" srcset=\"data:image\/svg+xml,%3Csvg%20xmlns%3D%27http%3A%2F%2Fwww.w3.org%2F2000%2Fsvg%27%20width%3D%27349%27%20height%3D%27328%27%20viewBox%3D%270%200%20349%20328%27%3E%3Crect%20width%3D%27349%27%20height%3D%27328%27%20fill-opacity%3D%220%22%2F%3E%3C%2Fsvg%3E\" data-srcset=\"https:\/\/lifelonghearing.com\/sk\/wp-content\/uploads\/sites\/15\/2025\/01\/beidseitig-200x188.png 200w, https:\/\/lifelonghearing.com\/sk\/wp-content\/uploads\/sites\/15\/2025\/01\/beidseitig.png 349w\" data-sizes=\"auto\" data-orig-sizes=\"(max-width: 991px) 100vw, 349px\" \/><\/span><\/div><div class=\"fusion-clearfix\"><\/div><\/div><\/div><div class=\"fusion-layout-column fusion_builder_column fusion-builder-column-1 fusion_builder_column_2_3 2_3 fusion-two-third fusion-column-last\" style=\"--awb-bg-size:cover;width:66.666666666667%;width:calc(66.666666666667% - ( ( 4% ) * 0.66666666666667 ) );\"><div class=\"fusion-column-wrapper fusion-column-has-shadow fusion-flex-column-wrapper-legacy\"><div class=\"fusion-title title fusion-title-1 fusion-sep-none fusion-title-text fusion-title-size-one\" style=\"--awb-text-color:#ffffff;\"><h1 class=\"fusion-title-heading title-heading-left fusion-responsive-typography-calculated\" style=\"margin:0;--fontSize:45;line-height:1.4;\">Po\u010dujte na obe u\u0161i<\/h1><\/div><div class=\"fusion-text fusion-text-1\" style=\"--awb-text-color:var(--awb-color1);\"><p><strong>V na\u0161ej s\u00e9rii \u010dl\u00e1nkov s n\u00e1zvom \u201ePo\u010d\u00favanie obidvoma u\u0161ami\u201c zist\u00edte, pre\u010do je po\u010d\u00favanie obidvoma u\u0161ami tak d\u00f4le\u017eit\u00e9. \u010cl\u00e1nky sa zaoberaj\u00fa t\u00e9mami ako po\u010d\u00favanie prostredn\u00edctvom bilater\u00e1lnych kochle\u00e1rnych implant\u00e1tov, kombin\u00e1cia na\u010d\u00favacieho pr\u00edstroja a kochle\u00e1rneho implant\u00e1tu, jednostrann\u00e1 hluchota a mnoh\u00fdmi \u010fal\u0161\u00edmi.<\/strong><\/p>\n<\/div><div class=\"fusion-clearfix\"><\/div><\/div><\/div><\/div><\/div><div class=\"fusion-fullwidth fullwidth-box fusion-builder-row-2 nonhundred-percent-fullwidth non-hundred-percent-height-scrolling fusion-equal-height-columns\" style=\"--awb-background-position:left top;--awb-background-repeat:repeat;--awb-border-sizes-top:0px;--awb-border-sizes-bottom:0px;--awb-border-sizes-left:0px;--awb-border-sizes-right:0px;--awb-border-color:rgba(255,255,255,.05);--awb-border-radius-top-left:0px;--awb-border-radius-top-right:0px;--awb-border-radius-bottom-right:0px;--awb-border-radius-bottom-left:0px;--awb-padding-top:40px;--awb-padding-bottom:60px;--awb-flex-wrap:wrap;\" ><div class=\"fusion-builder-row fusion-row\"><div class=\"fusion-layout-column fusion_builder_column fusion-builder-column-2 fusion_builder_column_1_1 1_1 fusion-one-full fusion-column-first fusion-column-last\" style=\"--awb-bg-size:cover;\"><div class=\"fusion-column-wrapper fusion-column-has-shadow fusion-flex-column-wrapper-legacy\"><div class=\"fusion-column-content-centered\"><div class=\"fusion-column-content\"><div class=\"fusion-blog-shortcode fusion-blog-shortcode-1 fusion-blog-archive fusion-blog-layout-grid-wrapper fusion-blog-no\"><style type=\"text\/css\">.fusion-blog-shortcode-1 .fusion-blog-layout-grid .fusion-post-grid{padding:20px;}.fusion-blog-shortcode-1 .fusion-posts-container{margin-left: -20px !important; margin-right:-20px !important;}<\/style><div class=\"fusion-posts-container fusion-posts-container-no fusion-blog-layout-grid fusion-blog-layout-grid-3 isotope fusion-blog-equal-heights\" data-pages=\"1\" data-grid-col-space=\"40\" style=\"margin: -20px -20px 0;min-height:500px;\"><article id=\"blog-1-post-243\" class=\"fusion-post-grid post-243 post type-post status-publish format-standard has-post-thumbnail hentry category-zdravie tag-bilateral tag-training-tips\">\n<div class=\"fusion-post-wrapper\" style=\"background-color:rgba(255,255,255,1);border:none;\">\n\n\t\t\t<div class=\"fusion-flexslider flexslider fusion-flexslider-loading fusion-post-slideshow\" style=\"border-color:rgba(255,255,255,0);\">\n\t\t<ul class=\"slides\">\n\t\t\t\n\t\t\t\t\t\t\t\t\t\t\t\t\t\t<li><div  class=\"fusion-image-wrapper\" aria-haspopup=\"true\">\n\t\t\t\t\t\t\t<a href=\"https:\/\/lifelonghearing.com\/sk\/cvicenie-druhej-strany\/\" aria-label=\"Cvi\u010denie druhej strany\">\n\t\t\t\t\t\t\t<img decoding=\"async\" width=\"1400\" height=\"561\" src=\"https:\/\/lifelonghearing.com\/sk\/wp-content\/uploads\/sites\/15\/2020\/06\/thumb-second.jpg\" class=\"attachment-full size-full lazyload wp-post-image\" alt=\"\" srcset=\"data:image\/svg+xml,%3Csvg%20xmlns%3D%27http%3A%2F%2Fwww.w3.org%2F2000%2Fsvg%27%20width%3D%271400%27%20height%3D%27561%27%20viewBox%3D%270%200%201400%20561%27%3E%3Crect%20width%3D%271400%27%20height%3D%27561%27%20fill-opacity%3D%220%22%2F%3E%3C%2Fsvg%3E\" data-orig-src=\"https:\/\/lifelonghearing.com\/sk\/wp-content\/uploads\/sites\/15\/2020\/06\/thumb-second.jpg\" data-srcset=\"https:\/\/lifelonghearing.com\/sk\/wp-content\/uploads\/sites\/15\/2020\/06\/thumb-second-200x80.jpg 200w, https:\/\/lifelonghearing.com\/sk\/wp-content\/uploads\/sites\/15\/2020\/06\/thumb-second-400x160.jpg 400w, https:\/\/lifelonghearing.com\/sk\/wp-content\/uploads\/sites\/15\/2020\/06\/thumb-second-600x240.jpg 600w, https:\/\/lifelonghearing.com\/sk\/wp-content\/uploads\/sites\/15\/2020\/06\/thumb-second-800x321.jpg 800w, https:\/\/lifelonghearing.com\/sk\/wp-content\/uploads\/sites\/15\/2020\/06\/thumb-second-1200x481.jpg 1200w, https:\/\/lifelonghearing.com\/sk\/wp-content\/uploads\/sites\/15\/2020\/06\/thumb-second.jpg 1400w\" data-sizes=\"auto\" \/>\t\t\t<\/a>\n\t\t\t\t\t\t\t<\/div>\n<\/li>\n\t\t\t\n\t\t\t\n\t\t\t\t\t\t\t\t\t\t\t\t\t\t\t\t\t\t\t\t\t\t\t\t\t\t\t\t\t\t\t\t\t\t\t\t\t\t\t\t\t\t\t\t\t\t\t\t\t\t\t\t\t\t\t\t\t\t\t\t\t\t\t\t\t\t\t\t<\/ul>\n\t<\/div>\n\t<div class=\"fusion-post-content-wrapper\" style=\"padding:15px 25px 15px 25px;\"><div class=\"fusion-post-content post-content\"><h2 class=\"blog-shortcode-post-title entry-title\"><a href=\"https:\/\/lifelonghearing.com\/sk\/cvicenie-druhej-strany\/\">Cvi\u010denie druhej strany<\/a><\/h2><div class=\"fusion-content-sep sep-none\"><\/div><div class=\"fusion-post-content-container\"><p>Ak chc\u00fa pou\u017e\u00edvatelia vy\u0165a\u017ei\u0165 s kochle\u00e1rneho implant\u00e1tu maximum, mali by pravidelne tr\u00e9nova\u0165, rovnako ako s prv\u00fdm implant\u00e1tom.<\/p><\/div><\/div><div class=\"fusion-meta-info\"><div class=\"fusion-alignleft\"><a class=\"fusion-read-more\" href=\"https:\/\/lifelonghearing.com\/sk\/cvicenie-druhej-strany\/\" aria-label=\"More on Cvi\u010denie druhej strany\">Read More<\/a><\/div><\/div><\/div><div class=\"fusion-clearfix\"><\/div><\/div>\n<\/article>\n<article id=\"blog-1-post-231\" class=\"fusion-post-grid post-231 post type-post status-publish format-standard has-post-thumbnail hentry category-zivot-sk tag-bilateral tag-ci-children tag-unilateral-hearing-loss\">\n<div class=\"fusion-post-wrapper\" style=\"background-color:rgba(255,255,255,1);border:none;\">\n\n\t\t\t<div class=\"fusion-flexslider flexslider fusion-flexslider-loading fusion-post-slideshow\" style=\"border-color:rgba(255,255,255,0);\">\n\t\t<ul class=\"slides\">\n\t\t\t\n\t\t\t\t\t\t\t\t\t\t\t\t\t\t<li><div  class=\"fusion-image-wrapper\" aria-haspopup=\"true\">\n\t\t\t\t\t\t\t<a href=\"https:\/\/lifelonghearing.com\/sk\/kochlearny-implantat-pri-jednostrannej-hluchote-valentinov-pribeh\/\" aria-label=\"Kochle\u00e1rny implant\u00e1t pri jednostrannej hluchote: Valentinov pr\u00edbeh\">\n\t\t\t\t\t\t\t<img decoding=\"async\" width=\"1200\" height=\"481\" src=\"https:\/\/lifelonghearing.com\/sk\/wp-content\/uploads\/sites\/15\/2020\/06\/thumb-valentin-1200x481-1.jpg\" class=\"attachment-full size-full lazyload wp-post-image\" alt=\"\" srcset=\"data:image\/svg+xml,%3Csvg%20xmlns%3D%27http%3A%2F%2Fwww.w3.org%2F2000%2Fsvg%27%20width%3D%271200%27%20height%3D%27481%27%20viewBox%3D%270%200%201200%20481%27%3E%3Crect%20width%3D%271200%27%20height%3D%27481%27%20fill-opacity%3D%220%22%2F%3E%3C%2Fsvg%3E\" data-orig-src=\"https:\/\/lifelonghearing.com\/sk\/wp-content\/uploads\/sites\/15\/2020\/06\/thumb-valentin-1200x481-1.jpg\" data-srcset=\"https:\/\/lifelonghearing.com\/sk\/wp-content\/uploads\/sites\/15\/2020\/06\/thumb-valentin-1200x481-1-200x80.jpg 200w, https:\/\/lifelonghearing.com\/sk\/wp-content\/uploads\/sites\/15\/2020\/06\/thumb-valentin-1200x481-1-400x160.jpg 400w, https:\/\/lifelonghearing.com\/sk\/wp-content\/uploads\/sites\/15\/2020\/06\/thumb-valentin-1200x481-1-600x241.jpg 600w, https:\/\/lifelonghearing.com\/sk\/wp-content\/uploads\/sites\/15\/2020\/06\/thumb-valentin-1200x481-1-800x321.jpg 800w, https:\/\/lifelonghearing.com\/sk\/wp-content\/uploads\/sites\/15\/2020\/06\/thumb-valentin-1200x481-1.jpg 1200w\" data-sizes=\"auto\" \/>\t\t\t<\/a>\n\t\t\t\t\t\t\t<\/div>\n<\/li>\n\t\t\t\n\t\t\t\n\t\t\t\t\t\t\t\t\t\t\t\t\t\t\t\t\t\t\t\t\t\t\t\t\t\t\t\t\t\t\t\t\t\t\t\t\t\t\t\t\t\t\t\t\t\t\t\t\t\t\t\t\t\t\t\t\t\t\t\t\t\t\t\t\t\t\t\t<\/ul>\n\t<\/div>\n\t<div class=\"fusion-post-content-wrapper\" style=\"padding:15px 25px 15px 25px;\"><div class=\"fusion-post-content post-content\"><h2 class=\"blog-shortcode-post-title entry-title\"><a href=\"https:\/\/lifelonghearing.com\/sk\/kochlearny-implantat-pri-jednostrannej-hluchote-valentinov-pribeh\/\">Kochle\u00e1rny implant\u00e1t pri jednostrannej hluchote: Valentinov pr\u00edbeh<\/a><\/h2><div class=\"fusion-content-sep sep-none\"><\/div><div class=\"fusion-post-content-container\"><p>Trin\u00e1s\u0165ro\u010dn\u00fd Valentin z Rak\u00faska po\u010dul sedem rokov len na jedno ucho. Aj napriek tomu, \u017ee sa o jeho strate sluchu dlho nevedelo<\/p><\/div><\/div><div class=\"fusion-meta-info\"><div class=\"fusion-alignleft\"><a class=\"fusion-read-more\" href=\"https:\/\/lifelonghearing.com\/sk\/kochlearny-implantat-pri-jednostrannej-hluchote-valentinov-pribeh\/\" aria-label=\"More on Kochle\u00e1rny implant\u00e1t pri jednostrannej hluchote: Valentinov pr\u00edbeh\">Read More<\/a><\/div><\/div><\/div><div class=\"fusion-clearfix\"><\/div><\/div>\n<\/article>\n<div class=\"fusion-clearfix\"><\/div><\/div><\/div><\/div><\/div><div class=\"fusion-clearfix\"><\/div><\/div><\/div><\/div><\/div><\/p>\n","protected":false},"excerpt":{"rendered":"","protected":false},"author":4,"featured_media":0,"parent":30401,"menu_order":0,"comment_status":"closed","ping_status":"closed","template":"","meta":{"_acf_changed":false,"footnotes":""},"class_list":["post-30407","page","type-page","status-publish","hentry"],"yoast_head":"<!-- This site is optimized with the Yoast SEO plugin v24.3 - https:\/\/yoast.com\/wordpress\/plugins\/seo\/ -->\n<title>Po\u010dujte na obe u\u0161i - Slovak<\/title>\n<meta name=\"description\" content=\"V na\u0161ej s\u00e9rii \u010dl\u00e1nkov s n\u00e1zvom \u201ePo\u010d\u00favanie obidvoma u\u0161ami\u201c zist\u00edte, pre\u010do je po\u010d\u00favanie obidvoma u\u0161ami tak d\u00f4le\u017eit\u00e9. \u010cl\u00e1nky sa zaoberaj\u00fa t\u00e9mami ako po\u010d\u00favanie prostredn\u00edctvom bilater\u00e1lnych kochle\u00e1rnych implant\u00e1tov, kombin\u00e1cia na\u010d\u00favacieho pr\u00edstroja a kochle\u00e1rneho implant\u00e1tu, jednostrann\u00e1 hluchota a mnoh\u00fdmi \u010fal\u0161\u00edmi.\" \/>\n<meta name=\"robots\" content=\"index, follow, max-snippet:-1, max-image-preview:large, max-video-preview:-1\" \/>\n<link rel=\"canonical\" href=\"https:\/\/lifelonghearing.com\/sk\/prehlad\/pocuvajte-obidvoma-usami\/\" \/>\n<meta property=\"og:locale\" content=\"en_US\" \/>\n<meta property=\"og:type\" content=\"article\" \/>\n<meta property=\"og:title\" content=\"Po\u010dujte na obe u\u0161i - Slovak\" \/>\n<meta property=\"og:description\" content=\"V na\u0161ej s\u00e9rii \u010dl\u00e1nkov s n\u00e1zvom \u201ePo\u010d\u00favanie obidvoma u\u0161ami\u201c zist\u00edte, pre\u010do je po\u010d\u00favanie obidvoma u\u0161ami tak d\u00f4le\u017eit\u00e9. \u010cl\u00e1nky sa zaoberaj\u00fa t\u00e9mami ako po\u010d\u00favanie prostredn\u00edctvom bilater\u00e1lnych kochle\u00e1rnych implant\u00e1tov, kombin\u00e1cia na\u010d\u00favacieho pr\u00edstroja a kochle\u00e1rneho implant\u00e1tu, jednostrann\u00e1 hluchota a mnoh\u00fdmi \u010fal\u0161\u00edmi.\" \/>\n<meta property=\"og:url\" content=\"https:\/\/lifelonghearing.com\/sk\/prehlad\/pocuvajte-obidvoma-usami\/\" \/>\n<meta property=\"og:site_name\" content=\"Slovak\" \/>\n<meta property=\"article:modified_time\" content=\"2025-04-25T06:40:40+00:00\" \/>\n<meta name=\"twitter:card\" content=\"summary_large_image\" \/>\n<meta name=\"twitter:label1\" content=\"Est. reading time\" \/>\n\t<meta name=\"twitter:data1\" content=\"5 minutes\" \/>\n<script type=\"application\/ld+json\" class=\"yoast-schema-graph\">{\"@context\":\"https:\/\/schema.org\",\"@graph\":[{\"@type\":\"WebPage\",\"@id\":\"https:\/\/lifelonghearing.com\/sk\/prehlad\/pocuvajte-obidvoma-usami\/\",\"url\":\"https:\/\/lifelonghearing.com\/sk\/prehlad\/pocuvajte-obidvoma-usami\/\",\"name\":\"Po\u010dujte na obe u\u0161i - Slovak\",\"isPartOf\":{\"@id\":\"https:\/\/lifelonghearing.com\/sk\/#website\"},\"datePublished\":\"2025-01-01T12:32:00+00:00\",\"dateModified\":\"2025-04-25T06:40:40+00:00\",\"description\":\"V na\u0161ej s\u00e9rii \u010dl\u00e1nkov s n\u00e1zvom \u201ePo\u010d\u00favanie obidvoma u\u0161ami\u201c zist\u00edte, pre\u010do je po\u010d\u00favanie obidvoma u\u0161ami tak d\u00f4le\u017eit\u00e9. \u010cl\u00e1nky sa zaoberaj\u00fa t\u00e9mami ako po\u010d\u00favanie prostredn\u00edctvom bilater\u00e1lnych kochle\u00e1rnych implant\u00e1tov, kombin\u00e1cia na\u010d\u00favacieho pr\u00edstroja a kochle\u00e1rneho implant\u00e1tu, jednostrann\u00e1 hluchota a mnoh\u00fdmi \u010fal\u0161\u00edmi.\",\"breadcrumb\":{\"@id\":\"https:\/\/lifelonghearing.com\/sk\/prehlad\/pocuvajte-obidvoma-usami\/#breadcrumb\"},\"inLanguage\":\"en-US\",\"potentialAction\":[{\"@type\":\"ReadAction\",\"target\":[\"https:\/\/lifelonghearing.com\/sk\/prehlad\/pocuvajte-obidvoma-usami\/\"]}]},{\"@type\":\"BreadcrumbList\",\"@id\":\"https:\/\/lifelonghearing.com\/sk\/prehlad\/pocuvajte-obidvoma-usami\/#breadcrumb\",\"itemListElement\":[{\"@type\":\"ListItem\",\"position\":1,\"name\":\"Home\",\"item\":\"https:\/\/lifelonghearing.com\/sk\/\"},{\"@type\":\"ListItem\",\"position\":2,\"name\":\"\u010casopis o sluchov\u00fdch implant\u00e1toch\",\"item\":\"https:\/\/lifelonghearing.com\/sk\/prehlad\/\"},{\"@type\":\"ListItem\",\"position\":3,\"name\":\"Po\u010dujte na obe u\u0161i\"}]},{\"@type\":\"WebSite\",\"@id\":\"https:\/\/lifelonghearing.com\/sk\/#website\",\"url\":\"https:\/\/lifelonghearing.com\/sk\/\",\"name\":\"Slovak\",\"description\":\"\",\"potentialAction\":[{\"@type\":\"SearchAction\",\"target\":{\"@type\":\"EntryPoint\",\"urlTemplate\":\"https:\/\/lifelonghearing.com\/sk\/?s={search_term_string}\"},\"query-input\":{\"@type\":\"PropertyValueSpecification\",\"valueRequired\":true,\"valueName\":\"search_term_string\"}}],\"inLanguage\":\"en-US\"}]}<\/script>\n<!-- \/ Yoast SEO plugin. -->","yoast_head_json":{"title":"Po\u010dujte na obe u\u0161i - Slovak","description":"V na\u0161ej s\u00e9rii \u010dl\u00e1nkov s n\u00e1zvom \u201ePo\u010d\u00favanie obidvoma u\u0161ami\u201c zist\u00edte, pre\u010do je po\u010d\u00favanie obidvoma u\u0161ami tak d\u00f4le\u017eit\u00e9. \u010cl\u00e1nky sa zaoberaj\u00fa t\u00e9mami ako po\u010d\u00favanie prostredn\u00edctvom bilater\u00e1lnych kochle\u00e1rnych implant\u00e1tov, kombin\u00e1cia na\u010d\u00favacieho pr\u00edstroja a kochle\u00e1rneho implant\u00e1tu, jednostrann\u00e1 hluchota a mnoh\u00fdmi \u010fal\u0161\u00edmi.","robots":{"index":"index","follow":"follow","max-snippet":"max-snippet:-1","max-image-preview":"max-image-preview:large","max-video-preview":"max-video-preview:-1"},"canonical":"https:\/\/lifelonghearing.com\/sk\/prehlad\/pocuvajte-obidvoma-usami\/","og_locale":"en_US","og_type":"article","og_title":"Po\u010dujte na obe u\u0161i - Slovak","og_description":"V na\u0161ej s\u00e9rii \u010dl\u00e1nkov s n\u00e1zvom \u201ePo\u010d\u00favanie obidvoma u\u0161ami\u201c zist\u00edte, pre\u010do je po\u010d\u00favanie obidvoma u\u0161ami tak d\u00f4le\u017eit\u00e9. \u010cl\u00e1nky sa zaoberaj\u00fa t\u00e9mami ako po\u010d\u00favanie prostredn\u00edctvom bilater\u00e1lnych kochle\u00e1rnych implant\u00e1tov, kombin\u00e1cia na\u010d\u00favacieho pr\u00edstroja a kochle\u00e1rneho implant\u00e1tu, jednostrann\u00e1 hluchota a mnoh\u00fdmi \u010fal\u0161\u00edmi.","og_url":"https:\/\/lifelonghearing.com\/sk\/prehlad\/pocuvajte-obidvoma-usami\/","og_site_name":"Slovak","article_modified_time":"2025-04-25T06:40:40+00:00","twitter_card":"summary_large_image","twitter_misc":{"Est. reading time":"5 minutes"},"schema":{"@context":"https:\/\/schema.org","@graph":[{"@type":"WebPage","@id":"https:\/\/lifelonghearing.com\/sk\/prehlad\/pocuvajte-obidvoma-usami\/","url":"https:\/\/lifelonghearing.com\/sk\/prehlad\/pocuvajte-obidvoma-usami\/","name":"Po\u010dujte na obe u\u0161i - Slovak","isPartOf":{"@id":"https:\/\/lifelonghearing.com\/sk\/#website"},"datePublished":"2025-01-01T12:32:00+00:00","dateModified":"2025-04-25T06:40:40+00:00","description":"V na\u0161ej s\u00e9rii \u010dl\u00e1nkov s n\u00e1zvom \u201ePo\u010d\u00favanie obidvoma u\u0161ami\u201c zist\u00edte, pre\u010do je po\u010d\u00favanie obidvoma u\u0161ami tak d\u00f4le\u017eit\u00e9. \u010cl\u00e1nky sa zaoberaj\u00fa t\u00e9mami ako po\u010d\u00favanie prostredn\u00edctvom bilater\u00e1lnych kochle\u00e1rnych implant\u00e1tov, kombin\u00e1cia na\u010d\u00favacieho pr\u00edstroja a kochle\u00e1rneho implant\u00e1tu, jednostrann\u00e1 hluchota a mnoh\u00fdmi \u010fal\u0161\u00edmi.","breadcrumb":{"@id":"https:\/\/lifelonghearing.com\/sk\/prehlad\/pocuvajte-obidvoma-usami\/#breadcrumb"},"inLanguage":"en-US","potentialAction":[{"@type":"ReadAction","target":["https:\/\/lifelonghearing.com\/sk\/prehlad\/pocuvajte-obidvoma-usami\/"]}]},{"@type":"BreadcrumbList","@id":"https:\/\/lifelonghearing.com\/sk\/prehlad\/pocuvajte-obidvoma-usami\/#breadcrumb","itemListElement":[{"@type":"ListItem","position":1,"name":"Home","item":"https:\/\/lifelonghearing.com\/sk\/"},{"@type":"ListItem","position":2,"name":"\u010casopis o sluchov\u00fdch implant\u00e1toch","item":"https:\/\/lifelonghearing.com\/sk\/prehlad\/"},{"@type":"ListItem","position":3,"name":"Po\u010dujte na obe u\u0161i"}]},{"@type":"WebSite","@id":"https:\/\/lifelonghearing.com\/sk\/#website","url":"https:\/\/lifelonghearing.com\/sk\/","name":"Slovak","description":"","potentialAction":[{"@type":"SearchAction","target":{"@type":"EntryPoint","urlTemplate":"https:\/\/lifelonghearing.com\/sk\/?s={search_term_string}"},"query-input":{"@type":"PropertyValueSpecification","valueRequired":true,"valueName":"search_term_string"}}],"inLanguage":"en-US"}]}},"acf":[],"_links":{"self":[{"href":"https:\/\/lifelonghearing.com\/sk\/wp-json\/wp\/v2\/pages\/30407","targetHints":{"allow":["GET"]}}],"collection":[{"href":"https:\/\/lifelonghearing.com\/sk\/wp-json\/wp\/v2\/pages"}],"about":[{"href":"https:\/\/lifelonghearing.com\/sk\/wp-json\/wp\/v2\/types\/page"}],"author":[{"embeddable":true,"href":"https:\/\/lifelonghearing.com\/sk\/wp-json\/wp\/v2\/users\/4"}],"replies":[{"embeddable":true,"href":"https:\/\/lifelonghearing.com\/sk\/wp-json\/wp\/v2\/comments?post=30407"}],"version-history":[{"count":5,"href":"https:\/\/lifelonghearing.com\/sk\/wp-json\/wp\/v2\/pages\/30407\/revisions"}],"predecessor-version":[{"id":32376,"href":"https:\/\/lifelonghearing.com\/sk\/wp-json\/wp\/v2\/pages\/30407\/revisions\/32376"}],"up":[{"embeddable":true,"href":"https:\/\/lifelonghearing.com\/sk\/wp-json\/wp\/v2\/pages\/30401"}],"wp:attachment":[{"href":"https:\/\/lifelonghearing.com\/sk\/wp-json\/wp\/v2\/media?parent=30407"}],"curies":[{"name":"wp","href":"https:\/\/api.w.org\/{rel}","templated":true}]}}