{"id":32289,"date":"2025-04-23T12:24:27","date_gmt":"2025-04-23T12:24:27","guid":{"rendered":"https:\/\/lifelonghearing.com\/lt\/?page_id=32289"},"modified":"2025-04-24T06:49:08","modified_gmt":"2025-04-24T06:49:08","slug":"klausos-ambasadoriai","status":"publish","type":"page","link":"https:\/\/lifelonghearing.com\/lt\/klausos-ambasadoriai\/","title":{"rendered":"Klausos Ambasadoriai"},"content":{"rendered":"<div class=\"fusion-fullwidth fullwidth-box fusion-builder-row-1 fusion-flex-container has-pattern-background has-mask-background nonhundred-percent-fullwidth non-hundred-percent-height-scrolling\" style=\"--awb-border-radius-top-left:0px;--awb-border-radius-top-right:0px;--awb-border-radius-bottom-right:0px;--awb-border-radius-bottom-left:0px;--awb-padding-top:40px;--awb-padding-right:20px;--awb-padding-bottom:20px;--awb-padding-left:20px;--awb-background-color:var(--awb-color1);--awb-flex-wrap:wrap;\" ><div class=\"fusion-builder-row fusion-row fusion-flex-align-items-flex-start fusion-flex-content-wrap\" style=\"max-width:1248px;margin-left: calc(-4% \/ 2 );margin-right: calc(-4% \/ 2 );\"><div class=\"fusion-layout-column fusion_builder_column fusion-builder-column-0 fusion_builder_column_1_1 1_1 fusion-flex-column\" style=\"--awb-bg-size:cover;--awb-width-large:100%;--awb-margin-top-large:10px;--awb-spacing-right-large:1.92%;--awb-margin-bottom-large:10px;--awb-spacing-left-large:1.92%;--awb-width-medium:100%;--awb-order-medium:0;--awb-spacing-right-medium:1.92%;--awb-spacing-left-medium:1.92%;--awb-width-small:100%;--awb-order-small:0;--awb-spacing-right-small:1.92%;--awb-spacing-left-small:1.92%;\"><div class=\"fusion-column-wrapper fusion-column-has-shadow fusion-flex-justify-content-flex-start fusion-content-layout-column\"><div class=\"fusion-title title fusion-title-1 fusion-sep-none fusion-title-center fusion-title-text fusion-title-size-one\" style=\"--awb-margin-top:0px;--awb-margin-right:5%;--awb-margin-left:5%;--awb-font-size:45px;\"><h1 class=\"fusion-title-heading title-heading-center fusion-responsive-typography-calculated\" style=\"margin:0;font-size:1em;--fontSize:45;line-height:1.4;\">M\u016bs\u0173 klausos ambasadoriai mielai dalijasi savo patirtimi su jumis!<\/h1><\/div><div class=\"fusion-text fusion-text-1\" style=\"--awb-content-alignment:center;\"><p>Ar pradedate galvoti, kaip gal\u0117tum\u0117te i\u0161spr\u0119sti klausos problemas, ar jau \u017einote, kad rinksit\u0117s kochlearin\u012f implant\u0105? Ar ie\u0161kote geriausio sprendimo savo vaikui? Ar jums reikia patarim\u0173 apie kochlearinius implantus? Ar domit\u0117s kochlearini\u0173 implant\u0173 technologija? Susisiekite su m\u016bs\u0173 klausos ambasadoriais ir klauskite j\u0173 tiesiogiai!<\/p>\n<\/div><div class=\"fusion-title title fusion-title-2 fusion-sep-none fusion-title-center fusion-title-text fusion-title-size-two\" style=\"--awb-margin-top:80px;--awb-margin-bottom:30px;--awb-font-size:45px;\"><h2 class=\"fusion-title-heading title-heading-center fusion-responsive-typography-calculated\" style=\"font-family:&quot;DM Serif Text&quot;;font-style:normal;font-weight:400;margin:0;font-size:1em;--fontSize:45;line-height:1.4;\">Susisiekite su m\u016bs\u0173 klausos ambasadoriais!<\/h2><\/div><div class=\"fusion-post-cards fusion-post-cards-1 fusion-grid-archive fusion-grid-columns-3\" style=\"--awb-column-spacing:30px;--awb-dots-align:center;--awb-columns:3;--awb-active-filter-border-size:3px;--awb-filters-height:36px;--awb-row-spacing:30px;\"><ul class=\"fusion-grid fusion-grid-3 fusion-flex-align-items-flex-start fusion-grid-posts-cards\"><li class=\"fusion-layout-column fusion_builder_column fusion-builder-column-1 fusion-flex-column post-card fusion-grid-column fusion-post-cards-grid-column\" style=\"--awb-bg-color:#f9f9f9;--awb-bg-color-hover:#f9f9f9;--awb-bg-size:cover;\"><div class=\"fusion-column-wrapper fusion-flex-justify-content-flex-start fusion-content-layout-column\"><div class=\"fusion-classic-product-image-wrapper fusion-woo-product-image fusion-post-card-image fusion-post-card-image-1\" data-layout=\"static\"><div  class=\"fusion-image-wrapper\" aria-haspopup=\"true\">\n\t\t\t\t\t\t\t<a href=\"https:\/\/lifelonghearing.com\/lt\/partner\/edita\/\" aria-label=\"Edita\">\n\t\t\t\t\t\t\t<img decoding=\"async\" width=\"1916\" height=\"1916\" src=\"https:\/\/lifelonghearing.com\/lt\/wp-content\/uploads\/sites\/12\/2025\/08\/Edita-scaled.jpg\" class=\"attachment-full size-full lazyload wp-post-image\" alt=\"\" srcset=\"data:image\/svg+xml,%3Csvg%20xmlns%3D%27http%3A%2F%2Fwww.w3.org%2F2000%2Fsvg%27%20width%3D%271916%27%20height%3D%271916%27%20viewBox%3D%270%200%201916%201916%27%3E%3Crect%20width%3D%271916%27%20height%3D%271916%27%20fill-opacity%3D%220%22%2F%3E%3C%2Fsvg%3E\" data-orig-src=\"https:\/\/lifelonghearing.com\/lt\/wp-content\/uploads\/sites\/12\/2025\/08\/Edita-scaled.jpg\" data-srcset=\"https:\/\/lifelonghearing.com\/lt\/wp-content\/uploads\/sites\/12\/2025\/08\/Edita-200x200.jpg 200w, https:\/\/lifelonghearing.com\/lt\/wp-content\/uploads\/sites\/12\/2025\/08\/Edita-400x400.jpg 400w, https:\/\/lifelonghearing.com\/lt\/wp-content\/uploads\/sites\/12\/2025\/08\/Edita-600x600.jpg 600w, https:\/\/lifelonghearing.com\/lt\/wp-content\/uploads\/sites\/12\/2025\/08\/Edita-800x800.jpg 800w, https:\/\/lifelonghearing.com\/lt\/wp-content\/uploads\/sites\/12\/2025\/08\/Edita-1200x1200.jpg 1200w, https:\/\/lifelonghearing.com\/lt\/wp-content\/uploads\/sites\/12\/2025\/08\/Edita-scaled.jpg 1916w\" data-sizes=\"auto\" \/>\t\t\t<\/a>\n\t\t\t\t\t\t\t<\/div>\n<\/div><div class=\"fusion-builder-row fusion-builder-row-inner fusion-row fusion-flex-align-items-flex-start fusion-flex-content-wrap\" style=\"width:104% !important;max-width:104% !important;margin-left: calc(-4% \/ 2 );margin-right: calc(-4% \/ 2 );\"><div class=\"fusion-layout-column fusion_builder_column_inner fusion-builder-nested-column-0 fusion_builder_column_inner_1_1 1_1 fusion-flex-column\" style=\"--awb-padding-top:30px;--awb-padding-right:40px;--awb-padding-bottom:30px;--awb-padding-left:40px;--awb-padding-top-small:20px;--awb-padding-right-small:20px;--awb-padding-bottom-small:20px;--awb-padding-left-small:20px;--awb-bg-color:#f9f9f9;--awb-bg-color-hover:#f9f9f9;--awb-bg-size:cover;--awb-width-large:100%;--awb-margin-top-large:0px;--awb-spacing-right-large:1.92%;--awb-margin-bottom-large:0px;--awb-spacing-left-large:1.92%;--awb-width-medium:100%;--awb-order-medium:0;--awb-spacing-right-medium:1.92%;--awb-spacing-left-medium:1.92%;--awb-width-small:100%;--awb-order-small:0;--awb-spacing-right-small:1.92%;--awb-spacing-left-small:1.92%;\"><div class=\"fusion-column-wrapper fusion-column-has-shadow fusion-flex-justify-content-flex-start fusion-content-layout-column\"><div class=\"fusion-text fusion-text-2 fusion-text-no-margin\" style=\"--awb-font-size:20px;--awb-text-color:#000000;--awb-margin-bottom:5px;--awb-text-font-family:&quot;Open Sans&quot;;--awb-text-font-style:normal;--awb-text-font-weight:600;\"><p>Edita<\/p>\n<\/div><div class=\"fusion-text fusion-text-3 fusion-text-no-margin\" style=\"--awb-text-color:#515151;--awb-margin-bottom:10px;\"><p>Dviej\u0173 s\u016bn\u0173 mama, abu naudoja kochlearinius implantus (abipusiai CI naudotojai)\/Vilnius<\/p>\n<\/div><div style=\"text-align:left;\"><a class=\"fusion-button button-flat button-large button-custom fusion-button-default button-1 fusion-button-default-span fusion-button-default-type\" style=\"--button_accent_color:#5ebfbb;--button_border_color:#5ebfbb;--button_accent_hover_color:rgba(61,59,59,0.8);--button_border_hover_color:rgba(61,59,59,0.8);--button_gradient_top_color:rgba(255,255,255,0);--button_gradient_bottom_color:rgba(255,255,255,0);--button_gradient_top_color_hover:rgba(255,255,255,0);--button_gradient_bottom_color_hover:rgba(255,255,255,0);--button_margin-right:0px;--button_margin-bottom:0px;--button_margin-left:-30px;\" target=\"_self\" href=\"https:\/\/lifelonghearing.com\/lt\/partner\/edita\/\"><span class=\"fusion-button-text\">KONTAKT<\/span><i class=\"fa-arrow-right fas button-icon-right\" aria-hidden=\"true\"><\/i><\/a><\/div><\/div><\/div><\/div><\/div><\/li>\n<li class=\"fusion-layout-column fusion_builder_column fusion-builder-column-2 fusion-flex-column post-card fusion-grid-column fusion-post-cards-grid-column\" style=\"--awb-bg-color:#f9f9f9;--awb-bg-color-hover:#f9f9f9;--awb-bg-size:cover;\"><div class=\"fusion-column-wrapper fusion-flex-justify-content-flex-start fusion-content-layout-column\"><div class=\"fusion-classic-product-image-wrapper fusion-woo-product-image fusion-post-card-image fusion-post-card-image-1\" data-layout=\"static\"><div  class=\"fusion-image-wrapper\" aria-haspopup=\"true\">\n\t\t\t\t\t\t\t<a href=\"https:\/\/lifelonghearing.com\/lt\/partner\/daumantas\/\" aria-label=\"Daumantas\">\n\t\t\t\t\t\t\t<img decoding=\"async\" width=\"600\" height=\"600\" src=\"https:\/\/lifelonghearing.com\/lt\/wp-content\/uploads\/sites\/12\/2025\/04\/daumantas-profile-scaled-1.jpg\" class=\"attachment-full size-full lazyload wp-post-image\" alt=\"\" srcset=\"data:image\/svg+xml,%3Csvg%20xmlns%3D%27http%3A%2F%2Fwww.w3.org%2F2000%2Fsvg%27%20width%3D%27600%27%20height%3D%27600%27%20viewBox%3D%270%200%20600%20600%27%3E%3Crect%20width%3D%27600%27%20height%3D%27600%27%20fill-opacity%3D%220%22%2F%3E%3C%2Fsvg%3E\" data-orig-src=\"https:\/\/lifelonghearing.com\/lt\/wp-content\/uploads\/sites\/12\/2025\/04\/daumantas-profile-scaled-1.jpg\" data-srcset=\"https:\/\/lifelonghearing.com\/lt\/wp-content\/uploads\/sites\/12\/2025\/04\/daumantas-profile-scaled-1-200x200.jpg 200w, https:\/\/lifelonghearing.com\/lt\/wp-content\/uploads\/sites\/12\/2025\/04\/daumantas-profile-scaled-1-400x400.jpg 400w, https:\/\/lifelonghearing.com\/lt\/wp-content\/uploads\/sites\/12\/2025\/04\/daumantas-profile-scaled-1.jpg 600w\" data-sizes=\"auto\" \/>\t\t\t<\/a>\n\t\t\t\t\t\t\t<\/div>\n<\/div><div class=\"fusion-builder-row fusion-builder-row-inner fusion-row fusion-flex-align-items-flex-start fusion-flex-content-wrap\" style=\"width:104% !important;max-width:104% !important;margin-left: calc(-4% \/ 2 );margin-right: calc(-4% \/ 2 );\"><div class=\"fusion-layout-column fusion_builder_column_inner fusion-builder-nested-column-1 fusion_builder_column_inner_1_1 1_1 fusion-flex-column\" style=\"--awb-padding-top:30px;--awb-padding-right:40px;--awb-padding-bottom:30px;--awb-padding-left:40px;--awb-padding-top-small:20px;--awb-padding-right-small:20px;--awb-padding-bottom-small:20px;--awb-padding-left-small:20px;--awb-bg-color:#f9f9f9;--awb-bg-color-hover:#f9f9f9;--awb-bg-size:cover;--awb-width-large:100%;--awb-margin-top-large:0px;--awb-spacing-right-large:1.92%;--awb-margin-bottom-large:0px;--awb-spacing-left-large:1.92%;--awb-width-medium:100%;--awb-order-medium:0;--awb-spacing-right-medium:1.92%;--awb-spacing-left-medium:1.92%;--awb-width-small:100%;--awb-order-small:0;--awb-spacing-right-small:1.92%;--awb-spacing-left-small:1.92%;\"><div class=\"fusion-column-wrapper fusion-column-has-shadow fusion-flex-justify-content-flex-start fusion-content-layout-column\"><div class=\"fusion-text fusion-text-4 fusion-text-no-margin\" style=\"--awb-font-size:20px;--awb-text-color:#000000;--awb-margin-bottom:5px;--awb-text-font-family:&quot;Open Sans&quot;;--awb-text-font-style:normal;--awb-text-font-weight:600;\"><p>Daumantas<\/p>\n<\/div><div class=\"fusion-text fusion-text-5 fusion-text-no-margin\" style=\"--awb-text-color:#515151;--awb-margin-bottom:10px;\"><p>Kochlearinio implanto naudotojos t\u0117tis Abipus\u0117 kochlearin\u0117 implantacija, SONNET 2 Audio Processor<\/p>\n<\/div><div style=\"text-align:left;\"><a class=\"fusion-button button-flat button-large button-custom fusion-button-default button-2 fusion-button-default-span fusion-button-default-type\" style=\"--button_accent_color:#5ebfbb;--button_border_color:#5ebfbb;--button_accent_hover_color:rgba(61,59,59,0.8);--button_border_hover_color:rgba(61,59,59,0.8);--button_gradient_top_color:rgba(255,255,255,0);--button_gradient_bottom_color:rgba(255,255,255,0);--button_gradient_top_color_hover:rgba(255,255,255,0);--button_gradient_bottom_color_hover:rgba(255,255,255,0);--button_margin-right:0px;--button_margin-bottom:0px;--button_margin-left:-30px;\" target=\"_self\" href=\"https:\/\/lifelonghearing.com\/lt\/partner\/daumantas\/\"><span class=\"fusion-button-text\">KONTAKT<\/span><i class=\"fa-arrow-right fas button-icon-right\" aria-hidden=\"true\"><\/i><\/a><\/div><\/div><\/div><\/div><\/div><\/li>\n<\/ul><div class=\"pagination clearfix\"><\/div><div class=\"fusion-clearfix\"><\/div><\/div><\/div><\/div><\/div><\/div>\n","protected":false},"excerpt":{"rendered":"","protected":false},"author":4,"featured_media":0,"parent":0,"menu_order":0,"comment_status":"closed","ping_status":"closed","template":"100-width.php","meta":{"_acf_changed":false,"footnotes":""},"class_list":["post-32289","page","type-page","status-publish","hentry"],"yoast_head":"<!-- This site is optimized with the Yoast SEO plugin v24.3 - https:\/\/yoast.com\/wordpress\/plugins\/seo\/ -->\n<title>Klausos Ambasadoriai - Lithuanian<\/title>\n<meta name=\"robots\" content=\"index, follow, max-snippet:-1, max-image-preview:large, max-video-preview:-1\" \/>\n<link rel=\"canonical\" href=\"https:\/\/lifelonghearing.com\/lt\/klausos-ambasadoriai\/\" \/>\n<meta property=\"og:locale\" content=\"en_US\" \/>\n<meta property=\"og:type\" content=\"article\" \/>\n<meta property=\"og:title\" content=\"Klausos Ambasadoriai - Lithuanian\" \/>\n<meta property=\"og:url\" content=\"https:\/\/lifelonghearing.com\/lt\/klausos-ambasadoriai\/\" \/>\n<meta property=\"og:site_name\" content=\"Lithuanian\" \/>\n<meta property=\"article:modified_time\" content=\"2025-04-24T06:49:08+00:00\" \/>\n<meta name=\"twitter:card\" content=\"summary_large_image\" \/>\n<script type=\"application\/ld+json\" class=\"yoast-schema-graph\">{\"@context\":\"https:\/\/schema.org\",\"@graph\":[{\"@type\":\"WebPage\",\"@id\":\"https:\/\/lifelonghearing.com\/lt\/klausos-ambasadoriai\/\",\"url\":\"https:\/\/lifelonghearing.com\/lt\/klausos-ambasadoriai\/\",\"name\":\"Klausos Ambasadoriai - Lithuanian\",\"isPartOf\":{\"@id\":\"https:\/\/lifelonghearing.com\/lt\/#website\"},\"datePublished\":\"2025-04-23T12:24:27+00:00\",\"dateModified\":\"2025-04-24T06:49:08+00:00\",\"breadcrumb\":{\"@id\":\"https:\/\/lifelonghearing.com\/lt\/klausos-ambasadoriai\/#breadcrumb\"},\"inLanguage\":\"en-US\",\"potentialAction\":[{\"@type\":\"ReadAction\",\"target\":[\"https:\/\/lifelonghearing.com\/lt\/klausos-ambasadoriai\/\"]}]},{\"@type\":\"BreadcrumbList\",\"@id\":\"https:\/\/lifelonghearing.com\/lt\/klausos-ambasadoriai\/#breadcrumb\",\"itemListElement\":[{\"@type\":\"ListItem\",\"position\":1,\"name\":\"Home\",\"item\":\"https:\/\/lifelonghearing.com\/lt\/\"},{\"@type\":\"ListItem\",\"position\":2,\"name\":\"Klausos Ambasadoriai\"}]},{\"@type\":\"WebSite\",\"@id\":\"https:\/\/lifelonghearing.com\/lt\/#website\",\"url\":\"https:\/\/lifelonghearing.com\/lt\/\",\"name\":\"Lithuanian\",\"description\":\"\",\"potentialAction\":[{\"@type\":\"SearchAction\",\"target\":{\"@type\":\"EntryPoint\",\"urlTemplate\":\"https:\/\/lifelonghearing.com\/lt\/?s={search_term_string}\"},\"query-input\":{\"@type\":\"PropertyValueSpecification\",\"valueRequired\":true,\"valueName\":\"search_term_string\"}}],\"inLanguage\":\"en-US\"}]}<\/script>\n<!-- \/ Yoast SEO plugin. -->","yoast_head_json":{"title":"Klausos Ambasadoriai - Lithuanian","robots":{"index":"index","follow":"follow","max-snippet":"max-snippet:-1","max-image-preview":"max-image-preview:large","max-video-preview":"max-video-preview:-1"},"canonical":"https:\/\/lifelonghearing.com\/lt\/klausos-ambasadoriai\/","og_locale":"en_US","og_type":"article","og_title":"Klausos Ambasadoriai - Lithuanian","og_url":"https:\/\/lifelonghearing.com\/lt\/klausos-ambasadoriai\/","og_site_name":"Lithuanian","article_modified_time":"2025-04-24T06:49:08+00:00","twitter_card":"summary_large_image","schema":{"@context":"https:\/\/schema.org","@graph":[{"@type":"WebPage","@id":"https:\/\/lifelonghearing.com\/lt\/klausos-ambasadoriai\/","url":"https:\/\/lifelonghearing.com\/lt\/klausos-ambasadoriai\/","name":"Klausos Ambasadoriai - Lithuanian","isPartOf":{"@id":"https:\/\/lifelonghearing.com\/lt\/#website"},"datePublished":"2025-04-23T12:24:27+00:00","dateModified":"2025-04-24T06:49:08+00:00","breadcrumb":{"@id":"https:\/\/lifelonghearing.com\/lt\/klausos-ambasadoriai\/#breadcrumb"},"inLanguage":"en-US","potentialAction":[{"@type":"ReadAction","target":["https:\/\/lifelonghearing.com\/lt\/klausos-ambasadoriai\/"]}]},{"@type":"BreadcrumbList","@id":"https:\/\/lifelonghearing.com\/lt\/klausos-ambasadoriai\/#breadcrumb","itemListElement":[{"@type":"ListItem","position":1,"name":"Home","item":"https:\/\/lifelonghearing.com\/lt\/"},{"@type":"ListItem","position":2,"name":"Klausos Ambasadoriai"}]},{"@type":"WebSite","@id":"https:\/\/lifelonghearing.com\/lt\/#website","url":"https:\/\/lifelonghearing.com\/lt\/","name":"Lithuanian","description":"","potentialAction":[{"@type":"SearchAction","target":{"@type":"EntryPoint","urlTemplate":"https:\/\/lifelonghearing.com\/lt\/?s={search_term_string}"},"query-input":{"@type":"PropertyValueSpecification","valueRequired":true,"valueName":"search_term_string"}}],"inLanguage":"en-US"}]}},"acf":[],"_links":{"self":[{"href":"https:\/\/lifelonghearing.com\/lt\/wp-json\/wp\/v2\/pages\/32289","targetHints":{"allow":["GET"]}}],"collection":[{"href":"https:\/\/lifelonghearing.com\/lt\/wp-json\/wp\/v2\/pages"}],"about":[{"href":"https:\/\/lifelonghearing.com\/lt\/wp-json\/wp\/v2\/types\/page"}],"author":[{"embeddable":true,"href":"https:\/\/lifelonghearing.com\/lt\/wp-json\/wp\/v2\/users\/4"}],"replies":[{"embeddable":true,"href":"https:\/\/lifelonghearing.com\/lt\/wp-json\/wp\/v2\/comments?post=32289"}],"version-history":[{"count":5,"href":"https:\/\/lifelonghearing.com\/lt\/wp-json\/wp\/v2\/pages\/32289\/revisions"}],"predecessor-version":[{"id":32420,"href":"https:\/\/lifelonghearing.com\/lt\/wp-json\/wp\/v2\/pages\/32289\/revisions\/32420"}],"wp:attachment":[{"href":"https:\/\/lifelonghearing.com\/lt\/wp-json\/wp\/v2\/media?parent=32289"}],"curies":[{"name":"wp","href":"https:\/\/api.w.org\/{rel}","templated":true}]}}