{"id":30422,"date":"2025-01-01T12:36:19","date_gmt":"2025-01-01T12:36:19","guid":{"rendered":"https:\/\/lifelonghearing.com\/lt\/?page_id=30422"},"modified":"2025-05-12T09:01:38","modified_gmt":"2025-05-12T09:01:38","slug":"vartotoju-istorijos","status":"publish","type":"page","link":"https:\/\/lifelonghearing.com\/lt\/klausos-implantu-zurnalas\/vartotoju-istorijos\/","title":{"rendered":"Vartotoj\u0173 istorijos"},"content":{"rendered":"<p><div class=\"fusion-fullwidth fullwidth-box fusion-builder-row-1 nonhundred-percent-fullwidth non-hundred-percent-height-scrolling\" style=\"--awb-border-radius-top-left:0px;--awb-border-radius-top-right:0px;--awb-border-radius-bottom-right:0px;--awb-border-radius-bottom-left:0px;--awb-padding-top:60px;--awb-padding-right:60px;--awb-padding-bottom:60px;--awb-padding-left:60px;--awb-margin-bottom:30px;--awb-background-color:#5ebfbb;--awb-flex-wrap:wrap;\" ><div class=\"fusion-builder-row fusion-row\"><div class=\"fusion-layout-column fusion_builder_column fusion-builder-column-0 fusion_builder_column_1_3 1_3 fusion-one-third fusion-column-first\" style=\"--awb-bg-size:cover;width:33.333333333333%;width:calc(33.333333333333% - ( ( 4% ) * 0.33333333333333 ) );margin-right: 4%;\"><div class=\"fusion-column-wrapper fusion-column-has-shadow fusion-flex-column-wrapper-legacy\"><div class=\"fusion-image-element in-legacy-container\" style=\"--awb-max-width:260px;--awb-caption-title-font-family:var(--h2_typography-font-family);--awb-caption-title-font-weight:var(--h2_typography-font-weight);--awb-caption-title-font-style:var(--h2_typography-font-style);--awb-caption-title-size:var(--h2_typography-font-size);--awb-caption-title-transform:var(--h2_typography-text-transform);--awb-caption-title-line-height:var(--h2_typography-line-height);--awb-caption-title-letter-spacing:var(--h2_typography-letter-spacing);\"><span class=\" fusion-imageframe imageframe-none imageframe-1 hover-type-none\"><img decoding=\"async\" width=\"800\" height=\"800\" title=\"HearingSystem\" src=\"https:\/\/lifelonghearing.com\/lt\/wp-content\/uploads\/sites\/12\/2025\/01\/HearingSystem.png\" data-orig-src=\"https:\/\/lifelonghearing.com\/lt\/wp-content\/uploads\/sites\/12\/2025\/01\/HearingSystem.png\" alt class=\"lazyload img-responsive wp-image-30503\" srcset=\"data:image\/svg+xml,%3Csvg%20xmlns%3D%27http%3A%2F%2Fwww.w3.org%2F2000%2Fsvg%27%20width%3D%27800%27%20height%3D%27800%27%20viewBox%3D%270%200%20800%20800%27%3E%3Crect%20width%3D%27800%27%20height%3D%27800%27%20fill-opacity%3D%220%22%2F%3E%3C%2Fsvg%3E\" data-srcset=\"https:\/\/lifelonghearing.com\/lt\/wp-content\/uploads\/sites\/12\/2025\/01\/HearingSystem-200x200.png 200w, https:\/\/lifelonghearing.com\/lt\/wp-content\/uploads\/sites\/12\/2025\/01\/HearingSystem-400x400.png 400w, https:\/\/lifelonghearing.com\/lt\/wp-content\/uploads\/sites\/12\/2025\/01\/HearingSystem-600x600.png 600w, https:\/\/lifelonghearing.com\/lt\/wp-content\/uploads\/sites\/12\/2025\/01\/HearingSystem.png 800w\" data-sizes=\"auto\" data-orig-sizes=\"(max-width: 991px) 100vw, 400px\" \/><\/span><\/div><div class=\"fusion-clearfix\"><\/div><\/div><\/div><div class=\"fusion-layout-column fusion_builder_column fusion-builder-column-1 fusion_builder_column_2_3 2_3 fusion-two-third fusion-column-last\" style=\"--awb-bg-size:cover;width:66.666666666667%;width:calc(66.666666666667% - ( ( 4% ) * 0.66666666666667 ) );\"><div class=\"fusion-column-wrapper fusion-column-has-shadow fusion-flex-column-wrapper-legacy\"><div class=\"fusion-title title fusion-title-1 fusion-sep-none fusion-title-text fusion-title-size-one\" style=\"--awb-text-color:#ffffff;\"><h1 class=\"fusion-title-heading title-heading-left fusion-responsive-typography-calculated\" style=\"margin:0;--fontSize:45;line-height:1.4;\">Klausos implant\u0173 naudotojai<\/h1><\/div><div class=\"fusion-text fusion-text-1\" style=\"--awb-text-transform:none;--awb-text-color:var(--awb-color1);\"><p><strong>Skaitykite \u012fkvepian\u010dias asmenines klausos implant\u0173 naudotoj\u0173 istorijas. Su\u017einokite daugiau apie j\u0173 pa\u010di\u0173 patirt\u012f naudojant kochlearinius implantus, vidurin\u0117s ausies implantus, EAS ir kaulinio laidumo sistemas, apie j\u0173 kelion\u0119 atgal \u012f klaus\u0105 ir nauj\u0105 gyvenimo kokyb\u0119, kuri\u0105 jiems suteik\u0117 (v\u0117l) gird\u0117jimas.<\/strong><\/p>\n<\/div><div class=\"fusion-clearfix\"><\/div><\/div><\/div><\/div><\/div><div class=\"fusion-fullwidth fullwidth-box fusion-builder-row-2 nonhundred-percent-fullwidth non-hundred-percent-height-scrolling\" style=\"--awb-border-radius-top-left:0px;--awb-border-radius-top-right:0px;--awb-border-radius-bottom-right:0px;--awb-border-radius-bottom-left:0px;--awb-flex-wrap:wrap;\" ><div class=\"fusion-builder-row fusion-row\"><div class=\"fusion-layout-column fusion_builder_column fusion-builder-column-2 fusion_builder_column_1_1 1_1 fusion-one-full fusion-column-first fusion-column-last\" style=\"--awb-bg-size:cover;\"><div class=\"fusion-column-wrapper fusion-column-has-shadow fusion-flex-column-wrapper-legacy\"><div class=\"fusion-blog-shortcode fusion-blog-shortcode-1 fusion-blog-archive fusion-blog-layout-grid-wrapper fusion-blog-infinite fusion-blog-layout-left\"><style type=\"text\/css\">.fusion-blog-shortcode-1 .fusion-blog-layout-grid .fusion-post-grid{padding:10px;}.fusion-blog-shortcode-1 .fusion-posts-container{margin-left: -10px !important; margin-right:-10px !important;}<\/style><div class=\"fusion-posts-container fusion-posts-container-infinite fusion-no-meta-info fusion-blog-layout-grid fusion-blog-layout-grid-3 isotope\" data-pages=\"1\" data-grid-col-space=\"20\" style=\"margin: -10px -10px 0;min-height:500px;\"><article id=\"blog-1-post-17436\" class=\"fusion-post-grid post-17436 post type-post status-publish format-standard has-post-thumbnail hentry category-gyvenimas tag-ci tag-ci-children tag-ci-users\">\n<div class=\"fusion-post-wrapper\" style=\"background-color:rgba(255,255,255,1);border:none;\">\n\n\t\t\t<div class=\"fusion-flexslider flexslider fusion-flexslider-loading fusion-post-slideshow\" style=\"border-color:rgba(255,255,255,0);\">\n\t\t<ul class=\"slides\">\n\t\t\t\n\t\t\t\t\t\t\t\t\t\t\t\t\t\t<li><div  class=\"fusion-image-wrapper\" aria-haspopup=\"true\">\n\t\t\t\t\t\t\t<a href=\"https:\/\/lifelonghearing.com\/lt\/ankstyvoji-kurciu-vaiku-klausos-prieziura\/\" aria-label=\"Ankstyvoji kur\u010di\u0173 vaik\u0173 klausos prie\u017ei\u016bra\">\n\t\t\t\t\t\t\t<img decoding=\"async\" width=\"1200\" height=\"559\" src=\"https:\/\/lifelonghearing.com\/lt\/wp-content\/uploads\/sites\/12\/2022\/02\/maja_featured-1200x559-1.jpg\" class=\"attachment-full size-full lazyload wp-post-image\" alt=\"\" srcset=\"data:image\/svg+xml,%3Csvg%20xmlns%3D%27http%3A%2F%2Fwww.w3.org%2F2000%2Fsvg%27%20width%3D%271200%27%20height%3D%27559%27%20viewBox%3D%270%200%201200%20559%27%3E%3Crect%20width%3D%271200%27%20height%3D%27559%27%20fill-opacity%3D%220%22%2F%3E%3C%2Fsvg%3E\" data-orig-src=\"https:\/\/lifelonghearing.com\/lt\/wp-content\/uploads\/sites\/12\/2022\/02\/maja_featured-1200x559-1.jpg\" data-srcset=\"https:\/\/lifelonghearing.com\/lt\/wp-content\/uploads\/sites\/12\/2022\/02\/maja_featured-1200x559-1-200x93.jpg 200w, https:\/\/lifelonghearing.com\/lt\/wp-content\/uploads\/sites\/12\/2022\/02\/maja_featured-1200x559-1-400x186.jpg 400w, https:\/\/lifelonghearing.com\/lt\/wp-content\/uploads\/sites\/12\/2022\/02\/maja_featured-1200x559-1-600x280.jpg 600w, https:\/\/lifelonghearing.com\/lt\/wp-content\/uploads\/sites\/12\/2022\/02\/maja_featured-1200x559-1-800x373.jpg 800w, https:\/\/lifelonghearing.com\/lt\/wp-content\/uploads\/sites\/12\/2022\/02\/maja_featured-1200x559-1.jpg 1200w\" data-sizes=\"auto\" \/>\t\t\t<\/a>\n\t\t\t\t\t\t\t<\/div>\n<\/li>\n\t\t\t\n\t\t\t\n\t\t\t\t\t\t\t\t\t\t\t\t\t\t\t\t\t\t\t\t\t\t\t\t\t\t\t\t\t\t\t\t\t\t\t\t\t\t\t\t\t\t\t\t\t\t\t\t\t\t\t\t\t\t\t\t\t\t\t\t\t\t\t\t\t\t\t\t<\/ul>\n\t<\/div>\n\t<div class=\"fusion-post-content-wrapper\" style=\"padding:15px 25px 15px 25px;\"><div class=\"fusion-post-content post-content\"><h2 class=\"blog-shortcode-post-title entry-title\"><a href=\"https:\/\/lifelonghearing.com\/lt\/ankstyvoji-kurciu-vaiku-klausos-prieziura\/\">Ankstyvoji kur\u010di\u0173 vaik\u0173 klausos prie\u017ei\u016bra<\/a><\/h2><div class=\"fusion-post-content-container\"><p>Patrikas Beganovi\u010dius prisimena savo dukters Majos diagnoz\u0119 - gilus klausos sutrikimas. Linco universitetin\u0117je ligonin\u0117je atliktos kochlearin\u0117s implantacijos d\u0117ka dabar \u0161eima d\u017eiaugiasi gal\u0117dama i\u0161girsti pirmuosius Majos \u017eod\u017eius.<\/p><\/div><\/div><\/div><div class=\"fusion-clearfix\"><\/div><\/div>\n<\/article>\n<div class=\"fusion-clearfix\"><\/div><\/div><\/div><div class=\"fusion-clearfix\"><\/div><\/div><\/div><\/div><\/div><\/p>\n","protected":false},"excerpt":{"rendered":"","protected":false},"author":4,"featured_media":0,"parent":30401,"menu_order":0,"comment_status":"closed","ping_status":"closed","template":"","meta":{"_acf_changed":false,"footnotes":""},"class_list":["post-30422","page","type-page","status-publish","hentry"],"yoast_head":"<!-- This site is optimized with the Yoast SEO plugin v24.3 - https:\/\/yoast.com\/wordpress\/plugins\/seo\/ -->\n<title>Vartotoj\u0173 istorijos - Lithuanian<\/title>\n<meta name=\"robots\" content=\"index, follow, max-snippet:-1, max-image-preview:large, max-video-preview:-1\" \/>\n<link rel=\"canonical\" href=\"https:\/\/lifelonghearing.com\/lt\/klausos-implantu-zurnalas\/vartotoju-istorijos\/\" \/>\n<meta property=\"og:locale\" content=\"en_US\" \/>\n<meta property=\"og:type\" content=\"article\" \/>\n<meta property=\"og:title\" content=\"Vartotoj\u0173 istorijos - Lithuanian\" \/>\n<meta property=\"og:url\" content=\"https:\/\/lifelonghearing.com\/lt\/klausos-implantu-zurnalas\/vartotoju-istorijos\/\" \/>\n<meta property=\"og:site_name\" content=\"Lithuanian\" \/>\n<meta property=\"article:modified_time\" content=\"2025-05-12T09:01:38+00:00\" \/>\n<meta name=\"twitter:card\" content=\"summary_large_image\" \/>\n<meta name=\"twitter:label1\" content=\"Est. reading time\" \/>\n\t<meta name=\"twitter:data1\" content=\"1 minute\" \/>\n<script type=\"application\/ld+json\" class=\"yoast-schema-graph\">{\"@context\":\"https:\/\/schema.org\",\"@graph\":[{\"@type\":\"WebPage\",\"@id\":\"https:\/\/lifelonghearing.com\/lt\/klausos-implantu-zurnalas\/vartotoju-istorijos\/\",\"url\":\"https:\/\/lifelonghearing.com\/lt\/klausos-implantu-zurnalas\/vartotoju-istorijos\/\",\"name\":\"Vartotoj\u0173 istorijos - Lithuanian\",\"isPartOf\":{\"@id\":\"https:\/\/lifelonghearing.com\/lt\/#website\"},\"datePublished\":\"2025-01-01T12:36:19+00:00\",\"dateModified\":\"2025-05-12T09:01:38+00:00\",\"breadcrumb\":{\"@id\":\"https:\/\/lifelonghearing.com\/lt\/klausos-implantu-zurnalas\/vartotoju-istorijos\/#breadcrumb\"},\"inLanguage\":\"en-US\",\"potentialAction\":[{\"@type\":\"ReadAction\",\"target\":[\"https:\/\/lifelonghearing.com\/lt\/klausos-implantu-zurnalas\/vartotoju-istorijos\/\"]}]},{\"@type\":\"BreadcrumbList\",\"@id\":\"https:\/\/lifelonghearing.com\/lt\/klausos-implantu-zurnalas\/vartotoju-istorijos\/#breadcrumb\",\"itemListElement\":[{\"@type\":\"ListItem\",\"position\":1,\"name\":\"Home\",\"item\":\"https:\/\/lifelonghearing.com\/lt\/\"},{\"@type\":\"ListItem\",\"position\":2,\"name\":\"Klausos implant\u0173 \u017eurnalas\",\"item\":\"https:\/\/lifelonghearing.com\/lt\/klausos-implantu-zurnalas\/\"},{\"@type\":\"ListItem\",\"position\":3,\"name\":\"Vartotoj\u0173 istorijos\"}]},{\"@type\":\"WebSite\",\"@id\":\"https:\/\/lifelonghearing.com\/lt\/#website\",\"url\":\"https:\/\/lifelonghearing.com\/lt\/\",\"name\":\"Lithuanian\",\"description\":\"\",\"potentialAction\":[{\"@type\":\"SearchAction\",\"target\":{\"@type\":\"EntryPoint\",\"urlTemplate\":\"https:\/\/lifelonghearing.com\/lt\/?s={search_term_string}\"},\"query-input\":{\"@type\":\"PropertyValueSpecification\",\"valueRequired\":true,\"valueName\":\"search_term_string\"}}],\"inLanguage\":\"en-US\"}]}<\/script>\n<!-- \/ Yoast SEO plugin. -->","yoast_head_json":{"title":"Vartotoj\u0173 istorijos - Lithuanian","robots":{"index":"index","follow":"follow","max-snippet":"max-snippet:-1","max-image-preview":"max-image-preview:large","max-video-preview":"max-video-preview:-1"},"canonical":"https:\/\/lifelonghearing.com\/lt\/klausos-implantu-zurnalas\/vartotoju-istorijos\/","og_locale":"en_US","og_type":"article","og_title":"Vartotoj\u0173 istorijos - Lithuanian","og_url":"https:\/\/lifelonghearing.com\/lt\/klausos-implantu-zurnalas\/vartotoju-istorijos\/","og_site_name":"Lithuanian","article_modified_time":"2025-05-12T09:01:38+00:00","twitter_card":"summary_large_image","twitter_misc":{"Est. reading time":"1 minute"},"schema":{"@context":"https:\/\/schema.org","@graph":[{"@type":"WebPage","@id":"https:\/\/lifelonghearing.com\/lt\/klausos-implantu-zurnalas\/vartotoju-istorijos\/","url":"https:\/\/lifelonghearing.com\/lt\/klausos-implantu-zurnalas\/vartotoju-istorijos\/","name":"Vartotoj\u0173 istorijos - Lithuanian","isPartOf":{"@id":"https:\/\/lifelonghearing.com\/lt\/#website"},"datePublished":"2025-01-01T12:36:19+00:00","dateModified":"2025-05-12T09:01:38+00:00","breadcrumb":{"@id":"https:\/\/lifelonghearing.com\/lt\/klausos-implantu-zurnalas\/vartotoju-istorijos\/#breadcrumb"},"inLanguage":"en-US","potentialAction":[{"@type":"ReadAction","target":["https:\/\/lifelonghearing.com\/lt\/klausos-implantu-zurnalas\/vartotoju-istorijos\/"]}]},{"@type":"BreadcrumbList","@id":"https:\/\/lifelonghearing.com\/lt\/klausos-implantu-zurnalas\/vartotoju-istorijos\/#breadcrumb","itemListElement":[{"@type":"ListItem","position":1,"name":"Home","item":"https:\/\/lifelonghearing.com\/lt\/"},{"@type":"ListItem","position":2,"name":"Klausos implant\u0173 \u017eurnalas","item":"https:\/\/lifelonghearing.com\/lt\/klausos-implantu-zurnalas\/"},{"@type":"ListItem","position":3,"name":"Vartotoj\u0173 istorijos"}]},{"@type":"WebSite","@id":"https:\/\/lifelonghearing.com\/lt\/#website","url":"https:\/\/lifelonghearing.com\/lt\/","name":"Lithuanian","description":"","potentialAction":[{"@type":"SearchAction","target":{"@type":"EntryPoint","urlTemplate":"https:\/\/lifelonghearing.com\/lt\/?s={search_term_string}"},"query-input":{"@type":"PropertyValueSpecification","valueRequired":true,"valueName":"search_term_string"}}],"inLanguage":"en-US"}]}},"acf":[],"_links":{"self":[{"href":"https:\/\/lifelonghearing.com\/lt\/wp-json\/wp\/v2\/pages\/30422","targetHints":{"allow":["GET"]}}],"collection":[{"href":"https:\/\/lifelonghearing.com\/lt\/wp-json\/wp\/v2\/pages"}],"about":[{"href":"https:\/\/lifelonghearing.com\/lt\/wp-json\/wp\/v2\/types\/page"}],"author":[{"embeddable":true,"href":"https:\/\/lifelonghearing.com\/lt\/wp-json\/wp\/v2\/users\/4"}],"replies":[{"embeddable":true,"href":"https:\/\/lifelonghearing.com\/lt\/wp-json\/wp\/v2\/comments?post=30422"}],"version-history":[{"count":5,"href":"https:\/\/lifelonghearing.com\/lt\/wp-json\/wp\/v2\/pages\/30422\/revisions"}],"predecessor-version":[{"id":32452,"href":"https:\/\/lifelonghearing.com\/lt\/wp-json\/wp\/v2\/pages\/30422\/revisions\/32452"}],"up":[{"embeddable":true,"href":"https:\/\/lifelonghearing.com\/lt\/wp-json\/wp\/v2\/pages\/30401"}],"wp:attachment":[{"href":"https:\/\/lifelonghearing.com\/lt\/wp-json\/wp\/v2\/media?parent=30422"}],"curies":[{"name":"wp","href":"https:\/\/api.w.org\/{rel}","templated":true}]}}