{"id":32284,"date":"2025-04-03T10:39:21","date_gmt":"2025-04-03T10:39:21","guid":{"rendered":"https:\/\/lifelonghearing.com\/hu\/?page_id=32284"},"modified":"2026-02-27T10:41:23","modified_gmt":"2026-02-27T10:41:23","slug":"hallasnagykoveteink","status":"publish","type":"page","link":"https:\/\/lifelonghearing.com\/hu\/hallasnagykoveteink\/","title":{"rendered":"Hall\u00e1snagyk\u00f6veteink"},"content":{"rendered":"<div class=\"fusion-fullwidth fullwidth-box fusion-builder-row-1 fusion-flex-container has-pattern-background has-mask-background nonhundred-percent-fullwidth non-hundred-percent-height-scrolling\" style=\"--awb-border-radius-top-left:0px;--awb-border-radius-top-right:0px;--awb-border-radius-bottom-right:0px;--awb-border-radius-bottom-left:0px;--awb-padding-top:80px;--awb-padding-right:20px;--awb-padding-bottom:20px;--awb-padding-left:20px;--awb-background-color:var(--awb-color1);--awb-flex-wrap:wrap;\" ><div class=\"fusion-builder-row fusion-row fusion-flex-align-items-flex-start fusion-flex-content-wrap\" style=\"max-width:1248px;margin-left: calc(-4% \/ 2 );margin-right: calc(-4% \/ 2 );\"><div class=\"fusion-layout-column fusion_builder_column fusion-builder-column-0 fusion_builder_column_1_1 1_1 fusion-flex-column\" style=\"--awb-bg-size:cover;--awb-width-large:100%;--awb-margin-top-large:10px;--awb-spacing-right-large:1.92%;--awb-margin-bottom-large:10px;--awb-spacing-left-large:1.92%;--awb-width-medium:100%;--awb-order-medium:0;--awb-spacing-right-medium:1.92%;--awb-spacing-left-medium:1.92%;--awb-width-small:100%;--awb-order-small:0;--awb-spacing-right-small:1.92%;--awb-spacing-left-small:1.92%;\"><div class=\"fusion-column-wrapper fusion-column-has-shadow fusion-flex-justify-content-flex-start fusion-content-layout-column\"><div class=\"fusion-title title fusion-title-1 fusion-sep-none fusion-title-center fusion-title-text fusion-title-size-one\" style=\"--awb-margin-top:0px;--awb-margin-right:5%;--awb-margin-left:5%;--awb-font-size:45px;\"><h1 class=\"fusion-title-heading title-heading-center fusion-responsive-typography-calculated\" style=\"margin:0;font-size:1em;--fontSize:45;line-height:1.4;\">Hall\u00e1snagyk\u00f6veteink \u00f6r\u00f6mmel osztj\u00e1k meg veled a tapasztalataikat!<\/h1><\/div><div class=\"fusion-text fusion-text-1\" style=\"--awb-content-alignment:center;\"><p>El kezdt\u00e9l azon gonolkodni, hogy hogyan tudn\u00e1d kezelni a hall\u00e1sprobl\u00e9m\u00e1idat, vagy m\u00e1r tudod is, hogy a cochle\u00e1ris implant\u00e1tum mellett d\u00f6ntesz? A legmegfelel\u0151bb megold\u00e1st keresed gyermeked sz\u00e1m\u00e1ra? Tippekre van sz\u00fcks\u00e9ged a cochle\u00e1ris implant\u00e1tummal kapcsolatban? \u00c9rdekel a cochle\u00e1ris implant\u00e1tum technol\u00f3gi\u00e1ja? L\u00e9pj kapcsolatba a hall\u00e1snagyk\u00f6veteinkkel, \u00e9s k\u00e9rdezd k\u00f6zvetlen\u00fcl \u0151ket!<\/p>\n<\/div><div class=\"fusion-title title fusion-title-2 fusion-sep-none fusion-title-center fusion-title-text fusion-title-size-two\" style=\"--awb-margin-top:80px;--awb-margin-bottom:30px;--awb-font-size:45px;\"><h2 class=\"fusion-title-heading title-heading-center fusion-responsive-typography-calculated\" style=\"font-family:&quot;DM Serif Text&quot;;font-style:normal;font-weight:400;margin:0;font-size:1em;--fontSize:45;line-height:1.4;\">Vedd fel a kapcsolatot a hall\u00e1snagyk\u00f6veteinkkel!<\/h2><\/div><div class=\"fusion-post-cards fusion-post-cards-1 fusion-grid-archive fusion-grid-columns-3\" style=\"--awb-column-spacing:20px;--awb-dots-align:center;--awb-columns:3;--awb-active-filter-border-size:3px;--awb-filters-height:36px;--awb-row-spacing:20px;--awb-columns-medium:33.3333%;--awb-columns-small:100%;\"><ul class=\"fusion-grid fusion-grid-3 fusion-flex-align-items-stretch fusion-grid-posts-cards\"><li class=\"fusion-layout-column fusion_builder_column fusion-builder-column-1 fusion-flex-column post-card fusion-grid-column fusion-post-cards-grid-column\" style=\"--awb-bg-color:#f9f9f9;--awb-bg-color-hover:#f9f9f9;--awb-bg-size:cover;\"><div class=\"fusion-column-wrapper fusion-flex-justify-content-flex-start fusion-content-layout-column\"><div class=\"fusion-classic-product-image-wrapper fusion-woo-product-image fusion-post-card-image fusion-post-card-image-1\" data-layout=\"static\"><div  class=\"fusion-image-wrapper\" aria-haspopup=\"true\">\n\t\t\t\t\t\t\t<a href=\"https:\/\/lifelonghearing.com\/hu\/partner\/johanna\/\" aria-label=\"Johanna\">\n\t\t\t\t\t\t\t<img decoding=\"async\" width=\"1916\" height=\"1916\" src=\"https:\/\/lifelonghearing.com\/hu\/wp-content\/uploads\/sites\/4\/2026\/02\/Johanna-Bokros-1-scaled.jpg\" class=\"attachment-full size-full lazyload wp-post-image\" alt=\"\" srcset=\"data:image\/svg+xml,%3Csvg%20xmlns%3D%27http%3A%2F%2Fwww.w3.org%2F2000%2Fsvg%27%20width%3D%271916%27%20height%3D%271916%27%20viewBox%3D%270%200%201916%201916%27%3E%3Crect%20width%3D%271916%27%20height%3D%271916%27%20fill-opacity%3D%220%22%2F%3E%3C%2Fsvg%3E\" data-orig-src=\"https:\/\/lifelonghearing.com\/hu\/wp-content\/uploads\/sites\/4\/2026\/02\/Johanna-Bokros-1-scaled.jpg\" data-srcset=\"https:\/\/lifelonghearing.com\/hu\/wp-content\/uploads\/sites\/4\/2026\/02\/Johanna-Bokros-1-200x200.jpg 200w, https:\/\/lifelonghearing.com\/hu\/wp-content\/uploads\/sites\/4\/2026\/02\/Johanna-Bokros-1-400x400.jpg 400w, https:\/\/lifelonghearing.com\/hu\/wp-content\/uploads\/sites\/4\/2026\/02\/Johanna-Bokros-1-600x600.jpg 600w, https:\/\/lifelonghearing.com\/hu\/wp-content\/uploads\/sites\/4\/2026\/02\/Johanna-Bokros-1-800x800.jpg 800w, https:\/\/lifelonghearing.com\/hu\/wp-content\/uploads\/sites\/4\/2026\/02\/Johanna-Bokros-1-1200x1200.jpg 1200w, https:\/\/lifelonghearing.com\/hu\/wp-content\/uploads\/sites\/4\/2026\/02\/Johanna-Bokros-1-scaled.jpg 1916w\" data-sizes=\"auto\" \/>\t\t\t<\/a>\n\t\t\t\t\t\t\t<\/div>\n<\/div><div class=\"fusion-builder-row fusion-builder-row-inner fusion-row fusion-flex-align-items-flex-start fusion-flex-content-wrap\" style=\"width:104% !important;max-width:104% !important;margin-left: calc(-4% \/ 2 );margin-right: calc(-4% \/ 2 );\"><div class=\"fusion-layout-column fusion_builder_column_inner fusion-builder-nested-column-0 fusion_builder_column_inner_1_1 1_1 fusion-flex-column\" style=\"--awb-padding-top:30px;--awb-padding-right:40px;--awb-padding-bottom:30px;--awb-padding-left:40px;--awb-padding-top-small:20px;--awb-padding-right-small:20px;--awb-padding-bottom-small:20px;--awb-padding-left-small:20px;--awb-bg-color:#f9f9f9;--awb-bg-color-hover:#f9f9f9;--awb-bg-size:cover;--awb-width-large:100%;--awb-margin-top-large:0px;--awb-spacing-right-large:1.92%;--awb-margin-bottom-large:0px;--awb-spacing-left-large:1.92%;--awb-width-medium:100%;--awb-order-medium:0;--awb-spacing-right-medium:1.92%;--awb-spacing-left-medium:1.92%;--awb-width-small:100%;--awb-order-small:0;--awb-spacing-right-small:1.92%;--awb-spacing-left-small:1.92%;\"><div class=\"fusion-column-wrapper fusion-column-has-shadow fusion-flex-justify-content-flex-start fusion-content-layout-column\"><div class=\"fusion-text fusion-text-2 fusion-text-no-margin\" style=\"--awb-font-size:20px;--awb-text-color:#000000;--awb-margin-bottom:5px;--awb-text-font-family:&quot;Open Sans&quot;;--awb-text-font-style:normal;--awb-text-font-weight:600;\"><p>Johanna<\/p>\n<\/div><div class=\"fusion-text fusion-text-3 fusion-text-no-margin\" style=\"--awb-text-color:#515151;--awb-margin-bottom:10px;\"><p>\u00dagy gondolom a legfontosabb: a lehet\u0151s\u00e9geket, amik el\u00e9d ker\u00fclnek haszn\u00e1ld ki \u00e9s ne szalaszd el. Merj b\u00e1tran l\u00e9pni!<\/p>\n<\/div><div style=\"text-align:left;\"><a class=\"fusion-button button-flat button-large button-custom fusion-button-default button-1 fusion-button-default-span fusion-button-default-type\" style=\"--button_accent_color:#5ebfbb;--button_border_color:#5ebfbb;--button_accent_hover_color:rgba(61,59,59,0.8);--button_border_hover_color:rgba(61,59,59,0.8);--button_gradient_top_color:rgba(255,255,255,0);--button_gradient_bottom_color:rgba(255,255,255,0);--button_gradient_top_color_hover:rgba(255,255,255,0);--button_gradient_bottom_color_hover:rgba(255,255,255,0);--button_margin-right:0px;--button_margin-bottom:0px;--button_margin-left:-30px;\" target=\"_self\" href=\"https:\/\/lifelonghearing.com\/hu\/partner\/johanna\/\"><span class=\"fusion-button-text\">KAPCSOLATFELV\u00c9TEL<\/span><i class=\"fa-arrow-right fas button-icon-right\" aria-hidden=\"true\"><\/i><\/a><\/div><\/div><\/div><\/div><\/div><\/li>\n<li class=\"fusion-layout-column fusion_builder_column fusion-builder-column-2 fusion-flex-column post-card fusion-grid-column fusion-post-cards-grid-column\" style=\"--awb-bg-color:#f9f9f9;--awb-bg-color-hover:#f9f9f9;--awb-bg-size:cover;\"><div class=\"fusion-column-wrapper fusion-flex-justify-content-flex-start fusion-content-layout-column\"><div class=\"fusion-classic-product-image-wrapper fusion-woo-product-image fusion-post-card-image fusion-post-card-image-1\" data-layout=\"static\"><div  class=\"fusion-image-wrapper\" aria-haspopup=\"true\">\n\t\t\t\t\t\t\t<a href=\"https:\/\/lifelonghearing.com\/hu\/partner\/agnes-p\/\" aria-label=\"\u00c1gnes P.\">\n\t\t\t\t\t\t\t<img decoding=\"async\" width=\"400\" height=\"400\" src=\"https:\/\/lifelonghearing.com\/hu\/wp-content\/uploads\/sites\/4\/2025\/04\/IMG_5858-400x533-1.jpg\" class=\"attachment-full size-full lazyload wp-post-image\" alt=\"\" srcset=\"data:image\/svg+xml,%3Csvg%20xmlns%3D%27http%3A%2F%2Fwww.w3.org%2F2000%2Fsvg%27%20width%3D%27400%27%20height%3D%27400%27%20viewBox%3D%270%200%20400%20400%27%3E%3Crect%20width%3D%27400%27%20height%3D%27400%27%20fill-opacity%3D%220%22%2F%3E%3C%2Fsvg%3E\" data-orig-src=\"https:\/\/lifelonghearing.com\/hu\/wp-content\/uploads\/sites\/4\/2025\/04\/IMG_5858-400x533-1.jpg\" data-srcset=\"https:\/\/lifelonghearing.com\/hu\/wp-content\/uploads\/sites\/4\/2025\/04\/IMG_5858-400x533-1-200x200.jpg 200w, https:\/\/lifelonghearing.com\/hu\/wp-content\/uploads\/sites\/4\/2025\/04\/IMG_5858-400x533-1.jpg 400w\" data-sizes=\"auto\" \/>\t\t\t<\/a>\n\t\t\t\t\t\t\t<\/div>\n<\/div><div class=\"fusion-builder-row fusion-builder-row-inner fusion-row fusion-flex-align-items-flex-start fusion-flex-content-wrap\" style=\"width:104% !important;max-width:104% !important;margin-left: calc(-4% \/ 2 );margin-right: calc(-4% \/ 2 );\"><div class=\"fusion-layout-column fusion_builder_column_inner fusion-builder-nested-column-1 fusion_builder_column_inner_1_1 1_1 fusion-flex-column\" style=\"--awb-padding-top:30px;--awb-padding-right:40px;--awb-padding-bottom:30px;--awb-padding-left:40px;--awb-padding-top-small:20px;--awb-padding-right-small:20px;--awb-padding-bottom-small:20px;--awb-padding-left-small:20px;--awb-bg-color:#f9f9f9;--awb-bg-color-hover:#f9f9f9;--awb-bg-size:cover;--awb-width-large:100%;--awb-margin-top-large:0px;--awb-spacing-right-large:1.92%;--awb-margin-bottom-large:0px;--awb-spacing-left-large:1.92%;--awb-width-medium:100%;--awb-order-medium:0;--awb-spacing-right-medium:1.92%;--awb-spacing-left-medium:1.92%;--awb-width-small:100%;--awb-order-small:0;--awb-spacing-right-small:1.92%;--awb-spacing-left-small:1.92%;\"><div class=\"fusion-column-wrapper fusion-column-has-shadow fusion-flex-justify-content-flex-start fusion-content-layout-column\"><div class=\"fusion-text fusion-text-4 fusion-text-no-margin\" style=\"--awb-font-size:20px;--awb-text-color:#000000;--awb-margin-bottom:5px;--awb-text-font-family:&quot;Open Sans&quot;;--awb-text-font-style:normal;--awb-text-font-weight:600;\"><p>\u00c1gnes P.<\/p>\n<\/div><div class=\"fusion-text fusion-text-5 fusion-text-no-margin\" style=\"--awb-text-color:#515151;--awb-margin-bottom:10px;\"><p>Cochle\u00e1ris implant\u00e1tum haszn\u00e1l\u00f3 Sonnet 2 mindk\u00e9t oldalon Paks<\/p>\n<\/div><div style=\"text-align:left;\"><a class=\"fusion-button button-flat button-large button-custom fusion-button-default button-2 fusion-button-default-span fusion-button-default-type\" style=\"--button_accent_color:#5ebfbb;--button_border_color:#5ebfbb;--button_accent_hover_color:rgba(61,59,59,0.8);--button_border_hover_color:rgba(61,59,59,0.8);--button_gradient_top_color:rgba(255,255,255,0);--button_gradient_bottom_color:rgba(255,255,255,0);--button_gradient_top_color_hover:rgba(255,255,255,0);--button_gradient_bottom_color_hover:rgba(255,255,255,0);--button_margin-right:0px;--button_margin-bottom:0px;--button_margin-left:-30px;\" target=\"_self\" href=\"https:\/\/lifelonghearing.com\/hu\/partner\/agnes-p\/\"><span class=\"fusion-button-text\">KAPCSOLATFELV\u00c9TEL<\/span><i class=\"fa-arrow-right fas button-icon-right\" aria-hidden=\"true\"><\/i><\/a><\/div><\/div><\/div><\/div><\/div><\/li>\n<li class=\"fusion-layout-column fusion_builder_column fusion-builder-column-3 fusion-flex-column post-card fusion-grid-column fusion-post-cards-grid-column\" style=\"--awb-bg-color:#f9f9f9;--awb-bg-color-hover:#f9f9f9;--awb-bg-size:cover;\"><div class=\"fusion-column-wrapper fusion-flex-justify-content-flex-start fusion-content-layout-column\"><div class=\"fusion-classic-product-image-wrapper fusion-woo-product-image fusion-post-card-image fusion-post-card-image-1\" data-layout=\"static\"><div  class=\"fusion-image-wrapper\" aria-haspopup=\"true\">\n\t\t\t\t\t\t\t<a href=\"https:\/\/lifelonghearing.com\/hu\/partner\/agnes-k\/\" aria-label=\"\u00c1gnes K.\">\n\t\t\t\t\t\t\t<img decoding=\"async\" width=\"400\" height=\"400\" src=\"https:\/\/lifelonghearing.com\/hu\/wp-content\/uploads\/sites\/4\/2025\/04\/agnes-kuhajda_picture-scaled-e1716884679881-400x400-1.jpg\" class=\"attachment-full size-full lazyload wp-post-image\" alt=\"\" srcset=\"data:image\/svg+xml,%3Csvg%20xmlns%3D%27http%3A%2F%2Fwww.w3.org%2F2000%2Fsvg%27%20width%3D%27400%27%20height%3D%27400%27%20viewBox%3D%270%200%20400%20400%27%3E%3Crect%20width%3D%27400%27%20height%3D%27400%27%20fill-opacity%3D%220%22%2F%3E%3C%2Fsvg%3E\" data-orig-src=\"https:\/\/lifelonghearing.com\/hu\/wp-content\/uploads\/sites\/4\/2025\/04\/agnes-kuhajda_picture-scaled-e1716884679881-400x400-1.jpg\" data-srcset=\"https:\/\/lifelonghearing.com\/hu\/wp-content\/uploads\/sites\/4\/2025\/04\/agnes-kuhajda_picture-scaled-e1716884679881-400x400-1-200x200.jpg 200w, https:\/\/lifelonghearing.com\/hu\/wp-content\/uploads\/sites\/4\/2025\/04\/agnes-kuhajda_picture-scaled-e1716884679881-400x400-1.jpg 400w\" data-sizes=\"auto\" \/>\t\t\t<\/a>\n\t\t\t\t\t\t\t<\/div>\n<\/div><div class=\"fusion-builder-row fusion-builder-row-inner fusion-row fusion-flex-align-items-flex-start fusion-flex-content-wrap\" style=\"width:104% !important;max-width:104% !important;margin-left: calc(-4% \/ 2 );margin-right: calc(-4% \/ 2 );\"><div class=\"fusion-layout-column fusion_builder_column_inner fusion-builder-nested-column-2 fusion_builder_column_inner_1_1 1_1 fusion-flex-column\" style=\"--awb-padding-top:30px;--awb-padding-right:40px;--awb-padding-bottom:30px;--awb-padding-left:40px;--awb-padding-top-small:20px;--awb-padding-right-small:20px;--awb-padding-bottom-small:20px;--awb-padding-left-small:20px;--awb-bg-color:#f9f9f9;--awb-bg-color-hover:#f9f9f9;--awb-bg-size:cover;--awb-width-large:100%;--awb-margin-top-large:0px;--awb-spacing-right-large:1.92%;--awb-margin-bottom-large:0px;--awb-spacing-left-large:1.92%;--awb-width-medium:100%;--awb-order-medium:0;--awb-spacing-right-medium:1.92%;--awb-spacing-left-medium:1.92%;--awb-width-small:100%;--awb-order-small:0;--awb-spacing-right-small:1.92%;--awb-spacing-left-small:1.92%;\"><div class=\"fusion-column-wrapper fusion-column-has-shadow fusion-flex-justify-content-flex-start fusion-content-layout-column\"><div class=\"fusion-text fusion-text-6 fusion-text-no-margin\" style=\"--awb-font-size:20px;--awb-text-color:#000000;--awb-margin-bottom:5px;--awb-text-font-family:&quot;Open Sans&quot;;--awb-text-font-style:normal;--awb-text-font-weight:600;\"><p>\u00c1gnes K.<\/p>\n<\/div><div class=\"fusion-text fusion-text-7 fusion-text-no-margin\" style=\"--awb-text-color:#515151;--awb-margin-bottom:10px;\"><p>Cochle\u00e1ris implant\u00e1tum haszn\u00e1l\u00f3 Jobb oldal: hall\u00f3k\u00e9sz\u00fcl\u00e9k; bal oldal: Sonnet 2<\/p>\n<\/div><div style=\"text-align:left;\"><a class=\"fusion-button button-flat button-large button-custom fusion-button-default button-3 fusion-button-default-span fusion-button-default-type\" style=\"--button_accent_color:#5ebfbb;--button_border_color:#5ebfbb;--button_accent_hover_color:rgba(61,59,59,0.8);--button_border_hover_color:rgba(61,59,59,0.8);--button_gradient_top_color:rgba(255,255,255,0);--button_gradient_bottom_color:rgba(255,255,255,0);--button_gradient_top_color_hover:rgba(255,255,255,0);--button_gradient_bottom_color_hover:rgba(255,255,255,0);--button_margin-right:0px;--button_margin-bottom:0px;--button_margin-left:-30px;\" target=\"_self\" href=\"https:\/\/lifelonghearing.com\/hu\/partner\/agnes-k\/\"><span class=\"fusion-button-text\">KAPCSOLATFELV\u00c9TEL<\/span><i class=\"fa-arrow-right fas button-icon-right\" aria-hidden=\"true\"><\/i><\/a><\/div><\/div><\/div><\/div><\/div><\/li>\n<li class=\"fusion-layout-column fusion_builder_column fusion-builder-column-4 fusion-flex-column post-card fusion-grid-column fusion-post-cards-grid-column\" style=\"--awb-bg-color:#f9f9f9;--awb-bg-color-hover:#f9f9f9;--awb-bg-size:cover;\"><div class=\"fusion-column-wrapper fusion-flex-justify-content-flex-start fusion-content-layout-column\"><div class=\"fusion-classic-product-image-wrapper fusion-woo-product-image fusion-post-card-image fusion-post-card-image-1\" data-layout=\"static\"><div  class=\"fusion-image-wrapper\" aria-haspopup=\"true\">\n\t\t\t\t\t\t\t<a href=\"https:\/\/lifelonghearing.com\/hu\/partner\/tamas\/\" aria-label=\"Tam\u00e1s\">\n\t\t\t\t\t\t\t<img decoding=\"async\" width=\"400\" height=\"400\" src=\"https:\/\/lifelonghearing.com\/hu\/wp-content\/uploads\/sites\/4\/2025\/04\/szabo-tamas_pic-400x400-1.jpg\" class=\"attachment-full size-full lazyload wp-post-image\" alt=\"\" srcset=\"data:image\/svg+xml,%3Csvg%20xmlns%3D%27http%3A%2F%2Fwww.w3.org%2F2000%2Fsvg%27%20width%3D%27400%27%20height%3D%27400%27%20viewBox%3D%270%200%20400%20400%27%3E%3Crect%20width%3D%27400%27%20height%3D%27400%27%20fill-opacity%3D%220%22%2F%3E%3C%2Fsvg%3E\" data-orig-src=\"https:\/\/lifelonghearing.com\/hu\/wp-content\/uploads\/sites\/4\/2025\/04\/szabo-tamas_pic-400x400-1.jpg\" data-srcset=\"https:\/\/lifelonghearing.com\/hu\/wp-content\/uploads\/sites\/4\/2025\/04\/szabo-tamas_pic-400x400-1-200x200.jpg 200w, https:\/\/lifelonghearing.com\/hu\/wp-content\/uploads\/sites\/4\/2025\/04\/szabo-tamas_pic-400x400-1.jpg 400w\" data-sizes=\"auto\" \/>\t\t\t<\/a>\n\t\t\t\t\t\t\t<\/div>\n<\/div><div class=\"fusion-builder-row fusion-builder-row-inner fusion-row fusion-flex-align-items-flex-start fusion-flex-content-wrap\" style=\"width:104% !important;max-width:104% !important;margin-left: calc(-4% \/ 2 );margin-right: calc(-4% \/ 2 );\"><div class=\"fusion-layout-column fusion_builder_column_inner fusion-builder-nested-column-3 fusion_builder_column_inner_1_1 1_1 fusion-flex-column\" style=\"--awb-padding-top:30px;--awb-padding-right:40px;--awb-padding-bottom:30px;--awb-padding-left:40px;--awb-padding-top-small:20px;--awb-padding-right-small:20px;--awb-padding-bottom-small:20px;--awb-padding-left-small:20px;--awb-bg-color:#f9f9f9;--awb-bg-color-hover:#f9f9f9;--awb-bg-size:cover;--awb-width-large:100%;--awb-margin-top-large:0px;--awb-spacing-right-large:1.92%;--awb-margin-bottom-large:0px;--awb-spacing-left-large:1.92%;--awb-width-medium:100%;--awb-order-medium:0;--awb-spacing-right-medium:1.92%;--awb-spacing-left-medium:1.92%;--awb-width-small:100%;--awb-order-small:0;--awb-spacing-right-small:1.92%;--awb-spacing-left-small:1.92%;\"><div class=\"fusion-column-wrapper fusion-column-has-shadow fusion-flex-justify-content-flex-start fusion-content-layout-column\"><div class=\"fusion-text fusion-text-8 fusion-text-no-margin\" style=\"--awb-font-size:20px;--awb-text-color:#000000;--awb-margin-bottom:5px;--awb-text-font-family:&quot;Open Sans&quot;;--awb-text-font-style:normal;--awb-text-font-weight:600;\"><p>Tam\u00e1s<\/p>\n<\/div><div class=\"fusion-text fusion-text-9 fusion-text-no-margin\" style=\"--awb-text-color:#515151;--awb-margin-bottom:10px;\"><p>Cochle\u00e1ris implant\u00e1tum haszn\u00e1l\u00f3 Sonnet 2 mindk\u00e9t oldalon Mez\u0151t\u00far<\/p>\n<\/div><div style=\"text-align:left;\"><a class=\"fusion-button button-flat button-large button-custom fusion-button-default button-4 fusion-button-default-span fusion-button-default-type\" style=\"--button_accent_color:#5ebfbb;--button_border_color:#5ebfbb;--button_accent_hover_color:rgba(61,59,59,0.8);--button_border_hover_color:rgba(61,59,59,0.8);--button_gradient_top_color:rgba(255,255,255,0);--button_gradient_bottom_color:rgba(255,255,255,0);--button_gradient_top_color_hover:rgba(255,255,255,0);--button_gradient_bottom_color_hover:rgba(255,255,255,0);--button_margin-right:0px;--button_margin-bottom:0px;--button_margin-left:-30px;\" target=\"_self\" href=\"https:\/\/lifelonghearing.com\/hu\/partner\/tamas\/\"><span class=\"fusion-button-text\">KAPCSOLATFELV\u00c9TEL<\/span><i class=\"fa-arrow-right fas button-icon-right\" aria-hidden=\"true\"><\/i><\/a><\/div><\/div><\/div><\/div><\/div><\/li>\n<\/ul><\/div><\/div><\/div><\/div><\/div>\n","protected":false},"excerpt":{"rendered":"","protected":false},"author":4,"featured_media":0,"parent":0,"menu_order":0,"comment_status":"closed","ping_status":"closed","template":"100-width.php","meta":{"_acf_changed":false,"footnotes":""},"class_list":["post-32284","page","type-page","status-publish","hentry"],"yoast_head":"<!-- This site is optimized with the Yoast SEO plugin v24.3 - https:\/\/yoast.com\/wordpress\/plugins\/seo\/ -->\n<title>Hall\u00e1snagyk\u00f6veteink - Hungary<\/title>\n<meta name=\"robots\" content=\"index, follow, max-snippet:-1, max-image-preview:large, max-video-preview:-1\" \/>\n<link rel=\"canonical\" href=\"https:\/\/lifelonghearing.com\/hu\/hallasnagykoveteink\/\" \/>\n<meta property=\"og:locale\" content=\"en_US\" \/>\n<meta property=\"og:type\" content=\"article\" \/>\n<meta property=\"og:title\" content=\"Hall\u00e1snagyk\u00f6veteink - Hungary\" \/>\n<meta property=\"og:url\" content=\"https:\/\/lifelonghearing.com\/hu\/hallasnagykoveteink\/\" \/>\n<meta property=\"og:site_name\" content=\"Hungary\" \/>\n<meta property=\"article:modified_time\" content=\"2026-02-27T10:41:23+00:00\" \/>\n<meta name=\"twitter:card\" content=\"summary_large_image\" \/>\n<meta name=\"twitter:label1\" content=\"Est. reading time\" \/>\n\t<meta name=\"twitter:data1\" content=\"2 minutes\" \/>\n<script type=\"application\/ld+json\" class=\"yoast-schema-graph\">{\"@context\":\"https:\/\/schema.org\",\"@graph\":[{\"@type\":\"WebPage\",\"@id\":\"https:\/\/lifelonghearing.com\/hu\/hallasnagykoveteink\/\",\"url\":\"https:\/\/lifelonghearing.com\/hu\/hallasnagykoveteink\/\",\"name\":\"Hall\u00e1snagyk\u00f6veteink - Hungary\",\"isPartOf\":{\"@id\":\"https:\/\/lifelonghearing.com\/hu\/#website\"},\"datePublished\":\"2025-04-03T10:39:21+00:00\",\"dateModified\":\"2026-02-27T10:41:23+00:00\",\"breadcrumb\":{\"@id\":\"https:\/\/lifelonghearing.com\/hu\/hallasnagykoveteink\/#breadcrumb\"},\"inLanguage\":\"en-US\",\"potentialAction\":[{\"@type\":\"ReadAction\",\"target\":[\"https:\/\/lifelonghearing.com\/hu\/hallasnagykoveteink\/\"]}]},{\"@type\":\"BreadcrumbList\",\"@id\":\"https:\/\/lifelonghearing.com\/hu\/hallasnagykoveteink\/#breadcrumb\",\"itemListElement\":[{\"@type\":\"ListItem\",\"position\":1,\"name\":\"Home\",\"item\":\"https:\/\/lifelonghearing.com\/hu\/\"},{\"@type\":\"ListItem\",\"position\":2,\"name\":\"Hall\u00e1snagyk\u00f6veteink\"}]},{\"@type\":\"WebSite\",\"@id\":\"https:\/\/lifelonghearing.com\/hu\/#website\",\"url\":\"https:\/\/lifelonghearing.com\/hu\/\",\"name\":\"Hungary\",\"description\":\"\",\"potentialAction\":[{\"@type\":\"SearchAction\",\"target\":{\"@type\":\"EntryPoint\",\"urlTemplate\":\"https:\/\/lifelonghearing.com\/hu\/?s={search_term_string}\"},\"query-input\":{\"@type\":\"PropertyValueSpecification\",\"valueRequired\":true,\"valueName\":\"search_term_string\"}}],\"inLanguage\":\"en-US\"}]}<\/script>\n<!-- \/ Yoast SEO plugin. -->","yoast_head_json":{"title":"Hall\u00e1snagyk\u00f6veteink - Hungary","robots":{"index":"index","follow":"follow","max-snippet":"max-snippet:-1","max-image-preview":"max-image-preview:large","max-video-preview":"max-video-preview:-1"},"canonical":"https:\/\/lifelonghearing.com\/hu\/hallasnagykoveteink\/","og_locale":"en_US","og_type":"article","og_title":"Hall\u00e1snagyk\u00f6veteink - Hungary","og_url":"https:\/\/lifelonghearing.com\/hu\/hallasnagykoveteink\/","og_site_name":"Hungary","article_modified_time":"2026-02-27T10:41:23+00:00","twitter_card":"summary_large_image","twitter_misc":{"Est. reading time":"2 minutes"},"schema":{"@context":"https:\/\/schema.org","@graph":[{"@type":"WebPage","@id":"https:\/\/lifelonghearing.com\/hu\/hallasnagykoveteink\/","url":"https:\/\/lifelonghearing.com\/hu\/hallasnagykoveteink\/","name":"Hall\u00e1snagyk\u00f6veteink - Hungary","isPartOf":{"@id":"https:\/\/lifelonghearing.com\/hu\/#website"},"datePublished":"2025-04-03T10:39:21+00:00","dateModified":"2026-02-27T10:41:23+00:00","breadcrumb":{"@id":"https:\/\/lifelonghearing.com\/hu\/hallasnagykoveteink\/#breadcrumb"},"inLanguage":"en-US","potentialAction":[{"@type":"ReadAction","target":["https:\/\/lifelonghearing.com\/hu\/hallasnagykoveteink\/"]}]},{"@type":"BreadcrumbList","@id":"https:\/\/lifelonghearing.com\/hu\/hallasnagykoveteink\/#breadcrumb","itemListElement":[{"@type":"ListItem","position":1,"name":"Home","item":"https:\/\/lifelonghearing.com\/hu\/"},{"@type":"ListItem","position":2,"name":"Hall\u00e1snagyk\u00f6veteink"}]},{"@type":"WebSite","@id":"https:\/\/lifelonghearing.com\/hu\/#website","url":"https:\/\/lifelonghearing.com\/hu\/","name":"Hungary","description":"","potentialAction":[{"@type":"SearchAction","target":{"@type":"EntryPoint","urlTemplate":"https:\/\/lifelonghearing.com\/hu\/?s={search_term_string}"},"query-input":{"@type":"PropertyValueSpecification","valueRequired":true,"valueName":"search_term_string"}}],"inLanguage":"en-US"}]}},"acf":[],"_links":{"self":[{"href":"https:\/\/lifelonghearing.com\/hu\/wp-json\/wp\/v2\/pages\/32284","targetHints":{"allow":["GET"]}}],"collection":[{"href":"https:\/\/lifelonghearing.com\/hu\/wp-json\/wp\/v2\/pages"}],"about":[{"href":"https:\/\/lifelonghearing.com\/hu\/wp-json\/wp\/v2\/types\/page"}],"author":[{"embeddable":true,"href":"https:\/\/lifelonghearing.com\/hu\/wp-json\/wp\/v2\/users\/4"}],"replies":[{"embeddable":true,"href":"https:\/\/lifelonghearing.com\/hu\/wp-json\/wp\/v2\/comments?post=32284"}],"version-history":[{"count":11,"href":"https:\/\/lifelonghearing.com\/hu\/wp-json\/wp\/v2\/pages\/32284\/revisions"}],"predecessor-version":[{"id":33168,"href":"https:\/\/lifelonghearing.com\/hu\/wp-json\/wp\/v2\/pages\/32284\/revisions\/33168"}],"wp:attachment":[{"href":"https:\/\/lifelonghearing.com\/hu\/wp-json\/wp\/v2\/media?parent=32284"}],"curies":[{"name":"wp","href":"https:\/\/api.w.org\/{rel}","templated":true}]}}