{"id":30433,"date":"2025-01-01T12:41:02","date_gmt":"2025-01-01T12:41:02","guid":{"rendered":"https:\/\/lifelonghearing.com\/hu\/?page_id=30433"},"modified":"2025-04-04T08:54:02","modified_gmt":"2025-04-04T08:54:02","slug":"jogi-kozlemeny","status":"publish","type":"page","link":"https:\/\/lifelonghearing.com\/hu\/jogi-kozlemeny\/","title":{"rendered":"Jogi K\u00f6zlem\u00e9ny"},"content":{"rendered":"<div class=\"fusion-fullwidth fullwidth-box fusion-builder-row-1 fusion-flex-container nonhundred-percent-fullwidth non-hundred-percent-height-scrolling\" style=\"--awb-border-radius-top-left:0px;--awb-border-radius-top-right:0px;--awb-border-radius-bottom-right:0px;--awb-border-radius-bottom-left:0px;--awb-padding-top:50px;--awb-flex-wrap:wrap;\" ><div class=\"fusion-builder-row fusion-row fusion-flex-align-items-flex-start fusion-flex-content-wrap\" style=\"max-width:1248px;margin-left: calc(-4% \/ 2 );margin-right: calc(-4% \/ 2 );\"><div class=\"fusion-layout-column fusion_builder_column fusion-builder-column-0 fusion_builder_column_1_1 1_1 fusion-flex-column\" style=\"--awb-bg-blend:overlay;--awb-bg-size:cover;--awb-width-large:100%;--awb-margin-top-large:0px;--awb-spacing-right-large:1.92%;--awb-margin-bottom-large:0px;--awb-spacing-left-large:1.92%;--awb-width-medium:100%;--awb-spacing-right-medium:1.92%;--awb-spacing-left-medium:1.92%;--awb-width-small:100%;--awb-spacing-right-small:1.92%;--awb-spacing-left-small:1.92%;\"><div class=\"fusion-column-wrapper fusion-flex-justify-content-flex-start fusion-content-layout-column\"><div class=\"fusion-text fusion-text-1\" style=\"--awb-text-transform:none;\"><p><b>A tartalom\u00e9rt felel\u0151s:<\/b><\/p>\n<p>MED\u2212EL Elektromedizinische Ger\u00e4te Gesellschaft m.b.H.<br \/>\nF\u00fcrstenweg 77a<br \/>\n6020 Innsbruck<br \/>\nAusztria<br \/>\nTel.: +43 5 77 88<br \/>\n<a href=\"mailto:office@medel.com\">office@medel.com<\/a><\/p>\n<p>Nyilv\u00e1ntart\u00e1si sz\u00e1m FN 48608h<br \/>\nK\u00d6Z\u00d6SS\u00c9GI AD\u00d3SZ\u00c1M: ATU 31722507<\/p>\n<p><strong>Vez\u00e9rigazgat\u00f3:<\/strong><br \/>\nUniv.Doz. Dr. Ingeborg Hochmair<\/p>\n<h2 class=\"fusion-responsive-typography-calculated\" style=\"--fontsize: 32; line-height: 1.4;\" data-fontsize=\"32\" data-lineheight=\"44.8px\">Felel\u0151ss\u00e9gi nyilatkozat \/ felel\u0151ss\u00e9g kiz\u00e1r\u00e1sa:<\/h2>\n<p>AZ ONLINE AJ\u00c1NLAT TARTALMA<\/p>\n<p>A \u201eLifelong Hearing\u201d weboldal \u00fczemeltet\u0151i nem v\u00e1llalnak felel\u0151ss\u00e9get a k\u00f6z\u00f6lt inform\u00e1ci\u00f3k aktualit\u00e1s\u00e1\u00e9rt, pontoss\u00e1g\u00e1\u00e9rt, teljess\u00e9g\u00e9\u00e9rt vagy min\u0151s\u00e9g\u00e9\u00e9rt. Az \u00fczemeltet\u0151kkel szemben a megadott inform\u00e1ci\u00f3k felhaszn\u00e1l\u00e1sa \u00e1ltal okozott k\u00e1rokkal kapcsolatos felel\u0151ss\u00e9gre vonatkoz\u00f3 ig\u00e9nyeket &#8211; bele\u00e9rtve a hi\u00e1nyos vagy helytelen inform\u00e1ci\u00f3kat is &#8211; ez\u00e9rt elutas\u00edtjuk, kiv\u00e9ve, ha bizony\u00edthat\u00f3, hogy az \u00fczemeltet\u0151k sz\u00e1nd\u00e9kosan vagy s\u00falyos gondatlans\u00e1ggal j\u00e1rtak el. Az aj\u00e1nlatok v\u00e1ltozhatnak \u00e9s nem k\u00f6telez\u0151 \u00e9rv\u00e9ny\u0171ek. A kiad\u00f3k k\u00fcl\u00f6n\u00f6sen fenntartj\u00e1k a jogot, hogy az oldalak egyes r\u00e9szeit vagy a teljes aj\u00e1nlatot el\u0151zetes \u00e9rtes\u00edt\u00e9s n\u00e9lk\u00fcl megv\u00e1ltoztass\u00e1k, kieg\u00e9sz\u00edts\u00e9k vagy t\u00f6r\u00f6lj\u00e9k, illetve a publik\u00e1l\u00e1st ideiglenesen vagy v\u00e9glegesen megsz\u00fcntess\u00e9k.<\/p>\n<p>A JELEN NYILATKOZAT JOGI \u00c9RV\u00c9NYESS\u00c9GE<\/p>\n<p>Ez a nyilatkozat a hivatkozott internetes kiadv\u00e1ny r\u00e9sz\u00e9nek tekintend\u0151. Amennyiben a jelen nyilatkozat egyes r\u00e9szei vagy egyes kik\u00f6t\u00e9sei jogilag nem, m\u00e1r nem vagy nem teljes m\u00e9rt\u00e9kben \u00e9rv\u00e9nyesek, a t\u00f6bbi r\u00e9sz tartalm\u00e1t vagy \u00e9rv\u00e9nyess\u00e9g\u00e9t ez a t\u00e9ny nem befoly\u00e1solja.<\/p>\n<p>HIVATKOZ\u00c1SOK \u00c9S LINKEK<\/p>\n<p>Az \u00fczemeltet\u0151k nem v\u00e1llalnak felel\u0151ss\u00e9get az oldalaikr\u00f3l linkelt vagy hivatkozott tartalmak\u00e9rt &#8211; kiv\u00e9ve, ha teljes m\u00e9rt\u00e9kben tudnak a jogellenes tartalmakr\u00f3l, \u00e9s k\u00e9pesek lenn\u00e9nek megakad\u00e1lyozni, hogy az oldaluk l\u00e1togat\u00f3i megn\u00e9zz\u00e9k ezeket az oldalakat. Az \u00fczemeltet\u0151k ez\u00e9rt nyomat\u00e9kosan kijelentik, hogy a hivatkoz\u00e1sok l\u00e9trehoz\u00e1s\u00e1nak id\u0151pontj\u00e1ban a megfelel\u0151 hivatkozott oldalak nem tartalmaztak illeg\u00e1lis tartalmakat. A kiad\u00f3knak nincs befoly\u00e1suk a hivatkozott oldalak jelenlegi \u00e9s j\u00f6v\u0151beli kialak\u00edt\u00e1s\u00e1ra \u00e9s tartalm\u00e1ra. Ez\u00e9rt ezennel hat\u00e1rozottan elhat\u00e1rol\u00f3dnak az \u00f6sszes linkelt oldal tartalm\u00e1t\u00f3l. Ez a nyilatkozat vonatkozik minden, a saj\u00e1t internetes k\u00edn\u00e1latban elhelyezett linkre \u00e9s hivatkoz\u00e1sra, valamint a kiad\u00f3k \u00e1ltal l\u00e9trehozott vend\u00e9gk\u00f6nyvek, vitaf\u00f3rumok \u00e9s levelez\u0151list\u00e1k k\u00fcls\u0151 bejegyz\u00e9seire. Az illeg\u00e1lis, helytelen vagy hi\u00e1nyos tartalmak\u00e9rt, \u00e9s k\u00fcl\u00f6n\u00f6sen az ilyen inform\u00e1ci\u00f3k haszn\u00e1lat\u00e1b\u00f3l vagy nem haszn\u00e1lat\u00e1b\u00f3l ered\u0151 k\u00e1rok\u00e9rt kiz\u00e1r\u00f3lag a hivatkozott oldal szolg\u00e1ltat\u00f3ja felel\u0151s, nem pedig az, aki csup\u00e1n hivatkoz\u00e1sokkal utal a sz\u00f3ban forg\u00f3 publik\u00e1ci\u00f3ra.<\/p>\n<p>SZERZ\u0150I JOG \u00c9S V\u00c9DJEGYJOG<\/p>\n<p>A kiad\u00f3 t\u00f6rekszik arra, hogy tiszteletben tartsa a kiadv\u00e1nyokban felhaszn\u00e1lt f\u00e9nyk\u00e9pek, grafik\u00e1k, hangdokumentumok, videofilmek \u00e9s sz\u00f6vegek szerz\u0151i jogait, hogy saj\u00e1t maga \u00e1ltal k\u00e9sz\u00edtett f\u00e9nyk\u00e9peket, grafik\u00e1kat, hangdokumentumokat, videofilmeket \u00e9s sz\u00f6vegeket haszn\u00e1ljon, vagy hogy licencmentes f\u00e9nyk\u00e9peket, grafik\u00e1kat, hangdokumentumokat, videofilmeket \u00e9s sz\u00f6vegeket haszn\u00e1ljon. A weboldalon eml\u00edtett \u00e9s adott esetben harmadik f\u00e9l \u00e1ltal v\u00e9dett valamennyi m\u00e1rkan\u00e9v \u00e9s v\u00e9djegy a vonatkoz\u00f3 v\u00e9djegyjogszab\u00e1lyok rendelkez\u00e9sei \u00e9s a mindenkori bejegyzett tulajdonosok tulajdonjoga al\u00e1 tartozik korl\u00e1toz\u00e1s n\u00e9lk\u00fcl. Egy v\u00e9djegy puszta eml\u00edt\u00e9se nem jelenti azt, hogy azt nem v\u00e9dik harmadik f\u00e9l jogai! A Lifelong Hearing szerz\u0151i jogi k\u00f6zlem\u00e9nye a Lifelong Hearing weboldalon k\u00f6zz\u00e9tett sz\u00f6vegekre, f\u00e9nyk\u00e9pekre, grafik\u00e1kra, hangdokumentumokra \u00e9s videofilmekre vonatkozik.<\/p>\n<\/div><\/div><\/div><\/div><\/div>\n","protected":false},"excerpt":{"rendered":"","protected":false},"author":4,"featured_media":0,"parent":0,"menu_order":0,"comment_status":"closed","ping_status":"closed","template":"","meta":{"_acf_changed":false,"footnotes":""},"class_list":["post-30433","page","type-page","status-publish","hentry"],"yoast_head":"<!-- This site is optimized with the Yoast SEO plugin v24.3 - https:\/\/yoast.com\/wordpress\/plugins\/seo\/ -->\n<title>Jogi K\u00f6zlem\u00e9ny - Hungary<\/title>\n<meta name=\"robots\" content=\"index, follow, max-snippet:-1, max-image-preview:large, max-video-preview:-1\" \/>\n<link rel=\"canonical\" href=\"https:\/\/lifelonghearing.com\/hu\/jogi-kozlemeny\/\" \/>\n<meta property=\"og:locale\" content=\"en_US\" \/>\n<meta property=\"og:type\" content=\"article\" \/>\n<meta property=\"og:title\" content=\"Jogi K\u00f6zlem\u00e9ny - Hungary\" \/>\n<meta property=\"og:url\" content=\"https:\/\/lifelonghearing.com\/hu\/jogi-kozlemeny\/\" \/>\n<meta property=\"og:site_name\" content=\"Hungary\" \/>\n<meta property=\"article:modified_time\" content=\"2025-04-04T08:54:02+00:00\" \/>\n<meta name=\"twitter:card\" content=\"summary_large_image\" \/>\n<meta name=\"twitter:label1\" content=\"Est. reading time\" \/>\n\t<meta name=\"twitter:data1\" content=\"2 minutes\" \/>\n<script type=\"application\/ld+json\" class=\"yoast-schema-graph\">{\"@context\":\"https:\/\/schema.org\",\"@graph\":[{\"@type\":\"WebPage\",\"@id\":\"https:\/\/lifelonghearing.com\/hu\/jogi-kozlemeny\/\",\"url\":\"https:\/\/lifelonghearing.com\/hu\/jogi-kozlemeny\/\",\"name\":\"Jogi K\u00f6zlem\u00e9ny - Hungary\",\"isPartOf\":{\"@id\":\"https:\/\/lifelonghearing.com\/hu\/#website\"},\"datePublished\":\"2025-01-01T12:41:02+00:00\",\"dateModified\":\"2025-04-04T08:54:02+00:00\",\"breadcrumb\":{\"@id\":\"https:\/\/lifelonghearing.com\/hu\/jogi-kozlemeny\/#breadcrumb\"},\"inLanguage\":\"en-US\",\"potentialAction\":[{\"@type\":\"ReadAction\",\"target\":[\"https:\/\/lifelonghearing.com\/hu\/jogi-kozlemeny\/\"]}]},{\"@type\":\"BreadcrumbList\",\"@id\":\"https:\/\/lifelonghearing.com\/hu\/jogi-kozlemeny\/#breadcrumb\",\"itemListElement\":[{\"@type\":\"ListItem\",\"position\":1,\"name\":\"Home\",\"item\":\"https:\/\/lifelonghearing.com\/hu\/\"},{\"@type\":\"ListItem\",\"position\":2,\"name\":\"Jogi K\u00f6zlem\u00e9ny\"}]},{\"@type\":\"WebSite\",\"@id\":\"https:\/\/lifelonghearing.com\/hu\/#website\",\"url\":\"https:\/\/lifelonghearing.com\/hu\/\",\"name\":\"Hungary\",\"description\":\"\",\"potentialAction\":[{\"@type\":\"SearchAction\",\"target\":{\"@type\":\"EntryPoint\",\"urlTemplate\":\"https:\/\/lifelonghearing.com\/hu\/?s={search_term_string}\"},\"query-input\":{\"@type\":\"PropertyValueSpecification\",\"valueRequired\":true,\"valueName\":\"search_term_string\"}}],\"inLanguage\":\"en-US\"}]}<\/script>\n<!-- \/ Yoast SEO plugin. -->","yoast_head_json":{"title":"Jogi K\u00f6zlem\u00e9ny - Hungary","robots":{"index":"index","follow":"follow","max-snippet":"max-snippet:-1","max-image-preview":"max-image-preview:large","max-video-preview":"max-video-preview:-1"},"canonical":"https:\/\/lifelonghearing.com\/hu\/jogi-kozlemeny\/","og_locale":"en_US","og_type":"article","og_title":"Jogi K\u00f6zlem\u00e9ny - Hungary","og_url":"https:\/\/lifelonghearing.com\/hu\/jogi-kozlemeny\/","og_site_name":"Hungary","article_modified_time":"2025-04-04T08:54:02+00:00","twitter_card":"summary_large_image","twitter_misc":{"Est. reading time":"2 minutes"},"schema":{"@context":"https:\/\/schema.org","@graph":[{"@type":"WebPage","@id":"https:\/\/lifelonghearing.com\/hu\/jogi-kozlemeny\/","url":"https:\/\/lifelonghearing.com\/hu\/jogi-kozlemeny\/","name":"Jogi K\u00f6zlem\u00e9ny - Hungary","isPartOf":{"@id":"https:\/\/lifelonghearing.com\/hu\/#website"},"datePublished":"2025-01-01T12:41:02+00:00","dateModified":"2025-04-04T08:54:02+00:00","breadcrumb":{"@id":"https:\/\/lifelonghearing.com\/hu\/jogi-kozlemeny\/#breadcrumb"},"inLanguage":"en-US","potentialAction":[{"@type":"ReadAction","target":["https:\/\/lifelonghearing.com\/hu\/jogi-kozlemeny\/"]}]},{"@type":"BreadcrumbList","@id":"https:\/\/lifelonghearing.com\/hu\/jogi-kozlemeny\/#breadcrumb","itemListElement":[{"@type":"ListItem","position":1,"name":"Home","item":"https:\/\/lifelonghearing.com\/hu\/"},{"@type":"ListItem","position":2,"name":"Jogi K\u00f6zlem\u00e9ny"}]},{"@type":"WebSite","@id":"https:\/\/lifelonghearing.com\/hu\/#website","url":"https:\/\/lifelonghearing.com\/hu\/","name":"Hungary","description":"","potentialAction":[{"@type":"SearchAction","target":{"@type":"EntryPoint","urlTemplate":"https:\/\/lifelonghearing.com\/hu\/?s={search_term_string}"},"query-input":{"@type":"PropertyValueSpecification","valueRequired":true,"valueName":"search_term_string"}}],"inLanguage":"en-US"}]}},"acf":[],"_links":{"self":[{"href":"https:\/\/lifelonghearing.com\/hu\/wp-json\/wp\/v2\/pages\/30433","targetHints":{"allow":["GET"]}}],"collection":[{"href":"https:\/\/lifelonghearing.com\/hu\/wp-json\/wp\/v2\/pages"}],"about":[{"href":"https:\/\/lifelonghearing.com\/hu\/wp-json\/wp\/v2\/types\/page"}],"author":[{"embeddable":true,"href":"https:\/\/lifelonghearing.com\/hu\/wp-json\/wp\/v2\/users\/4"}],"replies":[{"embeddable":true,"href":"https:\/\/lifelonghearing.com\/hu\/wp-json\/wp\/v2\/comments?post=30433"}],"version-history":[{"count":4,"href":"https:\/\/lifelonghearing.com\/hu\/wp-json\/wp\/v2\/pages\/30433\/revisions"}],"predecessor-version":[{"id":32351,"href":"https:\/\/lifelonghearing.com\/hu\/wp-json\/wp\/v2\/pages\/30433\/revisions\/32351"}],"wp:attachment":[{"href":"https:\/\/lifelonghearing.com\/hu\/wp-json\/wp\/v2\/media?parent=30433"}],"curies":[{"name":"wp","href":"https:\/\/api.w.org\/{rel}","templated":true}]}}