{"id":32572,"date":"2026-01-02T12:10:28","date_gmt":"2026-01-02T12:10:28","guid":{"rendered":"https:\/\/lifelonghearing.com\/hr\/?page_id=32572"},"modified":"2026-01-02T12:10:28","modified_gmt":"2026-01-02T12:10:28","slug":"ambasadori-sluha","status":"publish","type":"page","link":"https:\/\/lifelonghearing.com\/hr\/ambasadori-sluha\/","title":{"rendered":"Ambasadori sluha"},"content":{"rendered":"<p><div class=\"fusion-fullwidth fullwidth-box fusion-builder-row-1 fusion-flex-container has-pattern-background has-mask-background nonhundred-percent-fullwidth non-hundred-percent-height-scrolling\" style=\"--awb-border-radius-top-left:0px;--awb-border-radius-top-right:0px;--awb-border-radius-bottom-right:0px;--awb-border-radius-bottom-left:0px;--awb-flex-wrap:wrap;\" ><div class=\"fusion-builder-row fusion-row fusion-flex-align-items-stretch fusion-flex-content-wrap\" style=\"max-width:1248px;margin-left: calc(-4% \/ 2 );margin-right: calc(-4% \/ 2 );\"><div class=\"fusion-layout-column fusion_builder_column fusion-builder-column-0 fusion_builder_column_1_1 1_1 fusion-flex-column fusion-flex-align-self-center\" style=\"--awb-bg-size:cover;--awb-width-large:100%;--awb-margin-top-large:10px;--awb-spacing-right-large:1.92%;--awb-margin-bottom-large:10px;--awb-spacing-left-large:1.92%;--awb-width-medium:100%;--awb-order-medium:0;--awb-spacing-right-medium:1.92%;--awb-spacing-left-medium:1.92%;--awb-width-small:100%;--awb-order-small:0;--awb-spacing-right-small:1.92%;--awb-spacing-left-small:1.92%;\"><div class=\"fusion-column-wrapper fusion-column-has-shadow fusion-flex-justify-content-center fusion-content-layout-column\"><div class=\"fusion-title title fusion-title-1 fusion-sep-none fusion-title-text fusion-title-size-one\"><h1 class=\"fusion-title-heading title-heading-left fusion-responsive-typography-calculated\" style=\"margin:0;--fontSize:45;line-height:1.4;\"><p style=\"text-align: center;\">Na\u0161i slu\u0161ni ambasadori rado \u0107e Vam pomo\u0107i!<\/p><\/h1><\/div><div class=\"fusion-text fusion-text-1\"><p style=\"text-align: center;\">Po\u010dinjete li razmi\u0161ljati o rje\u0161avanju svojih problema sa sluhom? Ili ste na korak do odluke da ugradite kohlearni implantat? \u017delite prona\u0107i pravo rje\u0161enje za gubitak sluha kod Va\u0161eg djeteta? Trebaju Vam savjeti za \u017eivot sa slu\u0161nom tehnologijom? Ili jednostavno \u017eelite saznati vi\u0161e o novim tehnologijama za rje\u0161avanje problema sa sluhom? Onda kontaktirajte na\u0161e slu\u0161ne ambasadore i saznajte vi\u0161e iz prve ruke. Rado \u0107emo podijeliti svoje iskustvo s Vama!<\/p>\n<\/div><\/div><\/div><\/div><\/div><div class=\"fusion-fullwidth fullwidth-box fusion-builder-row-2 fusion-flex-container has-pattern-background has-mask-background nonhundred-percent-fullwidth non-hundred-percent-height-scrolling\" style=\"--awb-border-radius-top-left:0px;--awb-border-radius-top-right:0px;--awb-border-radius-bottom-right:0px;--awb-border-radius-bottom-left:0px;--awb-flex-wrap:wrap;\" ><div class=\"fusion-builder-row fusion-row fusion-flex-align-items-flex-start fusion-flex-content-wrap\" style=\"max-width:1248px;margin-left: calc(-4% \/ 2 );margin-right: calc(-4% \/ 2 );\"><div class=\"fusion-layout-column fusion_builder_column fusion-builder-column-1 fusion_builder_column_1_1 1_1 fusion-flex-column\" style=\"--awb-bg-size:cover;--awb-width-large:100%;--awb-margin-top-large:10px;--awb-spacing-right-large:1.92%;--awb-margin-bottom-large:10px;--awb-spacing-left-large:1.92%;--awb-width-medium:100%;--awb-order-medium:0;--awb-spacing-right-medium:1.92%;--awb-spacing-left-medium:1.92%;--awb-width-small:100%;--awb-order-small:0;--awb-spacing-right-small:1.92%;--awb-spacing-left-small:1.92%;\"><div class=\"fusion-column-wrapper fusion-column-has-shadow fusion-flex-justify-content-flex-start fusion-content-layout-column\"><div class=\"fusion-title title fusion-title-2 fusion-sep-none fusion-title-center fusion-title-text fusion-title-size-one\"><h1 class=\"fusion-title-heading title-heading-center fusion-responsive-typography-calculated\" style=\"margin:0;--fontSize:45;line-height:1.4;\">Kontaktirajte na\u0161e slu\u0161ne ambasadore<\/h1><\/div><div class=\"fusion-post-cards fusion-post-cards-1 fusion-grid-archive fusion-grid-columns-3\" style=\"--awb-dots-align:center;--awb-columns:3;--awb-active-filter-border-size:3px;--awb-filters-height:36px;\"><ul class=\"fusion-grid fusion-grid-3 fusion-flex-align-items-flex-start fusion-grid-posts-cards\"><li class=\"fusion-layout-column fusion_builder_column fusion-builder-column-2 fusion-flex-column post-card fusion-grid-column fusion-post-cards-grid-column\" style=\"--awb-bg-color:#ffffff;--awb-bg-color-hover:#ffffff;--awb-bg-size:cover;\"><div class=\"fusion-column-wrapper fusion-column-has-shadow fusion-flex-justify-content-space-evenly fusion-content-layout-column\"><div class=\"fusion-classic-product-image-wrapper fusion-woo-product-image fusion-post-card-image fusion-post-card-image-1\" data-layout=\"static\"><div  class=\"fusion-image-wrapper\" aria-haspopup=\"true\">\n\t\t\t\t\t\t\t<a href=\"https:\/\/lifelonghearing.com\/hr\/partner\/marta\/\" aria-label=\"Marta\">\n\t\t\t\t\t\t\t<img decoding=\"async\" width=\"374\" height=\"374\" src=\"https:\/\/lifelonghearing.com\/hr\/wp-content\/uploads\/sites\/9\/2026\/02\/Marta-1.jpg\" class=\"attachment-full size-full lazyload wp-post-image\" alt=\"\" srcset=\"data:image\/svg+xml,%3Csvg%20xmlns%3D%27http%3A%2F%2Fwww.w3.org%2F2000%2Fsvg%27%20width%3D%27374%27%20height%3D%27374%27%20viewBox%3D%270%200%20374%20374%27%3E%3Crect%20width%3D%27374%27%20height%3D%27374%27%20fill-opacity%3D%220%22%2F%3E%3C%2Fsvg%3E\" data-orig-src=\"https:\/\/lifelonghearing.com\/hr\/wp-content\/uploads\/sites\/9\/2026\/02\/Marta-1.jpg\" data-srcset=\"https:\/\/lifelonghearing.com\/hr\/wp-content\/uploads\/sites\/9\/2026\/02\/Marta-1-200x200.jpg 200w, https:\/\/lifelonghearing.com\/hr\/wp-content\/uploads\/sites\/9\/2026\/02\/Marta-1.jpg 374w\" data-sizes=\"auto\" \/>\t\t\t<\/a>\n\t\t\t\t\t\t\t<\/div>\n<\/div><div class=\"fusion-builder-row fusion-builder-row-inner fusion-row fusion-flex-align-items-flex-start fusion-flex-content-wrap\" style=\"width:104% !important;max-width:104% !important;margin-left: calc(-4% \/ 2 );margin-right: calc(-4% \/ 2 );\"><div class=\"fusion-layout-column fusion_builder_column_inner fusion-builder-nested-column-0 fusion_builder_column_inner_1_1 1_1 fusion-flex-column\" style=\"--awb-padding-top:30px;--awb-padding-right:40px;--awb-padding-bottom:30px;--awb-padding-left:40px;--awb-bg-color:#f9f9f9;--awb-bg-color-hover:#f9f9f9;--awb-bg-size:cover;--awb-width-large:100%;--awb-margin-top-large:0px;--awb-spacing-right-large:1.92%;--awb-margin-bottom-large:0px;--awb-spacing-left-large:1.92%;--awb-width-medium:100%;--awb-order-medium:0;--awb-spacing-right-medium:1.92%;--awb-spacing-left-medium:1.92%;--awb-width-small:100%;--awb-order-small:0;--awb-spacing-right-small:1.92%;--awb-spacing-left-small:1.92%;\"><div class=\"fusion-column-wrapper fusion-column-has-shadow fusion-flex-justify-content-flex-start fusion-content-layout-column\"><div class=\"fusion-title title fusion-title-3 fusion-sep-none fusion-title-text fusion-title-size-two\" style=\"--awb-margin-top:0px;--awb-margin-bottom:10px;--awb-font-size:20px;\"><h2 class=\"fusion-title-heading title-heading-left fusion-responsive-typography-calculated\" style=\"margin:0;font-size:1em;--fontSize:20;--minFontSize:20;line-height:1.5;\"><a href=\"https:\/\/lifelonghearing.com\/hr\/partner\/marta\/\" class=\"awb-custom-text-color awb-custom-text-hover-color\" target=\"_self\">Marta<\/a><\/h2><\/div><div class=\"fusion-content-tb fusion-content-tb-1\" style=\"--awb-margin-bottom:-10px;--awb-margin-top:0px;--awb-content-alignment:left;--awb-text-transform:none;\"><p>Majka djevoj\u010dice sa kohlearnim implantatom\/Zagreb<\/p><\/div><div style=\"text-align:left;\"><a class=\"fusion-button button-flat button-large button-custom fusion-button-default button-1 fusion-button-default-span fusion-button-default-type\" style=\"--button_accent_color:#5ebfbb;--button_accent_hover_color:rgba(61,59,59,0.8);--button_border_hover_color:#000000;--button_gradient_top_color:rgba(255,255,255,0);--button_gradient_bottom_color:rgba(255,255,255,0);--button_gradient_top_color_hover:rgba(255,255,255,0);--button_gradient_bottom_color_hover:rgba(255,255,255,0);--button_margin-left:-30px;\" target=\"_self\" href=\"https:\/\/lifelonghearing.com\/hr\/partner\/marta\/\"><span class=\"fusion-button-text\">KONTAKT<\/span><i class=\"fa-arrow-right fas button-icon-right\" aria-hidden=\"true\"><\/i><\/a><\/div><\/div><\/div><\/div><\/div><\/li>\n<li class=\"fusion-layout-column fusion_builder_column fusion-builder-column-3 fusion-flex-column post-card fusion-grid-column fusion-post-cards-grid-column\" style=\"--awb-bg-color:#ffffff;--awb-bg-color-hover:#ffffff;--awb-bg-size:cover;\"><div class=\"fusion-column-wrapper fusion-column-has-shadow fusion-flex-justify-content-space-evenly fusion-content-layout-column\"><div class=\"fusion-classic-product-image-wrapper fusion-woo-product-image fusion-post-card-image fusion-post-card-image-1\" data-layout=\"static\"><div  class=\"fusion-image-wrapper\" aria-haspopup=\"true\">\n\t\t\t\t\t\t\t<a href=\"https:\/\/lifelonghearing.com\/hr\/partner\/mirela\/\" aria-label=\"Mirela\">\n\t\t\t\t\t\t\t<img decoding=\"async\" width=\"1501\" height=\"1501\" src=\"https:\/\/lifelonghearing.com\/hr\/wp-content\/uploads\/sites\/9\/2026\/01\/Mirela-sqare.jpg\" class=\"attachment-full size-full lazyload wp-post-image\" alt=\"\" srcset=\"data:image\/svg+xml,%3Csvg%20xmlns%3D%27http%3A%2F%2Fwww.w3.org%2F2000%2Fsvg%27%20width%3D%271501%27%20height%3D%271501%27%20viewBox%3D%270%200%201501%201501%27%3E%3Crect%20width%3D%271501%27%20height%3D%271501%27%20fill-opacity%3D%220%22%2F%3E%3C%2Fsvg%3E\" data-orig-src=\"https:\/\/lifelonghearing.com\/hr\/wp-content\/uploads\/sites\/9\/2026\/01\/Mirela-sqare.jpg\" data-srcset=\"https:\/\/lifelonghearing.com\/hr\/wp-content\/uploads\/sites\/9\/2026\/01\/Mirela-sqare-200x200.jpg 200w, https:\/\/lifelonghearing.com\/hr\/wp-content\/uploads\/sites\/9\/2026\/01\/Mirela-sqare-400x400.jpg 400w, https:\/\/lifelonghearing.com\/hr\/wp-content\/uploads\/sites\/9\/2026\/01\/Mirela-sqare-600x600.jpg 600w, https:\/\/lifelonghearing.com\/hr\/wp-content\/uploads\/sites\/9\/2026\/01\/Mirela-sqare-800x800.jpg 800w, https:\/\/lifelonghearing.com\/hr\/wp-content\/uploads\/sites\/9\/2026\/01\/Mirela-sqare-1200x1200.jpg 1200w, https:\/\/lifelonghearing.com\/hr\/wp-content\/uploads\/sites\/9\/2026\/01\/Mirela-sqare.jpg 1501w\" data-sizes=\"auto\" \/>\t\t\t<\/a>\n\t\t\t\t\t\t\t<\/div>\n<\/div><div class=\"fusion-builder-row fusion-builder-row-inner fusion-row fusion-flex-align-items-flex-start fusion-flex-content-wrap\" style=\"width:104% !important;max-width:104% !important;margin-left: calc(-4% \/ 2 );margin-right: calc(-4% \/ 2 );\"><div class=\"fusion-layout-column fusion_builder_column_inner fusion-builder-nested-column-1 fusion_builder_column_inner_1_1 1_1 fusion-flex-column\" style=\"--awb-padding-top:30px;--awb-padding-right:40px;--awb-padding-bottom:30px;--awb-padding-left:40px;--awb-bg-color:#f9f9f9;--awb-bg-color-hover:#f9f9f9;--awb-bg-size:cover;--awb-width-large:100%;--awb-margin-top-large:0px;--awb-spacing-right-large:1.92%;--awb-margin-bottom-large:0px;--awb-spacing-left-large:1.92%;--awb-width-medium:100%;--awb-order-medium:0;--awb-spacing-right-medium:1.92%;--awb-spacing-left-medium:1.92%;--awb-width-small:100%;--awb-order-small:0;--awb-spacing-right-small:1.92%;--awb-spacing-left-small:1.92%;\"><div class=\"fusion-column-wrapper fusion-column-has-shadow fusion-flex-justify-content-flex-start fusion-content-layout-column\"><div class=\"fusion-title title fusion-title-4 fusion-sep-none fusion-title-text fusion-title-size-two\" style=\"--awb-margin-top:0px;--awb-margin-bottom:10px;--awb-font-size:20px;\"><h2 class=\"fusion-title-heading title-heading-left fusion-responsive-typography-calculated\" style=\"margin:0;font-size:1em;--fontSize:20;--minFontSize:20;line-height:1.5;\"><a href=\"https:\/\/lifelonghearing.com\/hr\/partner\/mirela\/\" class=\"awb-custom-text-color awb-custom-text-hover-color\" target=\"_self\">Mirela<\/a><\/h2><\/div><div class=\"fusion-content-tb fusion-content-tb-2\" style=\"--awb-margin-bottom:-10px;--awb-margin-top:0px;--awb-content-alignment:left;--awb-text-transform:none;\"><p>Majka dje\u010daka sa kohlearnim implantatom\/Rijeka<\/p><\/div><div style=\"text-align:left;\"><a class=\"fusion-button button-flat button-large button-custom fusion-button-default button-2 fusion-button-default-span fusion-button-default-type\" style=\"--button_accent_color:#5ebfbb;--button_accent_hover_color:rgba(61,59,59,0.8);--button_border_hover_color:#000000;--button_gradient_top_color:rgba(255,255,255,0);--button_gradient_bottom_color:rgba(255,255,255,0);--button_gradient_top_color_hover:rgba(255,255,255,0);--button_gradient_bottom_color_hover:rgba(255,255,255,0);--button_margin-left:-30px;\" target=\"_self\" href=\"https:\/\/lifelonghearing.com\/hr\/partner\/mirela\/\"><span class=\"fusion-button-text\">KONTAKT<\/span><i class=\"fa-arrow-right fas button-icon-right\" aria-hidden=\"true\"><\/i><\/a><\/div><\/div><\/div><\/div><\/div><\/li>\n<\/ul><\/div><\/div><\/div><\/div><\/div><\/p>\n","protected":false},"excerpt":{"rendered":"","protected":false},"author":2,"featured_media":0,"parent":0,"menu_order":0,"comment_status":"closed","ping_status":"closed","template":"","meta":{"_acf_changed":false,"footnotes":""},"class_list":["post-32572","page","type-page","status-publish","hentry"],"yoast_head":"<!-- This site is optimized with the Yoast SEO plugin v24.3 - https:\/\/yoast.com\/wordpress\/plugins\/seo\/ -->\n<title>Ambasadori sluha - Croatian<\/title>\n<meta name=\"robots\" content=\"index, follow, max-snippet:-1, max-image-preview:large, max-video-preview:-1\" \/>\n<link rel=\"canonical\" href=\"https:\/\/lifelonghearing.com\/hr\/ambasadori-sluha\/\" \/>\n<meta property=\"og:locale\" content=\"en_US\" \/>\n<meta property=\"og:type\" content=\"article\" \/>\n<meta property=\"og:title\" content=\"Ambasadori sluha - Croatian\" \/>\n<meta property=\"og:url\" content=\"https:\/\/lifelonghearing.com\/hr\/ambasadori-sluha\/\" \/>\n<meta property=\"og:site_name\" content=\"Croatian\" \/>\n<meta name=\"twitter:card\" content=\"summary_large_image\" \/>\n<script type=\"application\/ld+json\" class=\"yoast-schema-graph\">{\"@context\":\"https:\/\/schema.org\",\"@graph\":[{\"@type\":\"WebPage\",\"@id\":\"https:\/\/lifelonghearing.com\/hr\/ambasadori-sluha\/\",\"url\":\"https:\/\/lifelonghearing.com\/hr\/ambasadori-sluha\/\",\"name\":\"Ambasadori sluha - Croatian\",\"isPartOf\":{\"@id\":\"https:\/\/lifelonghearing.com\/hr\/#website\"},\"datePublished\":\"2026-01-02T12:10:28+00:00\",\"dateModified\":\"2026-01-02T12:10:28+00:00\",\"breadcrumb\":{\"@id\":\"https:\/\/lifelonghearing.com\/hr\/ambasadori-sluha\/#breadcrumb\"},\"inLanguage\":\"en-US\",\"potentialAction\":[{\"@type\":\"ReadAction\",\"target\":[\"https:\/\/lifelonghearing.com\/hr\/ambasadori-sluha\/\"]}]},{\"@type\":\"BreadcrumbList\",\"@id\":\"https:\/\/lifelonghearing.com\/hr\/ambasadori-sluha\/#breadcrumb\",\"itemListElement\":[{\"@type\":\"ListItem\",\"position\":1,\"name\":\"Home\",\"item\":\"https:\/\/lifelonghearing.com\/hr\/\"},{\"@type\":\"ListItem\",\"position\":2,\"name\":\"Ambasadori sluha\"}]},{\"@type\":\"WebSite\",\"@id\":\"https:\/\/lifelonghearing.com\/hr\/#website\",\"url\":\"https:\/\/lifelonghearing.com\/hr\/\",\"name\":\"Croatian\",\"description\":\"\",\"potentialAction\":[{\"@type\":\"SearchAction\",\"target\":{\"@type\":\"EntryPoint\",\"urlTemplate\":\"https:\/\/lifelonghearing.com\/hr\/?s={search_term_string}\"},\"query-input\":{\"@type\":\"PropertyValueSpecification\",\"valueRequired\":true,\"valueName\":\"search_term_string\"}}],\"inLanguage\":\"en-US\"}]}<\/script>\n<!-- \/ Yoast SEO plugin. -->","yoast_head_json":{"title":"Ambasadori sluha - Croatian","robots":{"index":"index","follow":"follow","max-snippet":"max-snippet:-1","max-image-preview":"max-image-preview:large","max-video-preview":"max-video-preview:-1"},"canonical":"https:\/\/lifelonghearing.com\/hr\/ambasadori-sluha\/","og_locale":"en_US","og_type":"article","og_title":"Ambasadori sluha - Croatian","og_url":"https:\/\/lifelonghearing.com\/hr\/ambasadori-sluha\/","og_site_name":"Croatian","twitter_card":"summary_large_image","schema":{"@context":"https:\/\/schema.org","@graph":[{"@type":"WebPage","@id":"https:\/\/lifelonghearing.com\/hr\/ambasadori-sluha\/","url":"https:\/\/lifelonghearing.com\/hr\/ambasadori-sluha\/","name":"Ambasadori sluha - Croatian","isPartOf":{"@id":"https:\/\/lifelonghearing.com\/hr\/#website"},"datePublished":"2026-01-02T12:10:28+00:00","dateModified":"2026-01-02T12:10:28+00:00","breadcrumb":{"@id":"https:\/\/lifelonghearing.com\/hr\/ambasadori-sluha\/#breadcrumb"},"inLanguage":"en-US","potentialAction":[{"@type":"ReadAction","target":["https:\/\/lifelonghearing.com\/hr\/ambasadori-sluha\/"]}]},{"@type":"BreadcrumbList","@id":"https:\/\/lifelonghearing.com\/hr\/ambasadori-sluha\/#breadcrumb","itemListElement":[{"@type":"ListItem","position":1,"name":"Home","item":"https:\/\/lifelonghearing.com\/hr\/"},{"@type":"ListItem","position":2,"name":"Ambasadori sluha"}]},{"@type":"WebSite","@id":"https:\/\/lifelonghearing.com\/hr\/#website","url":"https:\/\/lifelonghearing.com\/hr\/","name":"Croatian","description":"","potentialAction":[{"@type":"SearchAction","target":{"@type":"EntryPoint","urlTemplate":"https:\/\/lifelonghearing.com\/hr\/?s={search_term_string}"},"query-input":{"@type":"PropertyValueSpecification","valueRequired":true,"valueName":"search_term_string"}}],"inLanguage":"en-US"}]}},"acf":[],"_links":{"self":[{"href":"https:\/\/lifelonghearing.com\/hr\/wp-json\/wp\/v2\/pages\/32572","targetHints":{"allow":["GET"]}}],"collection":[{"href":"https:\/\/lifelonghearing.com\/hr\/wp-json\/wp\/v2\/pages"}],"about":[{"href":"https:\/\/lifelonghearing.com\/hr\/wp-json\/wp\/v2\/types\/page"}],"author":[{"embeddable":true,"href":"https:\/\/lifelonghearing.com\/hr\/wp-json\/wp\/v2\/users\/2"}],"replies":[{"embeddable":true,"href":"https:\/\/lifelonghearing.com\/hr\/wp-json\/wp\/v2\/comments?post=32572"}],"version-history":[{"count":2,"href":"https:\/\/lifelonghearing.com\/hr\/wp-json\/wp\/v2\/pages\/32572\/revisions"}],"predecessor-version":[{"id":32574,"href":"https:\/\/lifelonghearing.com\/hr\/wp-json\/wp\/v2\/pages\/32572\/revisions\/32574"}],"wp:attachment":[{"href":"https:\/\/lifelonghearing.com\/hr\/wp-json\/wp\/v2\/media?parent=32572"}],"curies":[{"name":"wp","href":"https:\/\/api.w.org\/{rel}","templated":true}]}}