{"id":30442,"date":"2025-01-01T12:48:50","date_gmt":"2025-01-01T12:48:50","guid":{"rendered":"https:\/\/lifelonghearing.com\/hr\/?page_id=30442"},"modified":"2025-04-15T07:18:27","modified_gmt":"2025-04-15T07:18:27","slug":"politika-privatnosti","status":"publish","type":"page","link":"https:\/\/lifelonghearing.com\/hr\/politika-privatnosti\/","title":{"rendered":"Politika privatnosti"},"content":{"rendered":"<div class=\"fusion-fullwidth fullwidth-box fusion-builder-row-1 fusion-flex-container nonhundred-percent-fullwidth non-hundred-percent-height-scrolling\" style=\"--awb-border-radius-top-left:0px;--awb-border-radius-top-right:0px;--awb-border-radius-bottom-right:0px;--awb-border-radius-bottom-left:0px;--awb-padding-top:40px;--awb-flex-wrap:wrap;\" ><div class=\"fusion-builder-row fusion-row fusion-flex-align-items-flex-start fusion-flex-content-wrap\" style=\"max-width:1248px;margin-left: calc(-4% \/ 2 );margin-right: calc(-4% \/ 2 );\"><div class=\"fusion-layout-column fusion_builder_column fusion-builder-column-0 fusion_builder_column_1_1 1_1 fusion-flex-column\" style=\"--awb-bg-size:cover;--awb-width-large:100%;--awb-margin-top-large:0px;--awb-spacing-right-large:1.92%;--awb-margin-bottom-large:0px;--awb-spacing-left-large:1.92%;--awb-width-medium:100%;--awb-spacing-right-medium:1.92%;--awb-spacing-left-medium:1.92%;--awb-width-small:100%;--awb-spacing-right-small:1.92%;--awb-spacing-left-small:1.92%;\"><div class=\"fusion-column-wrapper fusion-flex-justify-content-flex-start fusion-content-layout-column\"><div class=\"fusion-text fusion-text-1\" style=\"--awb-text-transform:none;\"><h1>Politika privatnosti \u2013 za\u0161tita osobnih podataka<\/h1>\n<p><strong>Informacije o obradi podataka prema \u010dl. 13. i 14. Op\u0107e uredbe o za\u0161titi podataka (GDPR)<\/strong><\/p>\n<p>Brinemo o za\u0161titi Va\u0161ih osobnih podataka i Va\u0161e privatnosti. Iz tog razloga, u nastavku \u0107emo objasniti kako obra\u0111ujemo Va\u0161e osobne podatke, posebno o tome za\u0161to obra\u0111ujemo Va\u0161e osobne podatke kao i koja su Va\u0161a prava. Kad kasnije govorimo o podacima, mislimo na va\u0161e osobne podatke. To su sve informacije koje vas identificiraju kao osobu, izravno ili neizravno.<\/p>\n<p>Molimo pa\u017eljivo pro\u010ditajte sljede\u0107e informacije:<\/p>\n<p><strong>Tko je odgovoran za obradu podataka? <\/strong><\/p>\n<p>Udruga \u201eCochlea Implantat Austria\u201c<\/p>\n<p>ZVR: 273.242.488<\/p>\n<p>Adresa: F\u00fcrstengasse 1, 1090 Wien<\/p>\n<p><em>Kontakt izvr\u0161ni predsjednik udruge:<\/em><\/p>\n<p>Karl-Heinz Fuchs<\/p>\n<p>0664-607052353<\/p>\n<p>E-Mail: <a href=\"mailto:cia@ci-a.at\">cia@ci-a.at<\/a><\/p>\n<p><em>Kontakt predjsjednik i osniva\u010d udruge:<\/em><\/p>\n<p>Johann Horak<\/p>\n<p>0664-607052354<\/p>\n<p>E-Mail: <a href=\"mailto:cia.office@ci-a.at\">cia.office@ci-a.at<\/a><\/p>\n<p>Nije imenovan slu\u017ebenik za za\u0161titu podataka jer to nije propisano zakonom.<\/p>\n<p><strong>Op\u0107e informacije<\/strong><\/p>\n<p>Vrlo nam je va\u017ena za\u0161tita i sigurnost Va\u0161ih osobnih podataka. Stoga ova web stranica \u010duva i obra\u0111uje podatke isklju\u010divo u skladu s austrijskim i europskim propisima o za\u0161titi podataka (GDPR). Vi kao korisnik pristajete na obradu podataka u skladu sa ovom izjavom. Trenutnu verziju GDPR-a mo\u017eete prona\u0107i ovdje (na engleskom) <a href=\"https:\/\/eur-lex.europa.eu\/legal-content\/EN\/TXT\/HTML\/?uri=OJ:L:2016:119:FULL&amp;from=EN\" target=\"_blank\" rel=\"noopener\">https:\/\/eur-lex.europa.eu\/legal-content\/EN\/TXT\/HTML\/?uri=OJ:L:2016:119:FULL&amp;from=EN<\/a><\/p>\n<p>Ova izjava o privatnosti odnosi se samo na ovu web stranicu. Ako ste proslije\u0111eni na druge stranice putem veza (linkova) na na\u0161im stranicama, prona\u0111ite informacije izravno na proslije\u0111enoj web stranici o tome kako oni postupaju s Va\u0161im podacima. Va\u0161e osobne podatke (npr. ime, adresu e-po\u0161te, telefonski broj) obra\u0111ujemo samo u skladu s austrijskim zakonom o za\u0161titi podataka i \u010dlankom 6 (1) lit. a) Uredba EU o za\u0161titi podataka (GDPR). Sljede\u0107i dijelovi izjave informiraju vas o vrsti, opsegu i svrsi prikupljanja, obrade i kori\u0161tenja osobnih podataka.<\/p>\n<p>Kori\u0161tenje ove web stranice op\u0107enito je mogu\u0107e bez davanja osobnih podataka. Ako se osobni podaci (kao \u0161to su ime ili adresa e-po\u0161te) prikupljaju na na\u0161im stranicama, to se uvijek \u010dini, dokle god je mogu\u0107e, na dobrovoljnoj bazi. \u0160to se ti\u010de prijenosa podataka tre\u0107im stranama, isti\u010demo da se takav prijenos vr\u0161i samo prema va\u017ee\u0107oj pravnoj osnovi i u unaprijed odre\u0111ene svrhe, a to je odgovor na Va\u0161e pitanje i pomo\u0107 u pronala\u017eenju rje\u0161enja za Va\u0161 problem.<\/p>\n<p>Nagla\u0161avamo da prijenos podataka putem Interneta (npr. pri komunikaciji putem e-po\u0161te ili ne\u0161ifriranih web stranica) mo\u017ee imati sigurnosne propuste. Stoga potpuna za\u0161tita podataka od pristupa tre\u0107ih strana nije mogu\u0107a.<\/p>\n<p><strong>Prava subjekta za\u0161tite podataka<\/strong><\/p>\n<p>Prema Op\u0107oj uredbi EU-a o za\u0161titi podataka, imate \u0161iroka prava kao subjekt za\u0161tite podataka. Ova prava prvenstveno su namijenjena pru\u017eanju ve\u0107e transparentnosti u vezi s Va\u0161im podacima. Va\u0161a prava kao subjekta za\u0161tite podataka su pravo na informacije o Va\u0161im osobnim podacima, ispravak, brisanje, ograni\u010denje obrade, prigovor na obradu (marketing) kao i na prenosivost podataka (samo u slu\u010daju ugovornog odnosa ili privole) i opoziv privole u svakom trenutku.<\/p>\n<p>Kao subjekt GDPR-a, imate sljede\u0107a prava:<\/p>\n<ul>\n<li><strong>Pravo pristupa<\/strong><em>&nbsp;\u2013 \u010dl. 15 GDPR<\/em>:<br \/>Pravo na primanje potvrde o tome obra\u0111uju li se Va\u0161i osobni podaci ili ne i, gdje je primjenjivo, pristup osobnim podacima;<\/li>\n<li><strong>Pravo na ispravak<\/strong><em>&nbsp;\u2013 \u010dl. 16 GDPR<\/em>:<br \/>Pravo na ispravak neto\u010dnih osobnih podataka bez nepotrebnog odga\u0111anja;<\/li>\n<li><strong>Pravo na brisanje (\u201epravo na zaborav\u201c)<\/strong><em>&nbsp;\u2013 \u010dl. 17 GDPR<\/em>:<br \/>Pravo na brisanje Va\u0161ih osobnih podataka bez nepotrebnog odga\u0111anja;<\/li>\n<li><strong>Pravo na ograni\u010denje obrade<\/strong>&nbsp;\u2013&nbsp;<em>\u010dl. 18 GDPR<\/em>:<br \/>Pravo na ograni\u010denje obrade va\u0161ih osobnih podataka;<\/li>\n<li><strong>Pravo na prenosivost podataka<\/strong>&nbsp;\u2013&nbsp;<em>\u010dl. 20 GDPR<\/em>:<br \/>Pravo na primanje Va\u0161ih osobnih podataka koji su nam dostavljeni u strukturiranom, uobi\u010dajeno kori\u0161tenom i \u010ditljivom formatu i pravo na nesmetani prijenos tih podataka drugom kontroloru obrade;<\/li>\n<li><strong>Pravo na prigovor<\/strong>&nbsp;\u2013&nbsp;<em>\u010dl. 21 GDPR<\/em>:<br \/>Pravo na prigovor u bilo kojem trenutku iz razloga koji se odnose na va\u0161u specifi\u010dnu situaciju i na obradu va\u0161ih osobnih podataka, sukladno \u010dl. 6 (1) lit. e) ili f) GDPR.<\/li>\n<\/ul>\n<p>Iako \u0107emo nastojati odgovoriti na sva Va\u0161a pitanja ili nedoumice, ako smatrate da obrada Va\u0161ih podataka kr\u0161i Uredbu o za\u0161titi podataka ili ako su Va\u0161e tvrdnje o za\u0161titi podataka na drugi na\u010din prekr\u0161ene, mo\u017eete se \u017ealiti nadzornom tijelu. U Austriji je nadle\u017eno sljede\u0107e tijelo za za\u0161titu podataka:<\/p>\n<p><strong>Austrian Data Protection Authority: <\/strong><\/p>\n<p>Wickenburggasse 8<br \/>1080 Wien<br \/>Telefon: +43 1 521 52-25 69<br \/>E\u2011Mail: dsb@dsb.gv.at<\/p>\n<p><strong>Brisanje podataka<\/strong><\/p>\n<p>Va\u0161i podaci koje ste nam dostavili (npr. ime, e-mail, telefonski broj) koristit \u0107e se za davanje odgovora na Va\u0161 upit i ne\u0107e se koristiti u druge svrhe. Podaci \u0107e biti pohranjeni 90 dana, a zatim \u0107e se automatski izbrisati. Imate pravo zahtijevati brisanje svojih podataka u skladu s \u010dl. 17 GDPR (\u201cPravo na brisanje\u201d). Podaci se \u010duvaju 90 dana, a zatim \u0107e biti automatski izbrisati. Imate pravo zahtijevati brisanje svojih podataka u skladu s \u010dl. 17 GDPR (\u201cPravo na brisanje\u201d).<\/p>\n<p><strong>Linkovi<\/strong><\/p>\n<p>Vrlo pa\u017eljivo provjeravamo linkove (veze) koje napu\u0161taju na\u0161u web stranicu. Ipak, ne preuzimamo nikakvu odgovornost za sadr\u017eaj stranica na koje se povezuju s ove ili bilo koje druge web stranice.<\/p>\n<p>Na\u0161a web stranica mo\u017ee sadr\u017eavati linkove na druge web stranice koje Vas zanimaju. Me\u0111utim, kada koristite ove veze da napustite na\u0161u web stranicu, imajte na umu da nemamo kontrolu nad tom drugom web-stranicom. Stoga ne mo\u017eemo biti odgovorni za za\u0161titu i privatnost bilo koje informacije koju date dok posje\u0107ujete druge stranice, jer druge stranice nisu regulirane ovim Pravilom privatnosti. Budite oprezni i pro\u010ditajte izjavu o privatnosti koja se odnosi na doti\u010dnu web stranicu.<\/p>\n<p><strong>Kontakt obrazac<\/strong><\/p>\n<p>Ako nam po\u0161aljete pitanje putem obrasca za kontakt, koristit \u0107emo Va\u0161e podatke, uklju\u010duju\u0107i kontakt podatke koje tamo navedete, da odgovorimo na va\u0161 upit. U nekim slu\u010dajevima mo\u017eemo proslijediti ove podatke tre\u0107im stranama samo u svrhu davanja odgovora na va\u0161 upit iu skladu s \u010dlankom 6. stavkom 1. lit a) GDPR uredbe EU.<\/p>\n<p><strong>Osobni podaci<\/strong><\/p>\n<p>Va\u0161i osobni podaci ne\u0107e se proslje\u0111ivati tre\u0107im stranama bez va\u0161eg izri\u010ditog pristanka ili bez pravne osnove.<\/p>\n<p>Va\u0161i osobni podaci koristit \u0107e se samo za slanje odgovora na va\u0161 upit.<\/p>\n<p><strong>Informacije o kola\u010di\u0107ima<\/strong><\/p>\n<p>Postoje tri kategorije kola\u010di\u0107a:<\/p>\n<ul>\n<li>apsolutno neophodni kola\u010di\u0107i za pru\u017eanje osnovnih funkcija web stranice<\/li>\n<li>funkcionalni kola\u010di\u0107i koji osiguravaju rad web stranice<\/li>\n<li>ciljane kola\u010di\u0107e za pobolj\u0161anje korisni\u010dkog iskustva.<\/li>\n<\/ul>\n<p>Neke web stranice koriste tzv. kola\u010di\u0107e Kola\u010di\u0107i ne \u0161tete va\u0161em ra\u010dunalu i ne sadr\u017ee viruse. Kola\u010di\u0107i slu\u017ee za lak\u0161e kori\u0161tenje, u\u010dinkovitiju i sigurniju na\u0161u web stranicu. Kola\u010di\u0107i su male tekstualne datoteke koje se \u010duvaju na Va\u0161em ra\u010dunalu i u Va\u0161em pregledniku.<\/p>\n<p>Ve\u0107ina kola\u010di\u0107a koje koristimo su takozvani \u201ckola\u010di\u0107i posete\u201d. Oni se automatski bri\u0161u na kraju Va\u0161eg posjeta. Ostali kola\u010di\u0107i ostaju pohranjeni na Va\u0161em terminalnom ure\u0111aju dok ih ne izbri\u0161ete. Ovi kola\u010di\u0107i nam omogu\u0107uju da prilikom sljede\u0107eg posjeta prepoznamo va\u0161 preglednik.<\/p>\n<p>Mo\u017eete postaviti svoj preglednik da bude informiran o postavkama kola\u010di\u0107a i dopustiti kola\u010di\u0107e samo u pojedina\u010dnim slu\u010dajevima, isklju\u010diti prihva\u0107anje kola\u010di\u0107a op\u0107enito ili za odre\u0111ene slu\u010dajeve te aktivirati automatsko brisanje kola\u010di\u0107a prilikom zatvaranja preglednika. Ako su kola\u010di\u0107i onemogu\u0107eni, funkcionalnost ove web stranice mo\u017ee biti ograni\u010dena.<\/p>\n<p>Ograni\u010denja funkcionalnosti bez kola\u010di\u0107a<\/p>\n<p>Ako nam op\u0107enito ne dopu\u0161tate kori\u0161tenje kola\u010di\u0107a, odre\u0111ene funkcije i stranice mo\u017eda ne\u0107e raditi ispravno.<\/p>\n<p><strong>Web analitika uz Google Analytics<\/strong><\/p>\n<p>Ova stranica koristi zna\u010dajke web analitike usluge Google Analytics. Usluge od strane Google Inc., 1600 Amphitheatre Parkway Mountain View, CA 94043, SAD. Google Analytics koristi ciljane kola\u010di\u0107e.<\/p>\n<p>Vi\u0161e informacija o tome kako Google Analytics obra\u0111uje korisni\u010dke podatke mo\u017eete prona\u0107i u Googleovim pravilima o privatnosti: https:\/\/support.google.com\/analitics\/ansver\/6004245?hl=de<\/p>\n<p>Mo\u017eete sprije\u010diti prikupljanje podataka koje prikupljaju kola\u010di\u0107i koji se odnose na Va\u0161e kori\u0161tenje Google web stranice, kao i obradu tih podataka od strane Google-a, preuzimanjem i instalacijom dodatka pregledniku koji je dostupan na sljede\u0107oj poveznici: https: \/\/ alati . google.com\/dlpage\/gaoptout?hl=de.<\/p>\n<p>Alternativno, mo\u017eete sprije\u010diti Google Analytics da prikuplja Va\u0161e podatke klikom na sljede\u0107u vezu (detaljne upute mo\u017eete prona\u0107i na https:\/\/developers.google.com\/analitics\/devguides\/collection\/gajs\/#disable). Instalirat \u0107e se kola\u010di\u0107 za isklju\u010divanje koji \u0107e sprije\u010diti prikupljanje Va\u0161ih podataka tijekom budu\u0107ih posjeta ovoj web stranici:<\/p>\n<p>Ova web stranica koristi Google Analytics s nastavkom \u201canonymizeIP ()\u201d tako da se IP adrese obra\u0111uju samo u skra\u0107enom obliku kako bi se isklju\u010dila izravna osobna referenca.<\/p>\n<p><strong>Datoteke zapisnika servera<\/strong><\/p>\n<p>Pru\u017eatelj web-stranice automatski prikuplja i pohranjuje informacije u takozvane server log datoteke, koje nam va\u0161 preglednik automatski prenosi. To su:<\/p>\n<ul>\n<li>vrsta i verzija preglednika (browser-a)<\/li>\n<li>Kori\u0161teni operativni sustav<\/li>\n<li>URL preporuke<\/li>\n<li>Ime hosta ra\u010dunala koje pristupa stranici<\/li>\n<li>Vrijeme zahtijeva poslu\u017eitelj<\/li>\n<li>IP adresa<\/li>\n<\/ul>\n<p>Ove informacije se ne mogu dodijeliti odre\u0111enim pojedincima. Nije napravljena nikakva kombinacija ovih podataka s drugim izvorima podataka. Zadr\u017eavamo pravo retroaktivne provjere ovih informacija ako postanemo svjesni specifi\u010dnih naznaka nezakonite uporabe.<\/p>\n<p>Ova su pravila zadnji put a\u017eurirana u studenom 2021.<\/p>\n<\/div><\/div><\/div><\/div><\/div>\n","protected":false},"excerpt":{"rendered":"","protected":false},"author":4,"featured_media":0,"parent":0,"menu_order":0,"comment_status":"closed","ping_status":"closed","template":"","meta":{"_acf_changed":false,"footnotes":""},"class_list":["post-30442","page","type-page","status-publish","hentry"],"yoast_head":"<!-- This site is optimized with the Yoast SEO plugin v24.3 - https:\/\/yoast.com\/wordpress\/plugins\/seo\/ -->\n<title>Politika privatnosti - Croatian<\/title>\n<meta name=\"robots\" content=\"index, follow, max-snippet:-1, max-image-preview:large, max-video-preview:-1\" \/>\n<link rel=\"canonical\" href=\"https:\/\/lifelonghearing.com\/hr\/politika-privatnosti\/\" \/>\n<meta property=\"og:locale\" content=\"en_US\" \/>\n<meta property=\"og:type\" content=\"article\" \/>\n<meta property=\"og:title\" content=\"Politika privatnosti - Croatian\" \/>\n<meta property=\"og:url\" content=\"https:\/\/lifelonghearing.com\/hr\/politika-privatnosti\/\" \/>\n<meta property=\"og:site_name\" content=\"Croatian\" \/>\n<meta property=\"article:modified_time\" content=\"2025-04-15T07:18:27+00:00\" \/>\n<meta name=\"twitter:card\" content=\"summary_large_image\" \/>\n<meta name=\"twitter:label1\" content=\"Est. reading time\" \/>\n\t<meta name=\"twitter:data1\" content=\"9 minutes\" \/>\n<script type=\"application\/ld+json\" class=\"yoast-schema-graph\">{\"@context\":\"https:\/\/schema.org\",\"@graph\":[{\"@type\":\"WebPage\",\"@id\":\"https:\/\/lifelonghearing.com\/hr\/politika-privatnosti\/\",\"url\":\"https:\/\/lifelonghearing.com\/hr\/politika-privatnosti\/\",\"name\":\"Politika privatnosti - Croatian\",\"isPartOf\":{\"@id\":\"https:\/\/lifelonghearing.com\/hr\/#website\"},\"datePublished\":\"2025-01-01T12:48:50+00:00\",\"dateModified\":\"2025-04-15T07:18:27+00:00\",\"breadcrumb\":{\"@id\":\"https:\/\/lifelonghearing.com\/hr\/politika-privatnosti\/#breadcrumb\"},\"inLanguage\":\"en-US\",\"potentialAction\":[{\"@type\":\"ReadAction\",\"target\":[\"https:\/\/lifelonghearing.com\/hr\/politika-privatnosti\/\"]}]},{\"@type\":\"BreadcrumbList\",\"@id\":\"https:\/\/lifelonghearing.com\/hr\/politika-privatnosti\/#breadcrumb\",\"itemListElement\":[{\"@type\":\"ListItem\",\"position\":1,\"name\":\"Home\",\"item\":\"https:\/\/lifelonghearing.com\/hr\/\"},{\"@type\":\"ListItem\",\"position\":2,\"name\":\"Politika privatnosti\"}]},{\"@type\":\"WebSite\",\"@id\":\"https:\/\/lifelonghearing.com\/hr\/#website\",\"url\":\"https:\/\/lifelonghearing.com\/hr\/\",\"name\":\"Croatian\",\"description\":\"\",\"potentialAction\":[{\"@type\":\"SearchAction\",\"target\":{\"@type\":\"EntryPoint\",\"urlTemplate\":\"https:\/\/lifelonghearing.com\/hr\/?s={search_term_string}\"},\"query-input\":{\"@type\":\"PropertyValueSpecification\",\"valueRequired\":true,\"valueName\":\"search_term_string\"}}],\"inLanguage\":\"en-US\"}]}<\/script>\n<!-- \/ Yoast SEO plugin. -->","yoast_head_json":{"title":"Politika privatnosti - Croatian","robots":{"index":"index","follow":"follow","max-snippet":"max-snippet:-1","max-image-preview":"max-image-preview:large","max-video-preview":"max-video-preview:-1"},"canonical":"https:\/\/lifelonghearing.com\/hr\/politika-privatnosti\/","og_locale":"en_US","og_type":"article","og_title":"Politika privatnosti - Croatian","og_url":"https:\/\/lifelonghearing.com\/hr\/politika-privatnosti\/","og_site_name":"Croatian","article_modified_time":"2025-04-15T07:18:27+00:00","twitter_card":"summary_large_image","twitter_misc":{"Est. reading time":"9 minutes"},"schema":{"@context":"https:\/\/schema.org","@graph":[{"@type":"WebPage","@id":"https:\/\/lifelonghearing.com\/hr\/politika-privatnosti\/","url":"https:\/\/lifelonghearing.com\/hr\/politika-privatnosti\/","name":"Politika privatnosti - Croatian","isPartOf":{"@id":"https:\/\/lifelonghearing.com\/hr\/#website"},"datePublished":"2025-01-01T12:48:50+00:00","dateModified":"2025-04-15T07:18:27+00:00","breadcrumb":{"@id":"https:\/\/lifelonghearing.com\/hr\/politika-privatnosti\/#breadcrumb"},"inLanguage":"en-US","potentialAction":[{"@type":"ReadAction","target":["https:\/\/lifelonghearing.com\/hr\/politika-privatnosti\/"]}]},{"@type":"BreadcrumbList","@id":"https:\/\/lifelonghearing.com\/hr\/politika-privatnosti\/#breadcrumb","itemListElement":[{"@type":"ListItem","position":1,"name":"Home","item":"https:\/\/lifelonghearing.com\/hr\/"},{"@type":"ListItem","position":2,"name":"Politika privatnosti"}]},{"@type":"WebSite","@id":"https:\/\/lifelonghearing.com\/hr\/#website","url":"https:\/\/lifelonghearing.com\/hr\/","name":"Croatian","description":"","potentialAction":[{"@type":"SearchAction","target":{"@type":"EntryPoint","urlTemplate":"https:\/\/lifelonghearing.com\/hr\/?s={search_term_string}"},"query-input":{"@type":"PropertyValueSpecification","valueRequired":true,"valueName":"search_term_string"}}],"inLanguage":"en-US"}]}},"acf":[],"_links":{"self":[{"href":"https:\/\/lifelonghearing.com\/hr\/wp-json\/wp\/v2\/pages\/30442","targetHints":{"allow":["GET"]}}],"collection":[{"href":"https:\/\/lifelonghearing.com\/hr\/wp-json\/wp\/v2\/pages"}],"about":[{"href":"https:\/\/lifelonghearing.com\/hr\/wp-json\/wp\/v2\/types\/page"}],"author":[{"embeddable":true,"href":"https:\/\/lifelonghearing.com\/hr\/wp-json\/wp\/v2\/users\/4"}],"replies":[{"embeddable":true,"href":"https:\/\/lifelonghearing.com\/hr\/wp-json\/wp\/v2\/comments?post=30442"}],"version-history":[{"count":6,"href":"https:\/\/lifelonghearing.com\/hr\/wp-json\/wp\/v2\/pages\/30442\/revisions"}],"predecessor-version":[{"id":32340,"href":"https:\/\/lifelonghearing.com\/hr\/wp-json\/wp\/v2\/pages\/30442\/revisions\/32340"}],"wp:attachment":[{"href":"https:\/\/lifelonghearing.com\/hr\/wp-json\/wp\/v2\/media?parent=30442"}],"curies":[{"name":"wp","href":"https:\/\/api.w.org\/{rel}","templated":true}]}}