{"id":30433,"date":"2025-01-01T12:41:02","date_gmt":"2025-01-01T12:41:02","guid":{"rendered":"https:\/\/lifelonghearing.com\/hr\/?page_id=30433"},"modified":"2025-04-15T09:44:07","modified_gmt":"2025-04-15T09:44:07","slug":"pravna-obavijest","status":"publish","type":"page","link":"https:\/\/lifelonghearing.com\/hr\/pravna-obavijest\/","title":{"rendered":"Pravna obavijest"},"content":{"rendered":"<div class=\"fusion-fullwidth fullwidth-box fusion-builder-row-1 fusion-flex-container nonhundred-percent-fullwidth non-hundred-percent-height-scrolling\" style=\"--awb-border-radius-top-left:0px;--awb-border-radius-top-right:0px;--awb-border-radius-bottom-right:0px;--awb-border-radius-bottom-left:0px;--awb-padding-top:40px;--awb-flex-wrap:wrap;\" ><div class=\"fusion-builder-row fusion-row fusion-flex-align-items-flex-start fusion-flex-content-wrap\" style=\"max-width:1248px;margin-left: calc(-4% \/ 2 );margin-right: calc(-4% \/ 2 );\"><div class=\"fusion-layout-column fusion_builder_column fusion-builder-column-0 fusion_builder_column_1_1 1_1 fusion-flex-column\" style=\"--awb-bg-size:cover;--awb-width-large:100%;--awb-margin-top-large:0px;--awb-spacing-right-large:1.92%;--awb-margin-bottom-large:0px;--awb-spacing-left-large:1.92%;--awb-width-medium:100%;--awb-spacing-right-medium:1.92%;--awb-spacing-left-medium:1.92%;--awb-width-small:100%;--awb-spacing-right-small:1.92%;--awb-spacing-left-small:1.92%;\"><div class=\"fusion-column-wrapper fusion-flex-justify-content-flex-start fusion-content-layout-column\"><div class=\"fusion-text fusion-text-1\" style=\"--awb-text-transform:none;\"><p><strong>Prema \u00a725 Zakona o medijima (Austrijskog zakona), Udruga Cochlea Implantat Austria (CI-A)<\/strong><\/p>\n<p>Ime udruge: <strong>Cochlea Implantat Austria \u2013 \u00d6sterreichische Gesellschaft f\u00fcr implantierbare H\u00f6rhilfen<\/strong><\/p>\n<p>Adresa: <strong>F\u00fcrstengasse 1, A-1090 Vienna<\/strong><\/p>\n<p>Broj telefona: <strong>+43 (0) 664 \/ 60705 2353<\/strong><\/p>\n<p>Email:<strong><a href=\"mailto:k-h.fuchs@liwest.at\">k-h.fuchs@liwest.at<\/a><\/strong><\/p>\n<p>Internet stranica:<a href=\"https:\/\/ci-a.at\/\" target=\"_blank\" rel=\"noopener\">www.ci-a.at<\/a><\/p>\n<p>ZVR broj: 273242488<\/p>\n<p>Nadle\u017eni registar udruge: <strong>Federal Police Headquarters Vienna, Association Office<\/strong><\/p>\n<p>Magazin: geh\u00f6rt.gelesen.<\/p>\n<h2>Odricanje od odgovornosti:<\/h2>\n<p>Sadr\u017eaj online ponude<\/p>\n<p>Izdava\u010di web stranice \u201cLifelong Hearing\u201d ne preuzimaju nikakvu odgovornost za aktualnost, to\u010dnost, potpunost ili kvalitetu datih informacija. Zahtjevi za odgovornost prema izdava\u010dima u vezi sa \u0161tetom uzrokovanom kori\u0161tenjem bilo koje informacije, uklju\u010duju\u0107i bilo koju vrstu informacija koje su nepotpune ili neto\u010dne, bit \u0107e stoga odbijene, osim ako se mo\u017ee dokazati da su izdava\u010di postupili namjerno ili s krajnjim nemarom. Sve ponude su podlo\u017ene promjenama i nisu obavezuju\u0107e. Izdava\u010di ove stranice zadr\u017eavaju pravo da promjene, dopune ili obri\u0161u djelove stranice ili cijelu ponudu bez prethodnog obave\u0161tenja ili da privremeno ili trajno obustave objavljivanje.<\/p>\n<p>Pravna validnost ove obavjesti (odricanja od odgovornosti)<\/p>\n<p>Ovo odricanje od odgovornosti treba se smatrati dijelom internetske publikacije na koju se odnosi (s koje se poziva na nju). Ako odjeljci ili pojedini uvjeti ove izjave nisu, nisu vi\u0161e ili nisu u potpunosti pravno valjani, ova \u010dinjenica ne utje\u010de na sadr\u017eaj ili valjanost ostalih dijelova.<\/p>\n<p>Reference i linkovi<\/p>\n<p>Izdava\u010di nisu odgovorni za bilo koji sadr\u017eaj na koji se povezuju linkovima ili na koji se upu\u0107uje s njihovih stranica \u2013 osim ako su u potpunosti upoznati s nezakonitim sadr\u017eajem i ako bi mogli sprije\u010diti posjetitelje svoje stranice da pregledavaju te stranice. Izdava\u010di stoga izri\u010dito izjavljuju da u vrijeme stvaranja poveznica (linkova) na odgovaraju\u0107im povezanim stranicama nije bilo nezakonitog sadr\u017eaja. Izdava\u010di nemaju utjecaja na sada\u0161nji i budu\u0107i dizajn i sadr\u017eaj stranica na koje linkovi vode. Stoga se ovime izri\u010dito ogra\u0111uju od sadr\u017eaja svih povezanih stranica. Ova se izjava odnosi na sve linkove i reference postavljene unutar vlastite internet ponude kao i na vanjske unose u knjige gostiju, forume za raspravu ili mailing liste koje su postavili izdava\u010di. Odgovornost za nezakonit, neto\u010dan ili nepotpun sadr\u017eaj, a posebno za \u0161tetu nastalu kori\u0161tenjem ili nekori\u0161tenjem takvih informacija, snosi isklju\u010divo stranica na koju se upu\u0107uje, a ne stranica sa koje se samo poziva na posetu objave putem linka.<\/p>\n<p>Zakon o autorskim pravima i \u017eigu<\/p>\n<p>Izdava\u010di nastoje po\u0161tovati \u200b\u200bautorska prava fotografija, grafika, zvu\u010dnih dokumenata, video snimaka i tekstova kori\u0161tenih na ovoj stranici, kao i koristiti fotografije, grafike, zvu\u010dne dokumente, video sekvence i tekstove koje su sami kreirali odnosno koristiti fotografije, grafike, zvu\u010dna dokumenta, video sekvence i tekstove koji se mogu koristiti bez licence. Svi nazivi brendova i marki spomenuti na ovoj web stranici i, ako je primjenjivo, koji su za\u0161ti\u0107eni od tre\u0107ih strana, podlije\u017eu odredbama va\u017ee\u0107eg zakona o markama i autorskim pravima odgovaraju\u0107ih registriranih vlasnika bez ograni\u010denja. Samo pominjanje marke ne zna\u010di da ona nije za\u0161ti\u0107ena pravima tre\u0107ih lica! Obave\u0161tenje o autorskim pravima za \u201eLifelong Hearing\u201c primenjuje se na tekstove, fotografije, grafike, zvu\u010dna dokumenta i video sekvence objavljene na stranici Lifelong Hearing.<\/p>\n<\/div><\/div><\/div><\/div><\/div>\n","protected":false},"excerpt":{"rendered":"","protected":false},"author":4,"featured_media":0,"parent":0,"menu_order":0,"comment_status":"closed","ping_status":"closed","template":"","meta":{"_acf_changed":false,"footnotes":""},"class_list":["post-30433","page","type-page","status-publish","hentry"],"yoast_head":"<!-- This site is optimized with the Yoast SEO plugin v24.3 - https:\/\/yoast.com\/wordpress\/plugins\/seo\/ -->\n<title>Pravna obavijest - Croatian<\/title>\n<meta name=\"robots\" content=\"index, follow, max-snippet:-1, max-image-preview:large, max-video-preview:-1\" \/>\n<link rel=\"canonical\" href=\"https:\/\/lifelonghearing.com\/hr\/pravna-obavijest\/\" \/>\n<meta property=\"og:locale\" content=\"en_US\" \/>\n<meta property=\"og:type\" content=\"article\" \/>\n<meta property=\"og:title\" content=\"Pravna obavijest - Croatian\" \/>\n<meta property=\"og:url\" content=\"https:\/\/lifelonghearing.com\/hr\/pravna-obavijest\/\" \/>\n<meta property=\"og:site_name\" content=\"Croatian\" \/>\n<meta property=\"article:modified_time\" content=\"2025-04-15T09:44:07+00:00\" \/>\n<meta name=\"twitter:card\" content=\"summary_large_image\" \/>\n<meta name=\"twitter:label1\" content=\"Est. reading time\" \/>\n\t<meta name=\"twitter:data1\" content=\"3 minutes\" \/>\n<script type=\"application\/ld+json\" class=\"yoast-schema-graph\">{\"@context\":\"https:\/\/schema.org\",\"@graph\":[{\"@type\":\"WebPage\",\"@id\":\"https:\/\/lifelonghearing.com\/hr\/pravna-obavijest\/\",\"url\":\"https:\/\/lifelonghearing.com\/hr\/pravna-obavijest\/\",\"name\":\"Pravna obavijest - Croatian\",\"isPartOf\":{\"@id\":\"https:\/\/lifelonghearing.com\/hr\/#website\"},\"datePublished\":\"2025-01-01T12:41:02+00:00\",\"dateModified\":\"2025-04-15T09:44:07+00:00\",\"breadcrumb\":{\"@id\":\"https:\/\/lifelonghearing.com\/hr\/pravna-obavijest\/#breadcrumb\"},\"inLanguage\":\"en-US\",\"potentialAction\":[{\"@type\":\"ReadAction\",\"target\":[\"https:\/\/lifelonghearing.com\/hr\/pravna-obavijest\/\"]}]},{\"@type\":\"BreadcrumbList\",\"@id\":\"https:\/\/lifelonghearing.com\/hr\/pravna-obavijest\/#breadcrumb\",\"itemListElement\":[{\"@type\":\"ListItem\",\"position\":1,\"name\":\"Home\",\"item\":\"https:\/\/lifelonghearing.com\/hr\/\"},{\"@type\":\"ListItem\",\"position\":2,\"name\":\"Pravna obavijest\"}]},{\"@type\":\"WebSite\",\"@id\":\"https:\/\/lifelonghearing.com\/hr\/#website\",\"url\":\"https:\/\/lifelonghearing.com\/hr\/\",\"name\":\"Croatian\",\"description\":\"\",\"potentialAction\":[{\"@type\":\"SearchAction\",\"target\":{\"@type\":\"EntryPoint\",\"urlTemplate\":\"https:\/\/lifelonghearing.com\/hr\/?s={search_term_string}\"},\"query-input\":{\"@type\":\"PropertyValueSpecification\",\"valueRequired\":true,\"valueName\":\"search_term_string\"}}],\"inLanguage\":\"en-US\"}]}<\/script>\n<!-- \/ Yoast SEO plugin. -->","yoast_head_json":{"title":"Pravna obavijest - Croatian","robots":{"index":"index","follow":"follow","max-snippet":"max-snippet:-1","max-image-preview":"max-image-preview:large","max-video-preview":"max-video-preview:-1"},"canonical":"https:\/\/lifelonghearing.com\/hr\/pravna-obavijest\/","og_locale":"en_US","og_type":"article","og_title":"Pravna obavijest - Croatian","og_url":"https:\/\/lifelonghearing.com\/hr\/pravna-obavijest\/","og_site_name":"Croatian","article_modified_time":"2025-04-15T09:44:07+00:00","twitter_card":"summary_large_image","twitter_misc":{"Est. reading time":"3 minutes"},"schema":{"@context":"https:\/\/schema.org","@graph":[{"@type":"WebPage","@id":"https:\/\/lifelonghearing.com\/hr\/pravna-obavijest\/","url":"https:\/\/lifelonghearing.com\/hr\/pravna-obavijest\/","name":"Pravna obavijest - Croatian","isPartOf":{"@id":"https:\/\/lifelonghearing.com\/hr\/#website"},"datePublished":"2025-01-01T12:41:02+00:00","dateModified":"2025-04-15T09:44:07+00:00","breadcrumb":{"@id":"https:\/\/lifelonghearing.com\/hr\/pravna-obavijest\/#breadcrumb"},"inLanguage":"en-US","potentialAction":[{"@type":"ReadAction","target":["https:\/\/lifelonghearing.com\/hr\/pravna-obavijest\/"]}]},{"@type":"BreadcrumbList","@id":"https:\/\/lifelonghearing.com\/hr\/pravna-obavijest\/#breadcrumb","itemListElement":[{"@type":"ListItem","position":1,"name":"Home","item":"https:\/\/lifelonghearing.com\/hr\/"},{"@type":"ListItem","position":2,"name":"Pravna obavijest"}]},{"@type":"WebSite","@id":"https:\/\/lifelonghearing.com\/hr\/#website","url":"https:\/\/lifelonghearing.com\/hr\/","name":"Croatian","description":"","potentialAction":[{"@type":"SearchAction","target":{"@type":"EntryPoint","urlTemplate":"https:\/\/lifelonghearing.com\/hr\/?s={search_term_string}"},"query-input":{"@type":"PropertyValueSpecification","valueRequired":true,"valueName":"search_term_string"}}],"inLanguage":"en-US"}]}},"acf":[],"_links":{"self":[{"href":"https:\/\/lifelonghearing.com\/hr\/wp-json\/wp\/v2\/pages\/30433","targetHints":{"allow":["GET"]}}],"collection":[{"href":"https:\/\/lifelonghearing.com\/hr\/wp-json\/wp\/v2\/pages"}],"about":[{"href":"https:\/\/lifelonghearing.com\/hr\/wp-json\/wp\/v2\/types\/page"}],"author":[{"embeddable":true,"href":"https:\/\/lifelonghearing.com\/hr\/wp-json\/wp\/v2\/users\/4"}],"replies":[{"embeddable":true,"href":"https:\/\/lifelonghearing.com\/hr\/wp-json\/wp\/v2\/comments?post=30433"}],"version-history":[{"count":5,"href":"https:\/\/lifelonghearing.com\/hr\/wp-json\/wp\/v2\/pages\/30433\/revisions"}],"predecessor-version":[{"id":32352,"href":"https:\/\/lifelonghearing.com\/hr\/wp-json\/wp\/v2\/pages\/30433\/revisions\/32352"}],"wp:attachment":[{"href":"https:\/\/lifelonghearing.com\/hr\/wp-json\/wp\/v2\/media?parent=30433"}],"curies":[{"name":"wp","href":"https:\/\/api.w.org\/{rel}","templated":true}]}}