{"id":32397,"date":"2025-04-17T13:55:30","date_gmt":"2025-04-17T13:55:30","guid":{"rendered":"https:\/\/lifelonghearing.com\/et\/?page_id=32397"},"modified":"2025-04-18T04:27:16","modified_gmt":"2025-04-18T04:27:16","slug":"kuulmissaadikud","status":"publish","type":"page","link":"https:\/\/lifelonghearing.com\/et\/kuulmissaadikud\/","title":{"rendered":"Kuulmissaadikud"},"content":{"rendered":"<div class=\"fusion-fullwidth fullwidth-box fusion-builder-row-1 fusion-flex-container has-pattern-background has-mask-background nonhundred-percent-fullwidth non-hundred-percent-height-scrolling\" style=\"--awb-border-radius-top-left:0px;--awb-border-radius-top-right:0px;--awb-border-radius-bottom-right:0px;--awb-border-radius-bottom-left:0px;--awb-padding-top:80px;--awb-padding-right:20px;--awb-padding-bottom:20px;--awb-padding-left:20px;--awb-background-color:var(--awb-color1);--awb-flex-wrap:wrap;\" ><div class=\"fusion-builder-row fusion-row fusion-flex-align-items-flex-start fusion-flex-content-wrap\" style=\"max-width:1248px;margin-left: calc(-4% \/ 2 );margin-right: calc(-4% \/ 2 );\"><div class=\"fusion-layout-column fusion_builder_column fusion-builder-column-0 fusion_builder_column_1_1 1_1 fusion-flex-column\" style=\"--awb-bg-size:cover;--awb-width-large:100%;--awb-margin-top-large:10px;--awb-spacing-right-large:1.92%;--awb-margin-bottom-large:10px;--awb-spacing-left-large:1.92%;--awb-width-medium:100%;--awb-order-medium:0;--awb-spacing-right-medium:1.92%;--awb-spacing-left-medium:1.92%;--awb-width-small:100%;--awb-order-small:0;--awb-spacing-right-small:1.92%;--awb-spacing-left-small:1.92%;\"><div class=\"fusion-column-wrapper fusion-column-has-shadow fusion-flex-justify-content-flex-start fusion-content-layout-column\"><div class=\"fusion-title title fusion-title-1 fusion-sep-none fusion-title-center fusion-title-text fusion-title-size-one\" style=\"--awb-margin-top:0px;--awb-margin-right:5%;--awb-margin-left:5%;--awb-font-size:45px;\"><h1 class=\"fusion-title-heading title-heading-center fusion-responsive-typography-calculated\" style=\"margin:0;font-size:1em;--fontSize:45;line-height:1.4;\">Meie kuulmissaadikud jagavad teiega hea meelega oma kogemusi!<\/h1><\/div><div class=\"fusion-text fusion-text-1\" style=\"--awb-content-alignment:center;\"><p>Kas m\u00f5tlete sellele, kuidas saaksite oma kuulmisprobleeme lahendada v\u00f5i teate juba, et sisek\u00f5rvaimplantaat on lahendus? Kas otsite oma lapsele parimat lahendust? Kas vajate n\u00e4pun\u00e4iteid sisek\u00f5rvaimplantaatide kohta? Kas olete huvitatud sisek\u00f5rvaimplantaadi tehnoloogiast? V\u00f5tke \u00fchendust meie kuulmissaadikutega ja k\u00fcsige neilt otse!<\/p>\n<\/div><div class=\"fusion-title title fusion-title-2 fusion-sep-none fusion-title-center fusion-title-text fusion-title-size-two\" style=\"--awb-margin-top:80px;--awb-margin-bottom:30px;--awb-font-size:45px;\"><h2 class=\"fusion-title-heading title-heading-center fusion-responsive-typography-calculated\" style=\"font-family:&quot;DM Serif Text&quot;;font-style:normal;font-weight:400;margin:0;font-size:1em;--fontSize:45;line-height:1.4;\">V\u00f5tke \u00fchendust meie kuulmissaadikutega!<\/h2><\/div><div class=\"fusion-post-cards fusion-post-cards-1 fusion-grid-archive fusion-grid-columns-3\" style=\"--awb-column-spacing:20px;--awb-dots-align:center;--awb-columns:3;--awb-active-filter-border-size:3px;--awb-filters-height:36px;--awb-row-spacing:20px;--awb-columns-medium:33.3333%;--awb-columns-small:100%;\"><ul class=\"fusion-grid fusion-grid-3 fusion-flex-align-items-stretch fusion-grid-posts-cards\"><li class=\"fusion-layout-column fusion_builder_column fusion-builder-column-1 fusion-flex-column post-card fusion-grid-column fusion-post-cards-grid-column\" style=\"--awb-bg-color:#f9f9f9;--awb-bg-color-hover:#f9f9f9;--awb-bg-size:cover;\"><div class=\"fusion-column-wrapper fusion-flex-justify-content-flex-start fusion-content-layout-column\"><div class=\"fusion-classic-product-image-wrapper fusion-woo-product-image fusion-post-card-image fusion-post-card-image-1\" data-layout=\"static\"><div  class=\"fusion-image-wrapper\" aria-haspopup=\"true\">\n\t\t\t\t\t\t\t<a href=\"https:\/\/lifelonghearing.com\/et\/partner\/laura\/\" aria-label=\"Laura\">\n\t\t\t\t\t\t\t<img decoding=\"async\" width=\"800\" height=\"800\" src=\"https:\/\/lifelonghearing.com\/et\/wp-content\/uploads\/sites\/10\/2025\/04\/laura_400x496_1.webp\" class=\"attachment-full size-full lazyload wp-post-image\" alt=\"\" srcset=\"data:image\/svg+xml,%3Csvg%20xmlns%3D%27http%3A%2F%2Fwww.w3.org%2F2000%2Fsvg%27%20width%3D%27800%27%20height%3D%27800%27%20viewBox%3D%270%200%20800%20800%27%3E%3Crect%20width%3D%27800%27%20height%3D%27800%27%20fill-opacity%3D%220%22%2F%3E%3C%2Fsvg%3E\" data-orig-src=\"https:\/\/lifelonghearing.com\/et\/wp-content\/uploads\/sites\/10\/2025\/04\/laura_400x496_1.webp\" data-srcset=\"https:\/\/lifelonghearing.com\/et\/wp-content\/uploads\/sites\/10\/2025\/04\/laura_400x496_1-66x66.webp 66w, https:\/\/lifelonghearing.com\/et\/wp-content\/uploads\/sites\/10\/2025\/04\/laura_400x496_1-150x150.webp 150w, https:\/\/lifelonghearing.com\/et\/wp-content\/uploads\/sites\/10\/2025\/04\/laura_400x496_1-200x200.webp 200w, https:\/\/lifelonghearing.com\/et\/wp-content\/uploads\/sites\/10\/2025\/04\/laura_400x496_1-300x300.webp 300w, https:\/\/lifelonghearing.com\/et\/wp-content\/uploads\/sites\/10\/2025\/04\/laura_400x496_1-400x400.webp 400w, https:\/\/lifelonghearing.com\/et\/wp-content\/uploads\/sites\/10\/2025\/04\/laura_400x496_1-600x600.webp 600w, https:\/\/lifelonghearing.com\/et\/wp-content\/uploads\/sites\/10\/2025\/04\/laura_400x496_1-768x768.webp 768w, https:\/\/lifelonghearing.com\/et\/wp-content\/uploads\/sites\/10\/2025\/04\/laura_400x496_1.webp 800w\" data-sizes=\"auto\" \/>\t\t\t<\/a>\n\t\t\t\t\t\t\t<\/div>\n<\/div><div class=\"fusion-builder-row fusion-builder-row-inner fusion-row fusion-flex-align-items-flex-start fusion-flex-content-wrap\" style=\"width:104% !important;max-width:104% !important;margin-left: calc(-4% \/ 2 );margin-right: calc(-4% \/ 2 );\"><div class=\"fusion-layout-column fusion_builder_column_inner fusion-builder-nested-column-0 fusion_builder_column_inner_1_1 1_1 fusion-flex-column\" style=\"--awb-padding-top:30px;--awb-padding-right:40px;--awb-padding-bottom:30px;--awb-padding-left:40px;--awb-padding-top-small:20px;--awb-padding-right-small:20px;--awb-padding-bottom-small:20px;--awb-padding-left-small:20px;--awb-bg-color:#f9f9f9;--awb-bg-color-hover:#f9f9f9;--awb-bg-size:cover;--awb-width-large:100%;--awb-margin-top-large:0px;--awb-spacing-right-large:1.92%;--awb-margin-bottom-large:0px;--awb-spacing-left-large:1.92%;--awb-width-medium:100%;--awb-order-medium:0;--awb-spacing-right-medium:1.92%;--awb-spacing-left-medium:1.92%;--awb-width-small:100%;--awb-order-small:0;--awb-spacing-right-small:1.92%;--awb-spacing-left-small:1.92%;\"><div class=\"fusion-column-wrapper fusion-column-has-shadow fusion-flex-justify-content-flex-start fusion-content-layout-column\"><div class=\"fusion-text fusion-text-2 fusion-text-no-margin\" style=\"--awb-font-size:20px;--awb-text-color:#000000;--awb-margin-bottom:5px;--awb-text-font-family:&quot;Open Sans&quot;;--awb-text-font-style:normal;--awb-text-font-weight:600;\"><p>Laura<\/p>\n<\/div><div class=\"fusion-text fusion-text-3 fusion-text-no-margin\" style=\"--awb-text-color:#515151;--awb-margin-bottom:10px;\"><p>Kahepoolse sisek\u00f5rvaimplantaadi kasutaja SONNET 2 (operatsioonid 2020. ja 2022. a.)<\/p>\n<\/div><div style=\"text-align:left;\"><a class=\"fusion-button button-flat button-large button-custom fusion-button-default button-1 fusion-button-default-span fusion-button-default-type\" style=\"--button_accent_color:#5ebfbb;--button_border_color:#5ebfbb;--button_accent_hover_color:rgba(61,59,59,0.8);--button_border_hover_color:rgba(61,59,59,0.8);--button_gradient_top_color:rgba(255,255,255,0);--button_gradient_bottom_color:rgba(255,255,255,0);--button_gradient_top_color_hover:rgba(255,255,255,0);--button_gradient_bottom_color_hover:rgba(255,255,255,0);--button_margin-right:0px;--button_margin-bottom:0px;--button_margin-left:-30px;\" target=\"_self\" href=\"https:\/\/lifelonghearing.com\/et\/partner\/laura\/\"><span class=\"fusion-button-text\">KONTAKT<\/span><i class=\"fa-arrow-right fas button-icon-right\" aria-hidden=\"true\"><\/i><\/a><\/div><\/div><\/div><\/div><\/div><\/li>\n<\/ul><\/div><\/div><\/div><\/div><\/div>\n","protected":false},"excerpt":{"rendered":"","protected":false},"author":4,"featured_media":0,"parent":0,"menu_order":0,"comment_status":"closed","ping_status":"closed","template":"100-width.php","meta":{"_acf_changed":false,"footnotes":""},"class_list":["post-32397","page","type-page","status-publish","hentry"],"yoast_head":"<!-- This site is optimized with the Yoast SEO plugin v24.3 - https:\/\/yoast.com\/wordpress\/plugins\/seo\/ -->\n<title>Kuulmissaadikud - Estonian<\/title>\n<meta name=\"robots\" content=\"index, follow, max-snippet:-1, max-image-preview:large, max-video-preview:-1\" \/>\n<link rel=\"canonical\" href=\"https:\/\/lifelonghearing.com\/et\/kuulmissaadikud\/\" \/>\n<meta property=\"og:locale\" content=\"en_US\" \/>\n<meta property=\"og:type\" content=\"article\" \/>\n<meta property=\"og:title\" content=\"Kuulmissaadikud - Estonian\" \/>\n<meta property=\"og:url\" content=\"https:\/\/lifelonghearing.com\/et\/kuulmissaadikud\/\" \/>\n<meta property=\"og:site_name\" content=\"Estonian\" \/>\n<meta property=\"article:modified_time\" content=\"2025-04-18T04:27:16+00:00\" \/>\n<meta name=\"twitter:card\" content=\"summary_large_image\" \/>\n<script type=\"application\/ld+json\" class=\"yoast-schema-graph\">{\"@context\":\"https:\/\/schema.org\",\"@graph\":[{\"@type\":\"WebPage\",\"@id\":\"https:\/\/lifelonghearing.com\/et\/kuulmissaadikud\/\",\"url\":\"https:\/\/lifelonghearing.com\/et\/kuulmissaadikud\/\",\"name\":\"Kuulmissaadikud - Estonian\",\"isPartOf\":{\"@id\":\"https:\/\/lifelonghearing.com\/et\/#website\"},\"datePublished\":\"2025-04-17T13:55:30+00:00\",\"dateModified\":\"2025-04-18T04:27:16+00:00\",\"breadcrumb\":{\"@id\":\"https:\/\/lifelonghearing.com\/et\/kuulmissaadikud\/#breadcrumb\"},\"inLanguage\":\"en-US\",\"potentialAction\":[{\"@type\":\"ReadAction\",\"target\":[\"https:\/\/lifelonghearing.com\/et\/kuulmissaadikud\/\"]}]},{\"@type\":\"BreadcrumbList\",\"@id\":\"https:\/\/lifelonghearing.com\/et\/kuulmissaadikud\/#breadcrumb\",\"itemListElement\":[{\"@type\":\"ListItem\",\"position\":1,\"name\":\"Home\",\"item\":\"https:\/\/lifelonghearing.com\/et\/\"},{\"@type\":\"ListItem\",\"position\":2,\"name\":\"Kuulmissaadikud\"}]},{\"@type\":\"WebSite\",\"@id\":\"https:\/\/lifelonghearing.com\/et\/#website\",\"url\":\"https:\/\/lifelonghearing.com\/et\/\",\"name\":\"Estonian\",\"description\":\"\",\"potentialAction\":[{\"@type\":\"SearchAction\",\"target\":{\"@type\":\"EntryPoint\",\"urlTemplate\":\"https:\/\/lifelonghearing.com\/et\/?s={search_term_string}\"},\"query-input\":{\"@type\":\"PropertyValueSpecification\",\"valueRequired\":true,\"valueName\":\"search_term_string\"}}],\"inLanguage\":\"en-US\"}]}<\/script>\n<!-- \/ Yoast SEO plugin. -->","yoast_head_json":{"title":"Kuulmissaadikud - Estonian","robots":{"index":"index","follow":"follow","max-snippet":"max-snippet:-1","max-image-preview":"max-image-preview:large","max-video-preview":"max-video-preview:-1"},"canonical":"https:\/\/lifelonghearing.com\/et\/kuulmissaadikud\/","og_locale":"en_US","og_type":"article","og_title":"Kuulmissaadikud - Estonian","og_url":"https:\/\/lifelonghearing.com\/et\/kuulmissaadikud\/","og_site_name":"Estonian","article_modified_time":"2025-04-18T04:27:16+00:00","twitter_card":"summary_large_image","schema":{"@context":"https:\/\/schema.org","@graph":[{"@type":"WebPage","@id":"https:\/\/lifelonghearing.com\/et\/kuulmissaadikud\/","url":"https:\/\/lifelonghearing.com\/et\/kuulmissaadikud\/","name":"Kuulmissaadikud - Estonian","isPartOf":{"@id":"https:\/\/lifelonghearing.com\/et\/#website"},"datePublished":"2025-04-17T13:55:30+00:00","dateModified":"2025-04-18T04:27:16+00:00","breadcrumb":{"@id":"https:\/\/lifelonghearing.com\/et\/kuulmissaadikud\/#breadcrumb"},"inLanguage":"en-US","potentialAction":[{"@type":"ReadAction","target":["https:\/\/lifelonghearing.com\/et\/kuulmissaadikud\/"]}]},{"@type":"BreadcrumbList","@id":"https:\/\/lifelonghearing.com\/et\/kuulmissaadikud\/#breadcrumb","itemListElement":[{"@type":"ListItem","position":1,"name":"Home","item":"https:\/\/lifelonghearing.com\/et\/"},{"@type":"ListItem","position":2,"name":"Kuulmissaadikud"}]},{"@type":"WebSite","@id":"https:\/\/lifelonghearing.com\/et\/#website","url":"https:\/\/lifelonghearing.com\/et\/","name":"Estonian","description":"","potentialAction":[{"@type":"SearchAction","target":{"@type":"EntryPoint","urlTemplate":"https:\/\/lifelonghearing.com\/et\/?s={search_term_string}"},"query-input":{"@type":"PropertyValueSpecification","valueRequired":true,"valueName":"search_term_string"}}],"inLanguage":"en-US"}]}},"acf":[],"_links":{"self":[{"href":"https:\/\/lifelonghearing.com\/et\/wp-json\/wp\/v2\/pages\/32397","targetHints":{"allow":["GET"]}}],"collection":[{"href":"https:\/\/lifelonghearing.com\/et\/wp-json\/wp\/v2\/pages"}],"about":[{"href":"https:\/\/lifelonghearing.com\/et\/wp-json\/wp\/v2\/types\/page"}],"author":[{"embeddable":true,"href":"https:\/\/lifelonghearing.com\/et\/wp-json\/wp\/v2\/users\/4"}],"replies":[{"embeddable":true,"href":"https:\/\/lifelonghearing.com\/et\/wp-json\/wp\/v2\/comments?post=32397"}],"version-history":[{"count":4,"href":"https:\/\/lifelonghearing.com\/et\/wp-json\/wp\/v2\/pages\/32397\/revisions"}],"predecessor-version":[{"id":32410,"href":"https:\/\/lifelonghearing.com\/et\/wp-json\/wp\/v2\/pages\/32397\/revisions\/32410"}],"wp:attachment":[{"href":"https:\/\/lifelonghearing.com\/et\/wp-json\/wp\/v2\/media?parent=32397"}],"curies":[{"name":"wp","href":"https:\/\/api.w.org\/{rel}","templated":true}]}}