{"id":30433,"date":"2025-01-01T12:41:02","date_gmt":"2025-01-01T12:41:02","guid":{"rendered":"https:\/\/lifelonghearing.com\/cs\/?page_id=30433"},"modified":"2025-04-02T12:38:08","modified_gmt":"2025-04-02T12:38:08","slug":"pravni-oznameni","status":"publish","type":"page","link":"https:\/\/lifelonghearing.com\/cs\/pravni-oznameni\/","title":{"rendered":"Pr\u00e1vn\u00ed ozn\u00e1men\u00ed"},"content":{"rendered":"<div class=\"fusion-fullwidth fullwidth-box fusion-builder-row-1 fusion-flex-container nonhundred-percent-fullwidth non-hundred-percent-height-scrolling\" style=\"--awb-border-radius-top-left:0px;--awb-border-radius-top-right:0px;--awb-border-radius-bottom-right:0px;--awb-border-radius-bottom-left:0px;--awb-padding-top:50px;--awb-flex-wrap:wrap;\" ><div class=\"fusion-builder-row fusion-row fusion-flex-align-items-flex-start fusion-flex-content-wrap\" style=\"max-width:1248px;margin-left: calc(-4% \/ 2 );margin-right: calc(-4% \/ 2 );\"><div class=\"fusion-layout-column fusion_builder_column fusion-builder-column-0 fusion_builder_column_1_1 1_1 fusion-flex-column\" style=\"--awb-bg-size:cover;--awb-width-large:100%;--awb-margin-top-large:0px;--awb-spacing-right-large:1.92%;--awb-margin-bottom-large:0px;--awb-spacing-left-large:1.92%;--awb-width-medium:100%;--awb-spacing-right-medium:1.92%;--awb-spacing-left-medium:1.92%;--awb-width-small:100%;--awb-spacing-right-small:1.92%;--awb-spacing-left-small:1.92%;\"><div class=\"fusion-column-wrapper fusion-flex-justify-content-flex-start fusion-content-layout-column\"><div class=\"fusion-text fusion-text-1\" style=\"--awb-text-transform:none;\"><p><strong>OFFENLEGUNGSPFLICHT GEM\u00c4SS \u00a725 MEDIENGESETZ DES VEREINES COCHLEA IMPLANTAT AUSTRIA:<\/strong><\/p>\n<p>Vereinsname: <strong>Cochlea Implantat Austria \u2013 \u00d6sterreichische Gesellschaft f\u00fcr implantierbare H\u00f6rhilfen<\/strong><\/p>\n<p>Adresse: <strong>F\u00fcrstengasse 1, A-1090 Wien<\/strong><br \/>Telefon: <strong>+43 (0) 664 \/ 60705 2353<\/strong><br \/>Email: <a href=\"mailto:k-h.fuchs@liwest.at\"><strong>k-h.fuchs@liwest.at<\/strong><\/a><br \/>Internet: <strong>www.ci-a.at<\/strong><br \/>ZVR-Zahl: <strong>273242488<\/strong><\/p>\n<p>Vereinsregisterbeh\u00f6rde: <strong>Bundespolizeidirektion Wien, Vereinsb\u00fcro<\/strong><br \/>Zeitschrift:<strong> geh\u00f6rt.gelesen.<\/strong><\/p>\n<h2>Disclaimer \/ Haftungsausschluss:<\/h2>\n<p><strong>INHALT DES ONLINEANGEBOTES<\/strong><\/p>\n<p>Die Herausgeber der Website \u201eCIA \u2013 Cochlea Implantat Austria\u201c \u00fcbernehmen keinerlei Gew\u00e4hr f\u00fcr die Aktualit\u00e4t, Korrektheit, Vollst\u00e4ndigkeit oder Qualit\u00e4t der bereitgestellten Informationen. Haftungsanspr\u00fcche gegen die Herausgeber, die sich auf Sch\u00e4den materieller oder ideeller Art beziehen, die durch die Nutzung oder Nichtnutzung der dargebotenen Informationen bzw. durch die Nutzung fehlerhafter und unvollst\u00e4ndiger Informationen verursacht wurden, sind grunds\u00e4tzlich ausgeschlossen, sofern seitens der Herausgeber kein nachweislich vors\u00e4tzliches oder grob fahrl\u00e4ssiges Verschulden vorliegt. Alle Angebote sind freibleibend und unverbindlich. Die Herausgeber behalten es sich ausdr\u00fccklich vor, Teile der Seiten oder das gesamte Angebot ohne gesonderte Ank\u00fcndigung zu ver\u00e4ndern, zu erg\u00e4nzen, zu l\u00f6schen oder die Ver\u00f6ffentlichung zeitweise oder endg\u00fcltig einzustellen.<\/p>\n<p><strong>RECHTSWIRKSAMKEIT DIESES HAFTUNGSAUSSCHLUSSES<\/strong><\/p>\n<p>Dieser Disclaimer \/ Haftungsausschlu\u00df ist als Teil des Internetangebots zu betrachten, von dem aus auf diese Seite verwiesen wurde. Sofern Teile oder einzelne Formulierungen dieses Textes der geltenden Rechtslage nicht, nicht mehr oder nicht vollst\u00e4ndig entsprechen sollten, bleiben die \u00fcbrigen Teile des Dokuments in ihrem Inhalt und ihrer G\u00fcltigkeit davon unber\u00fchrt.<\/p>\n<p><strong>VERWEISE UND LINKS<\/strong><\/p>\n<p>Bei direkten oder indirekten Verweisen auf fremde Internetseiten (\u201eLinks\u201c), die au\u00dferhalb des Verantwortungsbereiches der Herausgeber liegen, w\u00fcrde eine Haftungsverpflichtung ausschlie\u00dflich in dem Fall in Kraft treten, in dem die Herausgeber von den Inhalten Kenntnis haben und es ihnen technisch m\u00f6glich und zumutbar w\u00e4re, die Nutzung im Fall rechtswidriger Inhalte zu verhindern. Die Herausgeber erkl\u00e4ren daher ausdr\u00fccklich, da\u00df zum Zeitpunkt der Linksetzung die entsprechenden verlinkten Seiten frei von illegalen Inhalten waren. Die Herausgeber haben keinerlei Einflu\u00df auf die aktuelle und zuk\u00fcnftige Gestaltung und auf die Inhalte der gelinkten \/ verkn\u00fcpften Seiten. Deshalb distanzieren sie sich hiermit ausdr\u00fccklich von allen Inhalten aller gelinkten \/ verkn\u00fcpften Seiten. Diese Feststellung gilt f\u00fcr alle innerhalb des eigenen Internetangebots gesetzten Links und Verweise sowie f\u00fcr Fremdeintr\u00e4ge in von den Herausgebern eingerichteten G\u00e4steb\u00fcchern, Diskussionsforen und Mailinglisten. F\u00fcr illegale, fehlerhafte oder unvollst\u00e4ndige Inhalte und insbesondere f\u00fcr Sch\u00e4den, die aus der Nutzung oder Nichtnutzung solcherart dargebotener Informationen entstehen, haftet allein der Anbieter der Seite, auf die verwiesen wurde, nicht derjenige, der \u00fcber Links auf die jeweilige Ver\u00f6ffentlichung lediglich verweist.<\/p>\n<p><strong>URHEBER- UNS KENNZEICHENRECHT<\/strong><\/p>\n<p>Die Herausgeber sind bestrebt, in allen Publikationen die Urheberrechte der verwendeten Fotografien, Grafiken, Tondokumente, Videosequenzen und Texte zu beachten, von ihnen selbst erstellte Fotografien, Grafiken, Tondokumente, Videosequenzen und Texte zu nutzen oder auf lizenzfreie Fotografien, Grafiken, Tondokumente, Videosequenzen und Texte zur\u00fcckzugreifen. Alle innerhalb des Internetangebots genannten und gegebenenfalls durch Dritte gesch\u00fctzten Marken- und Warenzeichen unterliegen uneingeschr\u00e4nkt den Bestimmungen des jeweils g\u00fcltigen Kennzeichenrechts und den Besitzrechten der jeweiligen eingetragenen Eigent\u00fcmer. Allein aufgrund der blo\u00dfen Nennung ist nicht der Schlu\u00df zu ziehen, dass Markenzeichen nicht durch Rechte Dritter gesch\u00fctzt sind! F\u00fcr das Copyright der auf der Website vo Cochlea Implantat Austria ver\u00f6ffentlichten Texte -Fotografien, -Grafiken, -Tondokumente und -Videosequenzen gilt der Cochlea Implantat Austria-Copyrighthinweis.<\/p>\n<\/div><\/div><\/div><\/div><\/div>\n","protected":false},"excerpt":{"rendered":"","protected":false},"author":4,"featured_media":0,"parent":0,"menu_order":0,"comment_status":"closed","ping_status":"closed","template":"","meta":{"_acf_changed":false,"footnotes":""},"class_list":["post-30433","page","type-page","status-publish","hentry"],"yoast_head":"<!-- This site is optimized with the Yoast SEO plugin v24.3 - https:\/\/yoast.com\/wordpress\/plugins\/seo\/ -->\n<title>Pr\u00e1vn\u00ed ozn\u00e1men\u00ed - Czech<\/title>\n<meta name=\"robots\" content=\"index, follow, max-snippet:-1, max-image-preview:large, max-video-preview:-1\" \/>\n<link rel=\"canonical\" href=\"https:\/\/lifelonghearing.com\/cs\/pravni-oznameni\/\" \/>\n<meta property=\"og:locale\" content=\"en_US\" \/>\n<meta property=\"og:type\" content=\"article\" \/>\n<meta property=\"og:title\" content=\"Pr\u00e1vn\u00ed ozn\u00e1men\u00ed - Czech\" \/>\n<meta property=\"og:url\" content=\"https:\/\/lifelonghearing.com\/cs\/pravni-oznameni\/\" \/>\n<meta property=\"og:site_name\" content=\"Czech\" \/>\n<meta property=\"article:modified_time\" content=\"2025-04-02T12:38:08+00:00\" \/>\n<meta name=\"twitter:card\" content=\"summary_large_image\" \/>\n<meta name=\"twitter:label1\" content=\"Est. reading time\" \/>\n\t<meta name=\"twitter:data1\" content=\"3 minutes\" \/>\n<script type=\"application\/ld+json\" class=\"yoast-schema-graph\">{\"@context\":\"https:\/\/schema.org\",\"@graph\":[{\"@type\":\"WebPage\",\"@id\":\"https:\/\/lifelonghearing.com\/cs\/pravni-oznameni\/\",\"url\":\"https:\/\/lifelonghearing.com\/cs\/pravni-oznameni\/\",\"name\":\"Pr\u00e1vn\u00ed ozn\u00e1men\u00ed - Czech\",\"isPartOf\":{\"@id\":\"https:\/\/lifelonghearing.com\/cs\/#website\"},\"datePublished\":\"2025-01-01T12:41:02+00:00\",\"dateModified\":\"2025-04-02T12:38:08+00:00\",\"breadcrumb\":{\"@id\":\"https:\/\/lifelonghearing.com\/cs\/pravni-oznameni\/#breadcrumb\"},\"inLanguage\":\"en-US\",\"potentialAction\":[{\"@type\":\"ReadAction\",\"target\":[\"https:\/\/lifelonghearing.com\/cs\/pravni-oznameni\/\"]}]},{\"@type\":\"BreadcrumbList\",\"@id\":\"https:\/\/lifelonghearing.com\/cs\/pravni-oznameni\/#breadcrumb\",\"itemListElement\":[{\"@type\":\"ListItem\",\"position\":1,\"name\":\"Home\",\"item\":\"https:\/\/lifelonghearing.com\/cs\/\"},{\"@type\":\"ListItem\",\"position\":2,\"name\":\"Pr\u00e1vn\u00ed ozn\u00e1men\u00ed\"}]},{\"@type\":\"WebSite\",\"@id\":\"https:\/\/lifelonghearing.com\/cs\/#website\",\"url\":\"https:\/\/lifelonghearing.com\/cs\/\",\"name\":\"Czech\",\"description\":\"\",\"potentialAction\":[{\"@type\":\"SearchAction\",\"target\":{\"@type\":\"EntryPoint\",\"urlTemplate\":\"https:\/\/lifelonghearing.com\/cs\/?s={search_term_string}\"},\"query-input\":{\"@type\":\"PropertyValueSpecification\",\"valueRequired\":true,\"valueName\":\"search_term_string\"}}],\"inLanguage\":\"en-US\"}]}<\/script>\n<!-- \/ Yoast SEO plugin. -->","yoast_head_json":{"title":"Pr\u00e1vn\u00ed ozn\u00e1men\u00ed - Czech","robots":{"index":"index","follow":"follow","max-snippet":"max-snippet:-1","max-image-preview":"max-image-preview:large","max-video-preview":"max-video-preview:-1"},"canonical":"https:\/\/lifelonghearing.com\/cs\/pravni-oznameni\/","og_locale":"en_US","og_type":"article","og_title":"Pr\u00e1vn\u00ed ozn\u00e1men\u00ed - Czech","og_url":"https:\/\/lifelonghearing.com\/cs\/pravni-oznameni\/","og_site_name":"Czech","article_modified_time":"2025-04-02T12:38:08+00:00","twitter_card":"summary_large_image","twitter_misc":{"Est. reading time":"3 minutes"},"schema":{"@context":"https:\/\/schema.org","@graph":[{"@type":"WebPage","@id":"https:\/\/lifelonghearing.com\/cs\/pravni-oznameni\/","url":"https:\/\/lifelonghearing.com\/cs\/pravni-oznameni\/","name":"Pr\u00e1vn\u00ed ozn\u00e1men\u00ed - Czech","isPartOf":{"@id":"https:\/\/lifelonghearing.com\/cs\/#website"},"datePublished":"2025-01-01T12:41:02+00:00","dateModified":"2025-04-02T12:38:08+00:00","breadcrumb":{"@id":"https:\/\/lifelonghearing.com\/cs\/pravni-oznameni\/#breadcrumb"},"inLanguage":"en-US","potentialAction":[{"@type":"ReadAction","target":["https:\/\/lifelonghearing.com\/cs\/pravni-oznameni\/"]}]},{"@type":"BreadcrumbList","@id":"https:\/\/lifelonghearing.com\/cs\/pravni-oznameni\/#breadcrumb","itemListElement":[{"@type":"ListItem","position":1,"name":"Home","item":"https:\/\/lifelonghearing.com\/cs\/"},{"@type":"ListItem","position":2,"name":"Pr\u00e1vn\u00ed ozn\u00e1men\u00ed"}]},{"@type":"WebSite","@id":"https:\/\/lifelonghearing.com\/cs\/#website","url":"https:\/\/lifelonghearing.com\/cs\/","name":"Czech","description":"","potentialAction":[{"@type":"SearchAction","target":{"@type":"EntryPoint","urlTemplate":"https:\/\/lifelonghearing.com\/cs\/?s={search_term_string}"},"query-input":{"@type":"PropertyValueSpecification","valueRequired":true,"valueName":"search_term_string"}}],"inLanguage":"en-US"}]}},"acf":[],"_links":{"self":[{"href":"https:\/\/lifelonghearing.com\/cs\/wp-json\/wp\/v2\/pages\/30433","targetHints":{"allow":["GET"]}}],"collection":[{"href":"https:\/\/lifelonghearing.com\/cs\/wp-json\/wp\/v2\/pages"}],"about":[{"href":"https:\/\/lifelonghearing.com\/cs\/wp-json\/wp\/v2\/types\/page"}],"author":[{"embeddable":true,"href":"https:\/\/lifelonghearing.com\/cs\/wp-json\/wp\/v2\/users\/4"}],"replies":[{"embeddable":true,"href":"https:\/\/lifelonghearing.com\/cs\/wp-json\/wp\/v2\/comments?post=30433"}],"version-history":[{"count":6,"href":"https:\/\/lifelonghearing.com\/cs\/wp-json\/wp\/v2\/pages\/30433\/revisions"}],"predecessor-version":[{"id":32847,"href":"https:\/\/lifelonghearing.com\/cs\/wp-json\/wp\/v2\/pages\/30433\/revisions\/32847"}],"wp:attachment":[{"href":"https:\/\/lifelonghearing.com\/cs\/wp-json\/wp\/v2\/media?parent=30433"}],"curies":[{"name":"wp","href":"https:\/\/api.w.org\/{rel}","templated":true}]}}