{"id":30414,"date":"2025-01-01T12:33:16","date_gmt":"2025-01-01T12:33:16","guid":{"rendered":"https:\/\/lifelonghearing.com\/cs\/?page_id=30414"},"modified":"2025-04-02T10:54:23","modified_gmt":"2025-04-02T10:54:23","slug":"volny-cas","status":"publish","type":"page","link":"https:\/\/lifelonghearing.com\/cs\/prehled\/volny-cas\/","title":{"rendered":"Voln\u00fd \u010das"},"content":{"rendered":"<p><div class=\"fusion-fullwidth fullwidth-box fusion-builder-row-1 nonhundred-percent-fullwidth non-hundred-percent-height-scrolling\" style=\"--awb-border-radius-top-left:0px;--awb-border-radius-top-right:0px;--awb-border-radius-bottom-right:0px;--awb-border-radius-bottom-left:0px;--awb-padding-top:40px;--awb-padding-right:40px;--awb-padding-bottom:40px;--awb-padding-left:40px;--awb-margin-bottom:30px;--awb-background-color:#fdc600;--awb-flex-wrap:wrap;\" ><div class=\"fusion-builder-row fusion-row\"><div class=\"fusion-layout-column fusion_builder_column fusion-builder-column-0 fusion_builder_column_1_3 1_3 fusion-one-third fusion-column-first\" style=\"--awb-bg-size:cover;--awb-margin-top:0px;--awb-margin-bottom:0px;width:33.333333333333%;width:calc(33.333333333333% - ( ( 4% ) * 0.33333333333333 ) );margin-right: 4%;\"><div class=\"fusion-column-wrapper fusion-column-has-shadow fusion-flex-column-wrapper-legacy\"><div class=\"fusion-image-element fusion-image-align-center fusion-no-small-visibility fusion-no-medium-visibility in-legacy-container\" style=\"text-align:center;--awb-max-width:220px;--awb-caption-title-font-family:var(--h2_typography-font-family);--awb-caption-title-font-weight:var(--h2_typography-font-weight);--awb-caption-title-font-style:var(--h2_typography-font-style);--awb-caption-title-size:var(--h2_typography-font-size);--awb-caption-title-transform:var(--h2_typography-text-transform);--awb-caption-title-line-height:var(--h2_typography-line-height);--awb-caption-title-letter-spacing:var(--h2_typography-letter-spacing);\"><div class=\"imageframe-align-center\"><span class=\" fusion-imageframe imageframe-none imageframe-1 hover-type-none\"><img decoding=\"async\" width=\"350\" height=\"329\" title=\"leisure\" src=\"https:\/\/lifelonghearing.com\/cs\/wp-content\/uploads\/sites\/8\/2025\/01\/leisure.png\" data-orig-src=\"https:\/\/lifelonghearing.com\/cs\/wp-content\/uploads\/sites\/8\/2025\/01\/leisure.png\" alt class=\"lazyload img-responsive wp-image-30497\" srcset=\"data:image\/svg+xml,%3Csvg%20xmlns%3D%27http%3A%2F%2Fwww.w3.org%2F2000%2Fsvg%27%20width%3D%27350%27%20height%3D%27329%27%20viewBox%3D%270%200%20350%20329%27%3E%3Crect%20width%3D%27350%27%20height%3D%27329%27%20fill-opacity%3D%220%22%2F%3E%3C%2Fsvg%3E\" data-srcset=\"https:\/\/lifelonghearing.com\/cs\/wp-content\/uploads\/sites\/8\/2025\/01\/leisure-200x188.png 200w, https:\/\/lifelonghearing.com\/cs\/wp-content\/uploads\/sites\/8\/2025\/01\/leisure.png 350w\" data-sizes=\"auto\" data-orig-sizes=\"(max-width: 991px) 100vw, 350px\" \/><\/span><\/div><\/div><div class=\"fusion-image-element fusion-image-align-left fusion-no-large-visibility in-legacy-container\" style=\"text-align:left;--awb-max-width:90px;--awb-caption-title-font-family:var(--h2_typography-font-family);--awb-caption-title-font-weight:var(--h2_typography-font-weight);--awb-caption-title-font-style:var(--h2_typography-font-style);--awb-caption-title-size:var(--h2_typography-font-size);--awb-caption-title-transform:var(--h2_typography-text-transform);--awb-caption-title-line-height:var(--h2_typography-line-height);--awb-caption-title-letter-spacing:var(--h2_typography-letter-spacing);\"><span class=\" fusion-imageframe imageframe-none imageframe-2 hover-type-none\" style=\"margin-right:25px;float:left;\"><img decoding=\"async\" width=\"350\" height=\"329\" title=\"leisure\" src=\"https:\/\/lifelonghearing.com\/cs\/wp-content\/uploads\/sites\/8\/2025\/01\/leisure.png\" data-orig-src=\"https:\/\/lifelonghearing.com\/cs\/wp-content\/uploads\/sites\/8\/2025\/01\/leisure.png\" alt class=\"lazyload img-responsive wp-image-30497\" srcset=\"data:image\/svg+xml,%3Csvg%20xmlns%3D%27http%3A%2F%2Fwww.w3.org%2F2000%2Fsvg%27%20width%3D%27350%27%20height%3D%27329%27%20viewBox%3D%270%200%20350%20329%27%3E%3Crect%20width%3D%27350%27%20height%3D%27329%27%20fill-opacity%3D%220%22%2F%3E%3C%2Fsvg%3E\" data-srcset=\"https:\/\/lifelonghearing.com\/cs\/wp-content\/uploads\/sites\/8\/2025\/01\/leisure-200x188.png 200w, https:\/\/lifelonghearing.com\/cs\/wp-content\/uploads\/sites\/8\/2025\/01\/leisure.png 350w\" data-sizes=\"auto\" data-orig-sizes=\"(max-width: 991px) 100vw, 350px\" \/><\/span><\/div><div class=\"fusion-clearfix\"><\/div><\/div><\/div><div class=\"fusion-layout-column fusion_builder_column fusion-builder-column-1 fusion_builder_column_2_3 2_3 fusion-two-third fusion-column-last\" style=\"--awb-bg-size:cover;width:66.666666666667%;width:calc(66.666666666667% - ( ( 4% ) * 0.66666666666667 ) );\"><div class=\"fusion-column-wrapper fusion-column-has-shadow fusion-flex-column-wrapper-legacy\"><div class=\"fusion-title title fusion-title-1 fusion-sep-none fusion-title-text fusion-title-size-one\" style=\"--awb-text-color:#ffffff;\"><h1 class=\"fusion-title-heading title-heading-left fusion-responsive-typography-calculated\" style=\"margin:0;--fontSize:45;line-height:1.4;\">Voln\u00fd \u010das<\/h1><\/div><div class=\"fusion-text fusion-text-1\" style=\"--awb-text-color:var(--awb-color1);\"><p><strong>U\u017eijte si svou chvilku bez omezen\u00ed: Jak z kochle\u00e1rn\u00edho implant\u00e1tu vyt\u011b\u017eit ve voln\u00e9m \u010dase co nejv\u00edce \u2013 to zjist\u00edte v na\u0161ich vzru\u0161uj\u00edc\u00edch \u010dl\u00e1nc\u00edch o kultu\u0159e, cestov\u00e1n\u00ed, sportu a dal\u0161\u00edch t\u00e9matech!<\/strong><\/p>\n<\/div><div class=\"fusion-clearfix\"><\/div><\/div><\/div><\/div><\/div><div class=\"fusion-fullwidth fullwidth-box fusion-builder-row-2 nonhundred-percent-fullwidth non-hundred-percent-height-scrolling fusion-equal-height-columns\" style=\"--awb-background-position:left top;--awb-background-repeat:repeat;--awb-border-sizes-top:0px;--awb-border-sizes-bottom:0px;--awb-border-sizes-left:0px;--awb-border-sizes-right:0px;--awb-border-color:rgba(255,255,255,.05);--awb-border-radius-top-left:0px;--awb-border-radius-top-right:0px;--awb-border-radius-bottom-right:0px;--awb-border-radius-bottom-left:0px;--awb-padding-top:40px;--awb-padding-bottom:60px;--awb-flex-wrap:wrap;\" ><div class=\"fusion-builder-row fusion-row\"><div class=\"fusion-layout-column fusion_builder_column fusion-builder-column-2 fusion_builder_column_1_1 1_1 fusion-one-full fusion-column-first fusion-column-last\" style=\"--awb-bg-size:cover;\"><div class=\"fusion-column-wrapper fusion-column-has-shadow fusion-flex-column-wrapper-legacy\"><div class=\"fusion-column-content-centered\"><div class=\"fusion-column-content\"><div class=\"fusion-blog-shortcode fusion-blog-shortcode-1 fusion-blog-archive fusion-blog-layout-grid-wrapper fusion-blog-no\"><style type=\"text\/css\">.fusion-blog-shortcode-1 .fusion-blog-layout-grid .fusion-post-grid{padding:20px;}.fusion-blog-shortcode-1 .fusion-posts-container{margin-left: -20px !important; margin-right:-20px !important;}<\/style><div class=\"fusion-posts-container fusion-posts-container-no fusion-blog-layout-grid fusion-blog-layout-grid-3 isotope fusion-blog-equal-heights\" data-pages=\"1\" data-grid-col-space=\"40\" style=\"margin: -20px -20px 0;min-height:500px;\"><article id=\"blog-1-post-25521\" class=\"fusion-post-grid post-25521 post type-post status-publish format-standard has-post-thumbnail hentry category-volny-cas\">\n<div class=\"fusion-post-wrapper\" style=\"background-color:rgba(255,255,255,1);border:none;\">\n\n\t\t\t<div class=\"fusion-flexslider flexslider fusion-flexslider-loading fusion-post-slideshow\" style=\"border-color:rgba(255,255,255,0);\">\n\t\t<ul class=\"slides\">\n\t\t\t\n\t\t\t\t\t\t\t\t\t\t\t\t\t\t<li><div  class=\"fusion-image-wrapper\" aria-haspopup=\"true\">\n\t\t\t\t\t\t\t<a href=\"https:\/\/lifelonghearing.com\/cs\/voskove-modely-kochlearni-implantaty-a-presna-medicina\/\" aria-label=\"Voskov\u00e9 modely, kochle\u00e1rn\u00ed implant\u00e1ty a p\u0159esn\u00e1 medic\u00edna\">\n\t\t\t\t\t\t\t<img decoding=\"async\" width=\"1200\" height=\"558\" src=\"https:\/\/lifelonghearing.com\/cs\/wp-content\/uploads\/sites\/8\/2025\/01\/Josephinum_D8A7368_CR03_retusche-1-e1708433534718-1200x558-1.jpg\" class=\"attachment-full size-full lazyload wp-post-image\" alt=\"\" srcset=\"data:image\/svg+xml,%3Csvg%20xmlns%3D%27http%3A%2F%2Fwww.w3.org%2F2000%2Fsvg%27%20width%3D%271200%27%20height%3D%27558%27%20viewBox%3D%270%200%201200%20558%27%3E%3Crect%20width%3D%271200%27%20height%3D%27558%27%20fill-opacity%3D%220%22%2F%3E%3C%2Fsvg%3E\" data-orig-src=\"https:\/\/lifelonghearing.com\/cs\/wp-content\/uploads\/sites\/8\/2025\/01\/Josephinum_D8A7368_CR03_retusche-1-e1708433534718-1200x558-1.jpg\" data-srcset=\"https:\/\/lifelonghearing.com\/cs\/wp-content\/uploads\/sites\/8\/2025\/01\/Josephinum_D8A7368_CR03_retusche-1-e1708433534718-1200x558-1-200x93.jpg 200w, https:\/\/lifelonghearing.com\/cs\/wp-content\/uploads\/sites\/8\/2025\/01\/Josephinum_D8A7368_CR03_retusche-1-e1708433534718-1200x558-1-400x186.jpg 400w, https:\/\/lifelonghearing.com\/cs\/wp-content\/uploads\/sites\/8\/2025\/01\/Josephinum_D8A7368_CR03_retusche-1-e1708433534718-1200x558-1-600x279.jpg 600w, https:\/\/lifelonghearing.com\/cs\/wp-content\/uploads\/sites\/8\/2025\/01\/Josephinum_D8A7368_CR03_retusche-1-e1708433534718-1200x558-1-800x372.jpg 800w, https:\/\/lifelonghearing.com\/cs\/wp-content\/uploads\/sites\/8\/2025\/01\/Josephinum_D8A7368_CR03_retusche-1-e1708433534718-1200x558-1.jpg 1200w\" data-sizes=\"auto\" \/>\t\t\t<\/a>\n\t\t\t\t\t\t\t<\/div>\n<\/li>\n\t\t\t\n\t\t\t\n\t\t\t\t\t\t\t\t\t\t\t\t\t\t\t\t\t\t\t\t\t\t\t\t\t\t\t\t\t\t\t\t\t\t\t\t\t\t\t\t\t\t\t\t\t\t\t\t\t\t\t\t\t\t\t\t\t\t\t\t\t\t\t\t\t\t\t\t<\/ul>\n\t<\/div>\n\t<div class=\"fusion-post-content-wrapper\" style=\"padding:15px 25px 15px 25px;\"><div class=\"fusion-post-content post-content\"><h2 class=\"blog-shortcode-post-title entry-title\"><a href=\"https:\/\/lifelonghearing.com\/cs\/voskove-modely-kochlearni-implantaty-a-presna-medicina\/\">Voskov\u00e9 modely, kochle\u00e1rn\u00ed implant\u00e1ty a p\u0159esn\u00e1 medic\u00edna<\/a><\/h2><div class=\"fusion-content-sep sep-none\"><\/div><div class=\"fusion-post-content-container\"><p>Speci\u00e1ln\u00ed v\u00fdstava u p\u0159\u00edle\u017eitosti 150 let v\u00edde\u0148sk\u00e9 ORL kliniky v Muzeu historie medic\u00edny<\/p><\/div><\/div><div class=\"fusion-meta-info\"><div class=\"fusion-alignleft\"><a class=\"fusion-read-more\" href=\"https:\/\/lifelonghearing.com\/cs\/voskove-modely-kochlearni-implantaty-a-presna-medicina\/\" aria-label=\"More on Voskov\u00e9 modely, kochle\u00e1rn\u00ed implant\u00e1ty a p\u0159esn\u00e1 medic\u00edna\">Read More<\/a><\/div><\/div><\/div><div class=\"fusion-clearfix\"><\/div><\/div>\n<\/article>\n<article id=\"blog-1-post-24068\" class=\"fusion-post-grid post-24068 post type-post status-publish format-standard has-post-thumbnail hentry category-volny-cas\">\n<div class=\"fusion-post-wrapper\" style=\"background-color:rgba(255,255,255,1);border:none;\">\n\n\t\t\t<div class=\"fusion-flexslider flexslider fusion-flexslider-loading fusion-post-slideshow\" style=\"border-color:rgba(255,255,255,0);\">\n\t\t<ul class=\"slides\">\n\t\t\t\n\t\t\t\t\t\t\t\t\t\t\t\t\t\t<li><div  class=\"fusion-image-wrapper\" aria-haspopup=\"true\">\n\t\t\t\t\t\t\t<a href=\"https:\/\/lifelonghearing.com\/cs\/kochlearni-implantat-a-sporty-na-dvou-kolech\/\" aria-label=\"Kochle\u00e1rn\u00ed implant\u00e1t a sporty na dvou kolech\">\n\t\t\t\t\t\t\t<img decoding=\"async\" width=\"1200\" height=\"558\" src=\"https:\/\/lifelonghearing.com\/cs\/wp-content\/uploads\/sites\/8\/2023\/07\/Helm-1200x558-1.png\" class=\"attachment-full size-full lazyload wp-post-image\" alt=\"\" srcset=\"data:image\/svg+xml,%3Csvg%20xmlns%3D%27http%3A%2F%2Fwww.w3.org%2F2000%2Fsvg%27%20width%3D%271200%27%20height%3D%27558%27%20viewBox%3D%270%200%201200%20558%27%3E%3Crect%20width%3D%271200%27%20height%3D%27558%27%20fill-opacity%3D%220%22%2F%3E%3C%2Fsvg%3E\" data-orig-src=\"https:\/\/lifelonghearing.com\/cs\/wp-content\/uploads\/sites\/8\/2023\/07\/Helm-1200x558-1.png\" data-srcset=\"https:\/\/lifelonghearing.com\/cs\/wp-content\/uploads\/sites\/8\/2023\/07\/Helm-1200x558-1-200x93.png 200w, https:\/\/lifelonghearing.com\/cs\/wp-content\/uploads\/sites\/8\/2023\/07\/Helm-1200x558-1-400x186.png 400w, https:\/\/lifelonghearing.com\/cs\/wp-content\/uploads\/sites\/8\/2023\/07\/Helm-1200x558-1-600x279.png 600w, https:\/\/lifelonghearing.com\/cs\/wp-content\/uploads\/sites\/8\/2023\/07\/Helm-1200x558-1-800x372.png 800w, https:\/\/lifelonghearing.com\/cs\/wp-content\/uploads\/sites\/8\/2023\/07\/Helm-1200x558-1.png 1200w\" data-sizes=\"auto\" \/>\t\t\t<\/a>\n\t\t\t\t\t\t\t<\/div>\n<\/li>\n\t\t\t\n\t\t\t\n\t\t\t\t\t\t\t\t\t\t\t\t\t\t\t\t\t\t\t\t\t\t\t\t\t\t\t\t\t\t\t\t\t\t\t\t\t\t\t\t\t\t\t\t\t\t\t\t\t\t\t\t\t\t\t\t\t\t\t\t\t\t\t\t\t\t\t\t<\/ul>\n\t<\/div>\n\t<div class=\"fusion-post-content-wrapper\" style=\"padding:15px 25px 15px 25px;\"><div class=\"fusion-post-content post-content\"><h2 class=\"blog-shortcode-post-title entry-title\"><a href=\"https:\/\/lifelonghearing.com\/cs\/kochlearni-implantat-a-sporty-na-dvou-kolech\/\">Kochle\u00e1rn\u00ed implant\u00e1t a sporty na dvou kolech<\/a><\/h2><div class=\"fusion-content-sep sep-none\"><\/div><div class=\"fusion-post-content-container\"><p>Jak\u00e1 cyklistick\u00e1 nebo motocyklov\u00e1 p\u0159ilba je vhodn\u00e1 pro u\u017eivatele sluchov\u00e9ho implant\u00e1tu? Pro u\u017eivatele<\/p><\/div><\/div><div class=\"fusion-meta-info\"><div class=\"fusion-alignleft\"><a class=\"fusion-read-more\" href=\"https:\/\/lifelonghearing.com\/cs\/kochlearni-implantat-a-sporty-na-dvou-kolech\/\" aria-label=\"More on Kochle\u00e1rn\u00ed implant\u00e1t a sporty na dvou kolech\">Read More<\/a><\/div><\/div><\/div><div class=\"fusion-clearfix\"><\/div><\/div>\n<\/article>\n<article id=\"blog-1-post-23855\" class=\"fusion-post-grid post-23855 post type-post status-publish format-standard has-post-thumbnail hentry category-volny-cas\">\n<div class=\"fusion-post-wrapper\" style=\"background-color:rgba(255,255,255,1);border:none;\">\n\n\t\t\t<div class=\"fusion-flexslider flexslider fusion-flexslider-loading fusion-post-slideshow\" style=\"border-color:rgba(255,255,255,0);\">\n\t\t<ul class=\"slides\">\n\t\t\t\n\t\t\t\t\t\t\t\t\t\t\t\t\t\t<li><div  class=\"fusion-image-wrapper\" aria-haspopup=\"true\">\n\t\t\t\t\t\t\t<a href=\"https:\/\/lifelonghearing.com\/cs\/umeni-slyset\/\" aria-label=\"Um\u011bn\u00ed sly\u0161et\">\n\t\t\t\t\t\t\t<img decoding=\"async\" width=\"1200\" height=\"559\" src=\"https:\/\/lifelonghearing.com\/cs\/wp-content\/uploads\/sites\/8\/2025\/01\/Munch_Schrei-1200x559-1.png\" class=\"attachment-full size-full lazyload wp-post-image\" alt=\"\" srcset=\"data:image\/svg+xml,%3Csvg%20xmlns%3D%27http%3A%2F%2Fwww.w3.org%2F2000%2Fsvg%27%20width%3D%271200%27%20height%3D%27559%27%20viewBox%3D%270%200%201200%20559%27%3E%3Crect%20width%3D%271200%27%20height%3D%27559%27%20fill-opacity%3D%220%22%2F%3E%3C%2Fsvg%3E\" data-orig-src=\"https:\/\/lifelonghearing.com\/cs\/wp-content\/uploads\/sites\/8\/2025\/01\/Munch_Schrei-1200x559-1.png\" data-srcset=\"https:\/\/lifelonghearing.com\/cs\/wp-content\/uploads\/sites\/8\/2025\/01\/Munch_Schrei-1200x559-1-200x93.png 200w, https:\/\/lifelonghearing.com\/cs\/wp-content\/uploads\/sites\/8\/2025\/01\/Munch_Schrei-1200x559-1-400x186.png 400w, https:\/\/lifelonghearing.com\/cs\/wp-content\/uploads\/sites\/8\/2025\/01\/Munch_Schrei-1200x559-1-600x280.png 600w, https:\/\/lifelonghearing.com\/cs\/wp-content\/uploads\/sites\/8\/2025\/01\/Munch_Schrei-1200x559-1-800x373.png 800w, https:\/\/lifelonghearing.com\/cs\/wp-content\/uploads\/sites\/8\/2025\/01\/Munch_Schrei-1200x559-1.png 1200w\" data-sizes=\"auto\" \/>\t\t\t<\/a>\n\t\t\t\t\t\t\t<\/div>\n<\/li>\n\t\t\t\n\t\t\t\n\t\t\t\t\t\t\t\t\t\t\t\t\t\t\t\t\t\t\t\t\t\t\t\t\t\t\t\t\t\t\t\t\t\t\t\t\t\t\t\t\t\t\t\t\t\t\t\t\t\t\t\t\t\t\t\t\t\t\t\t\t\t\t\t\t\t\t\t<\/ul>\n\t<\/div>\n\t<div class=\"fusion-post-content-wrapper\" style=\"padding:15px 25px 15px 25px;\"><div class=\"fusion-post-content post-content\"><h2 class=\"blog-shortcode-post-title entry-title\"><a href=\"https:\/\/lifelonghearing.com\/cs\/umeni-slyset\/\">Um\u011bn\u00ed sly\u0161et<\/a><\/h2><div class=\"fusion-content-sep sep-none\"><\/div><div class=\"fusion-post-content-container\"><p>O um\u011bn\u00ed sly\u0161et - v mal\u00ed\u0159stv\u00ed, medic\u00edn\u011b a technologii kochle\u00e1rn\u00edch implant\u00e1t\u016f Dne 3.<\/p><\/div><\/div><div class=\"fusion-meta-info\"><div class=\"fusion-alignleft\"><a class=\"fusion-read-more\" href=\"https:\/\/lifelonghearing.com\/cs\/umeni-slyset\/\" aria-label=\"More on Um\u011bn\u00ed sly\u0161et\">Read More<\/a><\/div><\/div><\/div><div class=\"fusion-clearfix\"><\/div><\/div>\n<\/article>\n<article id=\"blog-1-post-24041\" class=\"fusion-post-grid post-24041 post type-post status-publish format-standard has-post-thumbnail hentry category-volny-cas\">\n<div class=\"fusion-post-wrapper\" style=\"background-color:rgba(255,255,255,1);border:none;\">\n\n\t\t\t<div class=\"fusion-flexslider flexslider fusion-flexslider-loading fusion-post-slideshow\" style=\"border-color:rgba(255,255,255,0);\">\n\t\t<ul class=\"slides\">\n\t\t\t\n\t\t\t\t\t\t\t\t\t\t\t\t\t\t<li><div  class=\"fusion-image-wrapper\" aria-haspopup=\"true\">\n\t\t\t\t\t\t\t<a href=\"https:\/\/lifelonghearing.com\/cs\/lekarske-mesto-viden-nejen-pro-turisty\/\" aria-label=\"L\u00e9ka\u0159sk\u00e9 m\u011bsto V\u00edde\u0148 &#8211; nejen pro turisty\">\n\t\t\t\t\t\t\t<img decoding=\"async\" width=\"1200\" height=\"558\" src=\"https:\/\/lifelonghearing.com\/cs\/wp-content\/uploads\/sites\/8\/2023\/06\/Wien-1200x558-1.png\" class=\"attachment-full size-full lazyload wp-post-image\" alt=\"\" srcset=\"data:image\/svg+xml,%3Csvg%20xmlns%3D%27http%3A%2F%2Fwww.w3.org%2F2000%2Fsvg%27%20width%3D%271200%27%20height%3D%27558%27%20viewBox%3D%270%200%201200%20558%27%3E%3Crect%20width%3D%271200%27%20height%3D%27558%27%20fill-opacity%3D%220%22%2F%3E%3C%2Fsvg%3E\" data-orig-src=\"https:\/\/lifelonghearing.com\/cs\/wp-content\/uploads\/sites\/8\/2023\/06\/Wien-1200x558-1.png\" data-srcset=\"https:\/\/lifelonghearing.com\/cs\/wp-content\/uploads\/sites\/8\/2023\/06\/Wien-1200x558-1-200x93.png 200w, https:\/\/lifelonghearing.com\/cs\/wp-content\/uploads\/sites\/8\/2023\/06\/Wien-1200x558-1-400x186.png 400w, https:\/\/lifelonghearing.com\/cs\/wp-content\/uploads\/sites\/8\/2023\/06\/Wien-1200x558-1-600x279.png 600w, https:\/\/lifelonghearing.com\/cs\/wp-content\/uploads\/sites\/8\/2023\/06\/Wien-1200x558-1-800x372.png 800w, https:\/\/lifelonghearing.com\/cs\/wp-content\/uploads\/sites\/8\/2023\/06\/Wien-1200x558-1.png 1200w\" data-sizes=\"auto\" \/>\t\t\t<\/a>\n\t\t\t\t\t\t\t<\/div>\n<\/li>\n\t\t\t\n\t\t\t\n\t\t\t\t\t\t\t\t\t\t\t\t\t\t\t\t\t\t\t\t\t\t\t\t\t\t\t\t\t\t\t\t\t\t\t\t\t\t\t\t\t\t\t\t\t\t\t\t\t\t\t\t\t\t\t\t\t\t\t\t\t\t\t\t\t\t\t\t<\/ul>\n\t<\/div>\n\t<div class=\"fusion-post-content-wrapper\" style=\"padding:15px 25px 15px 25px;\"><div class=\"fusion-post-content post-content\"><h2 class=\"blog-shortcode-post-title entry-title\"><a href=\"https:\/\/lifelonghearing.com\/cs\/lekarske-mesto-viden-nejen-pro-turisty\/\">L\u00e9ka\u0159sk\u00e9 m\u011bsto V\u00edde\u0148 &#8211; nejen pro turisty<\/a><\/h2><div class=\"fusion-content-sep sep-none\"><\/div><div class=\"fusion-post-content-container\"><p>Od prvn\u00ed v\u00edde\u0148sk\u00e9 l\u00e9ka\u0159sk\u00e9 fakulty po kochle\u00e1rn\u00ed implantace Ve V\u00eddni vznikly dv\u011b v\u00fdznamn\u00e9<\/p><\/div><\/div><div class=\"fusion-meta-info\"><div class=\"fusion-alignleft\"><a class=\"fusion-read-more\" href=\"https:\/\/lifelonghearing.com\/cs\/lekarske-mesto-viden-nejen-pro-turisty\/\" aria-label=\"More on L\u00e9ka\u0159sk\u00e9 m\u011bsto V\u00edde\u0148 &#8211; nejen pro turisty\">Read More<\/a><\/div><\/div><\/div><div class=\"fusion-clearfix\"><\/div><\/div>\n<\/article>\n<div class=\"fusion-clearfix\"><\/div><\/div><\/div><\/div><\/div><div class=\"fusion-clearfix\"><\/div><\/div><\/div><\/div><\/div><\/p>\n","protected":false},"excerpt":{"rendered":"","protected":false},"author":4,"featured_media":0,"parent":30401,"menu_order":0,"comment_status":"closed","ping_status":"closed","template":"","meta":{"_acf_changed":false,"footnotes":""},"class_list":["post-30414","page","type-page","status-publish","hentry"],"yoast_head":"<!-- This site is optimized with the Yoast SEO plugin v24.3 - https:\/\/yoast.com\/wordpress\/plugins\/seo\/ -->\n<title>Voln\u00fd \u010das - Czech<\/title>\n<meta name=\"robots\" content=\"index, follow, max-snippet:-1, max-image-preview:large, max-video-preview:-1\" \/>\n<link rel=\"canonical\" href=\"https:\/\/lifelonghearing.com\/cs\/prehled\/volny-cas\/\" \/>\n<meta property=\"og:locale\" content=\"en_US\" \/>\n<meta property=\"og:type\" content=\"article\" \/>\n<meta property=\"og:title\" content=\"Voln\u00fd \u010das - Czech\" \/>\n<meta property=\"og:url\" content=\"https:\/\/lifelonghearing.com\/cs\/prehled\/volny-cas\/\" \/>\n<meta property=\"og:site_name\" content=\"Czech\" \/>\n<meta property=\"article:modified_time\" content=\"2025-04-02T10:54:23+00:00\" \/>\n<meta name=\"twitter:card\" content=\"summary_large_image\" \/>\n<meta name=\"twitter:label1\" content=\"Est. reading time\" \/>\n\t<meta name=\"twitter:data1\" content=\"6 minutes\" \/>\n<script type=\"application\/ld+json\" class=\"yoast-schema-graph\">{\"@context\":\"https:\/\/schema.org\",\"@graph\":[{\"@type\":\"WebPage\",\"@id\":\"https:\/\/lifelonghearing.com\/cs\/prehled\/volny-cas\/\",\"url\":\"https:\/\/lifelonghearing.com\/cs\/prehled\/volny-cas\/\",\"name\":\"Voln\u00fd \u010das - Czech\",\"isPartOf\":{\"@id\":\"https:\/\/lifelonghearing.com\/cs\/#website\"},\"datePublished\":\"2025-01-01T12:33:16+00:00\",\"dateModified\":\"2025-04-02T10:54:23+00:00\",\"breadcrumb\":{\"@id\":\"https:\/\/lifelonghearing.com\/cs\/prehled\/volny-cas\/#breadcrumb\"},\"inLanguage\":\"en-US\",\"potentialAction\":[{\"@type\":\"ReadAction\",\"target\":[\"https:\/\/lifelonghearing.com\/cs\/prehled\/volny-cas\/\"]}]},{\"@type\":\"BreadcrumbList\",\"@id\":\"https:\/\/lifelonghearing.com\/cs\/prehled\/volny-cas\/#breadcrumb\",\"itemListElement\":[{\"@type\":\"ListItem\",\"position\":1,\"name\":\"Home\",\"item\":\"https:\/\/lifelonghearing.com\/cs\/\"},{\"@type\":\"ListItem\",\"position\":2,\"name\":\"\u010casopis o sluchov\u00fdch implant\u00e1tech\",\"item\":\"https:\/\/lifelonghearing.com\/cs\/prehled\/\"},{\"@type\":\"ListItem\",\"position\":3,\"name\":\"Voln\u00fd \u010das\"}]},{\"@type\":\"WebSite\",\"@id\":\"https:\/\/lifelonghearing.com\/cs\/#website\",\"url\":\"https:\/\/lifelonghearing.com\/cs\/\",\"name\":\"Czech\",\"description\":\"\",\"potentialAction\":[{\"@type\":\"SearchAction\",\"target\":{\"@type\":\"EntryPoint\",\"urlTemplate\":\"https:\/\/lifelonghearing.com\/cs\/?s={search_term_string}\"},\"query-input\":{\"@type\":\"PropertyValueSpecification\",\"valueRequired\":true,\"valueName\":\"search_term_string\"}}],\"inLanguage\":\"en-US\"}]}<\/script>\n<!-- \/ Yoast SEO plugin. -->","yoast_head_json":{"title":"Voln\u00fd \u010das - Czech","robots":{"index":"index","follow":"follow","max-snippet":"max-snippet:-1","max-image-preview":"max-image-preview:large","max-video-preview":"max-video-preview:-1"},"canonical":"https:\/\/lifelonghearing.com\/cs\/prehled\/volny-cas\/","og_locale":"en_US","og_type":"article","og_title":"Voln\u00fd \u010das - Czech","og_url":"https:\/\/lifelonghearing.com\/cs\/prehled\/volny-cas\/","og_site_name":"Czech","article_modified_time":"2025-04-02T10:54:23+00:00","twitter_card":"summary_large_image","twitter_misc":{"Est. reading time":"6 minutes"},"schema":{"@context":"https:\/\/schema.org","@graph":[{"@type":"WebPage","@id":"https:\/\/lifelonghearing.com\/cs\/prehled\/volny-cas\/","url":"https:\/\/lifelonghearing.com\/cs\/prehled\/volny-cas\/","name":"Voln\u00fd \u010das - Czech","isPartOf":{"@id":"https:\/\/lifelonghearing.com\/cs\/#website"},"datePublished":"2025-01-01T12:33:16+00:00","dateModified":"2025-04-02T10:54:23+00:00","breadcrumb":{"@id":"https:\/\/lifelonghearing.com\/cs\/prehled\/volny-cas\/#breadcrumb"},"inLanguage":"en-US","potentialAction":[{"@type":"ReadAction","target":["https:\/\/lifelonghearing.com\/cs\/prehled\/volny-cas\/"]}]},{"@type":"BreadcrumbList","@id":"https:\/\/lifelonghearing.com\/cs\/prehled\/volny-cas\/#breadcrumb","itemListElement":[{"@type":"ListItem","position":1,"name":"Home","item":"https:\/\/lifelonghearing.com\/cs\/"},{"@type":"ListItem","position":2,"name":"\u010casopis o sluchov\u00fdch implant\u00e1tech","item":"https:\/\/lifelonghearing.com\/cs\/prehled\/"},{"@type":"ListItem","position":3,"name":"Voln\u00fd \u010das"}]},{"@type":"WebSite","@id":"https:\/\/lifelonghearing.com\/cs\/#website","url":"https:\/\/lifelonghearing.com\/cs\/","name":"Czech","description":"","potentialAction":[{"@type":"SearchAction","target":{"@type":"EntryPoint","urlTemplate":"https:\/\/lifelonghearing.com\/cs\/?s={search_term_string}"},"query-input":{"@type":"PropertyValueSpecification","valueRequired":true,"valueName":"search_term_string"}}],"inLanguage":"en-US"}]}},"acf":[],"_links":{"self":[{"href":"https:\/\/lifelonghearing.com\/cs\/wp-json\/wp\/v2\/pages\/30414","targetHints":{"allow":["GET"]}}],"collection":[{"href":"https:\/\/lifelonghearing.com\/cs\/wp-json\/wp\/v2\/pages"}],"about":[{"href":"https:\/\/lifelonghearing.com\/cs\/wp-json\/wp\/v2\/types\/page"}],"author":[{"embeddable":true,"href":"https:\/\/lifelonghearing.com\/cs\/wp-json\/wp\/v2\/users\/4"}],"replies":[{"embeddable":true,"href":"https:\/\/lifelonghearing.com\/cs\/wp-json\/wp\/v2\/comments?post=30414"}],"version-history":[{"count":7,"href":"https:\/\/lifelonghearing.com\/cs\/wp-json\/wp\/v2\/pages\/30414\/revisions"}],"predecessor-version":[{"id":32825,"href":"https:\/\/lifelonghearing.com\/cs\/wp-json\/wp\/v2\/pages\/30414\/revisions\/32825"}],"up":[{"embeddable":true,"href":"https:\/\/lifelonghearing.com\/cs\/wp-json\/wp\/v2\/pages\/30401"}],"wp:attachment":[{"href":"https:\/\/lifelonghearing.com\/cs\/wp-json\/wp\/v2\/media?parent=30414"}],"curies":[{"name":"wp","href":"https:\/\/api.w.org\/{rel}","templated":true}]}}