{"id":30459,"date":"2025-01-01T12:54:26","date_gmt":"2025-01-01T12:54:26","guid":{"rendered":"https:\/\/lifelonghearing.com\/bs\/?page_id=30459"},"modified":"2025-01-01T12:54:36","modified_gmt":"2025-01-01T12:54:36","slug":"zastita-podataka-2","status":"publish","type":"page","link":"https:\/\/lifelonghearing.com\/bs\/zastita-podataka-2\/","title":{"rendered":"Za\u0161tita podataka"},"content":{"rendered":"<div class=\"fusion-fullwidth fullwidth-box fusion-builder-row-1 fusion-flex-container nonhundred-percent-fullwidth non-hundred-percent-height-scrolling\" style=\"--awb-border-radius-top-left:0px;--awb-border-radius-top-right:0px;--awb-border-radius-bottom-right:0px;--awb-border-radius-bottom-left:0px;--awb-flex-wrap:wrap;\" ><div class=\"fusion-builder-row fusion-row fusion-flex-align-items-flex-start fusion-flex-content-wrap\" style=\"max-width:1248px;margin-left: calc(-4% \/ 2 );margin-right: calc(-4% \/ 2 );\"><div class=\"fusion-layout-column fusion_builder_column fusion-builder-column-0 fusion_builder_column_1_1 1_1 fusion-flex-column\" style=\"--awb-bg-size:cover;--awb-width-large:100%;--awb-margin-top-large:0px;--awb-spacing-right-large:1.92%;--awb-margin-bottom-large:0px;--awb-spacing-left-large:1.92%;--awb-width-medium:100%;--awb-spacing-right-medium:1.92%;--awb-spacing-left-medium:1.92%;--awb-width-small:100%;--awb-spacing-right-small:1.92%;--awb-spacing-left-small:1.92%;\"><div class=\"fusion-column-wrapper fusion-flex-justify-content-flex-start fusion-content-layout-column\"><div class=\"fusion-text fusion-text-1\" style=\"--awb-text-transform:none;\"><h1>Za\u0161tita podataka<\/h1>\n<p><strong>Informacije o obradi podataka prema \u010dlanu 13 i 14 Op\u0161te uredbe o za\u0161titi podataka (GDPR)<\/strong><\/p>\n<p>Mi brinemo o za\u0161titi Va\u0161ih li\u010dnih podataka i Va\u0161e privatnosti. Iz tog razloga c\u0301emo Vam u nastavku objasniti na\u0161 na\u010din obrade Va\u0161ih li\u010dnih podataka, posebno o tome s kojim ciljem obra\u0111ujemo Va\u0161e li\u010dne podatke i o Va\u0161im pravima i zahtevima za za\u0161titu podataka. Kada naknadno budemo govorili o podacima, to se odnosi na Va\u0161e li\u010dne podatke. To su sve informacije koje Vas identifikuju kao osobu, direktno ili indirektno.<\/p>\n<p>Molimo Vas da pa\u017eljivo pro\u010ditate sledec\u0301e informacije.<\/p>\n<p><strong>Ko je odgovoran za obradu podataka? <\/strong><\/p>\n<p>Udru\u017eenje \u201eCochlea Implantat Austria\u201c<\/p>\n<p>ZVR: 273.242.488<\/p>\n<p>Adresa: F\u00fcrstengasse 1, 1090 Wien<\/p>\n<p><em>Kontakt direktor udru\u017eenja:<\/em><\/p>\n<p>Karl-Heinz Fuchs<\/p>\n<p>0664-607052353<\/p>\n<p>E-Mail: <a href=\"cia@ci-a.at\">cia@ci-a.at<\/a><\/p>\n<p><em>Kontakt predsednik i osniva\u010d udru\u017eenja:<\/em><\/p>\n<p>Johann Horak<\/p>\n<p>0664-607052354<\/p>\n<p>E-Mail: <a href=\"cia.office@ci-a.at\">cia.office@ci-a.at<\/a><\/p>\n<p>Nije imenovano slu\u0161beno lice za za\u0161titu podataka, jer to nije propisano zakonom.<\/p>\n<p><strong>Op\u0161te informacije<\/strong><\/p>\n<p>Za\u0161tita i bezbednost Va\u0161ih li\u010dnih podataka su nam jako va\u017eni. Stoga ova veb stranica \u010duva i obra\u0111uje podatke isklju\u010divo u skladu sa austrijskom i evropskom uredbom o za\u0161titi podataka (GDPR). Vi kao korisnik saglasni ste sa obradom podataka u skkladu sa ovom izjavom o za\u0161titi podataka. Trenutna verzija GDPR-a mo\u017ee se nac\u0301i ovde (na engleskom) <a href=\"https:\/\/eur-lex.europa.eu\/legal-content\/EN\/TXT\/HTML\/?uri=OJ:L:2016:119:FULL&amp;from=EN\">https:\/\/eur-lex.europa.eu\/legal-content\/EN\/TXT\/HTML\/?uri=OJ:L:2016:119:FULL&amp;from=EN<\/a><\/p>\n<p>Ova izjava o za\u0161titi podataka odnosi se samo na ovu veb stranicu. Ako ste prosle\u0111eni na druge sajtove putem veza (linkova) na na\u0161im stranicama, prona\u0111ite informacije direktno na prosle\u0111enoj veb lokaciji o njihovom na\u010dinu postupanja sa Va\u0161im podacima. Va\u0161e li\u010dne podatke (npr. ime, adresa e-po\u0161te, broj telefona) obra\u0111ujemo samo u skladu sa austrijskim zakonom o za\u0161titi podataka i \u010dlanom 6 (1) lit. a) Uredbe o za\u0161titi podataka EU (GDPR). Sledec\u0301i delovi izjave obave\u0161tavaju Vas o vrsti, obimu i svrsi prikupljanja, obrade i kori\u0161c\u0301enja li\u010dnih podataka.<\/p>\n<p>Kori\u0161c\u0301enje ove veb stranice generalno je moguc\u0301e bez davanja li\u010dnih podataka. Ukoliko se li\u010dni podaci (na primer ime ili e-mail adresa) prikupljaju na na\u0161im stranicama, to se uvek radi, dok god je to mogu\u0107e, na dobrovoljnoj bazi. \u0160to se ti\u010de prenosa podataka trec\u0301im licima, isti\u010demo da se takav prenos vr\u0161i samo prema va\u017eec\u0301em pravnom osnovu i u unapred odre\u0111ene svrhe, a to je davanje odgovora na Va\u0161e pitanje i pomoc\u0301 u pronala\u017eenju re\u0161enja za Va\u0161 problem.<\/p>\n<p>Isti\u010demo da prenos podataka preko Interneta (npr. pri komunikaciji putem e-po\u0161te ili preko ne\u0161ifrovanih veb lokacija) mo\u017ee imati bezbednosne propuste. Stoga potpuna za\u0161tita podataka od pristupa trec\u0301ih lica nije moguc\u0301a.<\/p>\n<p><strong>Prava subjekta za\u0161tite podataka<\/strong><\/p>\n<p>Prema Op\u0161toj uredbi EU o za\u0161titi podataka, imate \u0161iroka prava kao subjekt za\u0161tite podataka. Ova prava prvenstveno imaju za cilj da obezbede vec\u0301u transparentnost u vezi sa Va\u0161im podacima. Va\u0161a prava kao subjekta za\u0161tite podataka su pravo na informacije o Va\u0161im li\u010dnim podacima, na ispravku, brisanje, ograni\u010denje obrade, prigovor na obradu (direktan marketing) kao i na prenosivost podataka (samo u slu\u010daju ugovornog odnosa ili saglasnosti) i opoziv saglasnosti u bilo kom trenutku.<\/p>\n<p>Kao subjekat GDPR-a, imate sledec\u0301a prava:<\/p>\n<ul>\n<li><strong>Pravo pristupa<\/strong> <em>\u2013 \u010dl. 15 GDPR:<\/em><br \/>\nPravo na dobijanje potvrde o tome da li se Va\u0161i li\u010dni podaci obra\u0111uju ili ne, i, kada je to slu\u010daj, pristup li\u010dnim podacima;<\/li>\n<li><strong>Pravo na ispravku<\/strong><em>\u2013 \u010dl. 16 GDPR:<\/em><br \/>\nPravo da bez nepotrebnog odlaganja dobijete ispravku neta\u010dnih li\u010dnih podataka;<\/li>\n<li><strong>Pravo na brisanje (\u201epravo da budete zaboravljeni\u201c)<\/strong><em>\u2013 \u010dl. 17 GDPR:<\/em><br \/>\nPravo da se Va\u0161i li\u010dni podaci bez nepotrebnog odlaganja obri\u0161u;<\/li>\n<li><strong>Pravo na ograni\u010denje obrade<\/strong> <em>\u2013 \u010dl. 18 GDPR:<\/em><br \/>\nPravo na ograni\u010denje obrade Va\u0161ih li\u010dnih podataka;<\/li>\n<li><strong>Pravo na prenosivost podataka<\/strong> <em>\u2013 \u010dl. 20 GDPR<\/em>:<br \/>\nPravo na dobijanje Va\u0161ih li\u010dnih podataka koje ste nam dostavili, u strukturiranom, uobi\u010dajeno kori\u0161c\u0301enom i ma\u0161inski \u010ditkom formatu i pravo da nesmetano prenesete te podatke drugom kontroloru;<\/li>\n<li><strong>Pravo na prigovor<\/strong> <em>\u2013 \u010dl. 21 GDPR:<\/em><br \/>\nPravo na prigovor u bilo kom trenutku iz razloga koji se odnose na Va\u0161u konkretnu situaciju I na obradu Va\u0161ih li\u010dnih podataka, na osnovu \u010dl. 6 (1) lit. e) ili f) GDPR.<\/li>\n<\/ul>\n<p>Iako c\u0301emo nastojati da odgovorimo na sva pitanja ili nedoumice koje imate, ako smatrate da obrada Va\u0161ih podataka kr\u0161i Uredbu o za\u0161titi podataka ili ako su va\u0161e tvrdnje o za\u0161titi podataka na neki drugi na\u010din prekr\u0161ene, mo\u017eete se \u017ealiti nadzornom organu. U Austriji je odgovoran sledec\u0301i organ za za\u0161titu podataka:<\/p>\n<p><strong>Austrian Data Protection Authority: <\/strong><\/p>\n<p>Wickenburggasse 8<br \/>\n1080 Wien<br \/>\nTelefon: +43 1 521 52-25 69<br \/>\nE\u2011Mail: dsb@dsb.gv.at<\/p>\n<p><strong>Brisanje podataka<\/strong><\/p>\n<p>Va\u0161i podaci koje ste nam dostavili (npr. ime, e-po\u0161ta, broj telefona) koristi\u0107e se da bismo Vam pru\u017eili odgovor na Va\u0161 upit i nec\u0301e se koristiti u druge svrhe. Podaci c\u0301e se \u010duvati 90 dana i nakon toga c\u0301e automatski biti obrisani. Imate pravo da u svakom trenutku zahtevate brisanje svojih podataka u skladu sa \u010dl. 17 GDPR (\u201ePravo na brisanje\u201c).<\/p>\n<p><strong>Veze (Linkovi)<\/strong><\/p>\n<p>Veoma pa\u017eljivo proveravamo veze (linkove) koje napu\u0161taju na\u0161u veb stranicu. Bez obzira na to, ne preuzimamo nikakvu odgovornost za sadr\u017eaj stranica na koje vodi link sa ove ili bilo koje druge veb stranice.<\/p>\n<p>Na\u0161a veb stranica mo\u017ee da sadr\u017ei linkove ka drugim veb lokacijama koje Vas interesuju. Me\u0111utim, kada koristite ove linkove da napustite na\u0161u veb lokaciju, treba da imate na umu da nemamo nikakvu kontrolu nad tom drugom veb lokacijom. Stoga, ne mo\u017eemo biti odgovorni za za\u0161titu i privatnost bilo koje informacije koju date dok posec\u0301ujete druge sajtove, jer druge stranice nisu regulisane ovim Pravilom privatnosti. Trebalo bi da budete oprezni i pro\u010ditate izjavu o privatnosti koja se primenjuje na doti\u010dnoj veb lokaciji.<\/p>\n<p><strong>Kontakt formular<\/strong><\/p>\n<p>Ako nam po\u0161aljete pitanje preko kontakt formulara, Va\u0161e podatke koje ostavite, uklju\u010dujuc\u0301i kontakt podatke koje tamo navedete, koristic\u0301emo za slanje odgovora na Va\u0161 upit. Ove podatke mo\u017eemo u nekim slu\u010dajevima prosle\u0111ivati trec\u0301im licima samo sa ciljem da Vam damo odgovor na Va\u0161 upit i u skladu sa \u010dl.6 (1) lit. a) GDPR Uredbe EU.<\/p>\n<p><strong>Li\u010dni podaci<\/strong><\/p>\n<p>Va\u0161i li\u010dni podaci nec\u0301e biti prosle\u0111eni trec\u0301im licima bez Va\u0161eg izri\u010ditog pristanka ili bez pravnog osnova.<\/p>\n<p>Va\u0161i li\u010dni podaci c\u0301e se koristiti isklju\u010divo za slanje odgovora na Va\u0161 upit.<\/p>\n<p><strong>Informacije o kola\u010dic\u0301ima (engl. Cookies)<\/strong><\/p>\n<p>Postoje tri kategorije kola\u010dic\u0301a:<\/p>\n<ul>\n<li>apsolutno neophodni kola\u010dic\u0301i za obezbe\u0111ivanje osnovnih funkcija veb stranice.<\/li>\n<li>funkcionalni kola\u010dicie kako bi se obezbedio rad veb stranice<\/li>\n<li>ciljano orijentisani kola\u010dic\u0301i za pobolj\u0161anje korisni\u010dkog iskustva.<\/li>\n<\/ul>\n<p>Neke od veb stranica koriste takozvane kola\u010dic\u0301e. Kola\u010dic\u0301i ne \u0161tete va\u0161em ra\u010dunaru i ne sadr\u017ee viruse. Kola\u010dic\u0301i slu\u017ee da na\u0161u veb stranicu u\u010dine lak\u0161om za kori\u0161c\u0301enje, efikasnijom i sigurnijom. Kola\u010dic\u0301i su male tekstualne datoteke koje se \u010duvaju na Va\u0161em ra\u010dunaru i u Va\u0161em pretra\u017eiva\u010du.<\/p>\n<p>Vec\u0301ina kola\u010dic\u0301a koje koristimo su takozvani \u201ekola\u010dic\u0301i sesije\u201c. Oni se automatski bri\u0161u nakon zavr\u0161etka Va\u0161e posete. Ostali kola\u010dic\u0301i ostaju sa\u010duvani na va\u0161em terminalnom ure\u0111aju dok ih ne izbri\u0161ete. Ovi kola\u010dic\u0301i nam omoguc\u0301avaju da prepoznamo Va\u0161 pretra\u017eiva\u010d prilikom va\u0161e sledec\u0301e posete.<\/p>\n<p>Mo\u017eete podesiti svoj pretra\u017eiva\u010d tako da budete informisani o pode\u0161avanju kola\u010dic\u0301a i dozvoliti kola\u010dic\u0301e samo u pojedina\u010dnim slu\u010dajevima, isklju\u010diti prihvatanje kola\u010dic\u0301a za odre\u0111ene slu\u010dajeve ili uop\u0161teno i aktivirati automatsko brisanje kola\u010dic\u0301a pri zatvaranju pretra\u017eiva\u010da. Ako su kola\u010dic\u0301i deaktivirani, funkcionalnost ove veb stranice mo\u017ee biti ograni\u010dena.<\/p>\n<p>Ograni\u010denja funkcionalnosti bez kola\u010dic\u0301a<\/p>\n<p>Ako nam generalno ne dozvoljavate da koristimo kola\u010dic\u0301e, odre\u0111ene funkcije i stranice mo\u017eda nec\u0301e funkcionisati kako be trebalo.<\/p>\n<p><strong>Veb analiza sa Google analitikom<\/strong><\/p>\n<p>Ova veb lokacija koristi funkcije usluge veb analize Google Analitics. Dobavlja\u010d je Google Inc, 1600 Amphitheatre Parkvai Mountain Viev, CA 94043, SAD. . Google analitika koristi ciljane kola\u010dic\u0301e.<\/p>\n<p>Vi\u0161e informacija o tome kako Google Analytics rukuje korisni\u010dkim podacima mo\u017eete pronac\u0301i u Google-ovoj politici privatnosti: https:\/\/support.google.com\/analitics\/ansver\/6004245?hl=de.<\/p>\n<p>Mo\u017eete spre\u010diti prikupljanje podataka koje skupljaju kola\u010dic\u0301i i koji se odnose na va\u0161u upotrebu veb-sajta za Google, kao i obradu ovih podataka od strane Google-a, preuzimanjem i instaliranjem dodatka za pregleda\u010d koji je dostupan na sledec\u0301em linku: https:\/\/ tools.google.com\/dlpage\/gaoptout?hl=de.<\/p>\n<p>Alternativno, mo\u017eete spre\u010diti prikupljanje va\u0161ih podataka od strane Google analitike tako \u0161to c\u0301ete kliknuti na sledec\u0301u vezu (detaljna uputstva mo\u017eete pronac\u0301i na https:\/\/developers.google.com\/analitics\/devguides\/collection\/gajs\/#disable). Kola\u010dic\u0301 za isklju\u010divanje koji c\u0301e spre\u010diti prikupljanje va\u0161ih podataka tokom buduc\u0301ih poseta ovoj veb lokaciji \u0107e biti instaliran:<\/p>\n<p>Ova veb lokacija koristi Google analitiku sa ekstenzijom \u201eanonimizeIP()\u201c tako da se IP adrese obra\u0111uju samo u skrac\u0301enom obliku kako bi se isklju\u010dila direktna li\u010dna referenca.<\/p>\n<p><strong>Datoteke evidencije servera<\/strong><\/p>\n<p>Provajder stranica automatski prikuplja i skladi\u0161ti informacije u takozvanim serverskim log datotekama, koje nam va\u0161 pretra\u017eiva\u010d automatski prenosi. To su slede\u0107e informacije:<\/p>\n<ul>\n<li>tip pretra\u017eiva\u010da i verzija pretra\u017eiva\u010da<\/li>\n<li>Kori\u0161c\u0301en operativni sistem<\/li>\n<li>URL<\/li>\n<li>Ime doma\u0107ina (host) ra\u010dunara koji pristupa<\/li>\n<li>Vreme zahteva servera<\/li>\n<li>IP adresa<\/li>\n<\/ul>\n<p>Ovi podaci se ne mogu dodeliti odre\u0111enim osobama. Kombinacija ovih podataka sa drugim izvorima podataka nije napravljena. Zadr\u017eavamo pravo da retrospektivno proverimo ove podatke ako saznamo za konkretne indikacije nezakonite upotrebe.<\/p>\n<p>Ova izjava o privatnosti je poslednji put a\u017eurirana u novembru 2021.<\/p>\n<h1><\/h1>\n<\/div><\/div><\/div><\/div><\/div>\n","protected":false},"excerpt":{"rendered":"","protected":false},"author":4,"featured_media":0,"parent":0,"menu_order":0,"comment_status":"closed","ping_status":"closed","template":"","meta":{"_acf_changed":false,"footnotes":""},"class_list":["post-30459","page","type-page","status-publish","hentry"],"yoast_head":"<!-- This site is optimized with the Yoast SEO plugin v24.3 - https:\/\/yoast.com\/wordpress\/plugins\/seo\/ -->\n<title>Za\u0161tita podataka - Bosnian<\/title>\n<meta name=\"robots\" content=\"index, follow, max-snippet:-1, max-image-preview:large, max-video-preview:-1\" \/>\n<link rel=\"canonical\" href=\"https:\/\/lifelonghearing.com\/bs\/zastita-podataka-2\/\" \/>\n<meta property=\"og:locale\" content=\"en_US\" \/>\n<meta property=\"og:type\" content=\"article\" \/>\n<meta property=\"og:title\" content=\"Za\u0161tita podataka - Bosnian\" \/>\n<meta property=\"og:url\" content=\"https:\/\/lifelonghearing.com\/bs\/zastita-podataka-2\/\" \/>\n<meta property=\"og:site_name\" content=\"Bosnian\" \/>\n<meta property=\"article:modified_time\" content=\"2025-01-01T12:54:36+00:00\" \/>\n<meta name=\"twitter:card\" content=\"summary_large_image\" \/>\n<meta name=\"twitter:label1\" content=\"Est. reading time\" \/>\n\t<meta name=\"twitter:data1\" content=\"7 minutes\" \/>\n<script type=\"application\/ld+json\" class=\"yoast-schema-graph\">{\"@context\":\"https:\/\/schema.org\",\"@graph\":[{\"@type\":\"WebPage\",\"@id\":\"https:\/\/lifelonghearing.com\/bs\/zastita-podataka-2\/\",\"url\":\"https:\/\/lifelonghearing.com\/bs\/zastita-podataka-2\/\",\"name\":\"Za\u0161tita podataka - Bosnian\",\"isPartOf\":{\"@id\":\"https:\/\/lifelonghearing.com\/bs\/#website\"},\"datePublished\":\"2025-01-01T12:54:26+00:00\",\"dateModified\":\"2025-01-01T12:54:36+00:00\",\"breadcrumb\":{\"@id\":\"https:\/\/lifelonghearing.com\/bs\/zastita-podataka-2\/#breadcrumb\"},\"inLanguage\":\"en-US\",\"potentialAction\":[{\"@type\":\"ReadAction\",\"target\":[\"https:\/\/lifelonghearing.com\/bs\/zastita-podataka-2\/\"]}]},{\"@type\":\"BreadcrumbList\",\"@id\":\"https:\/\/lifelonghearing.com\/bs\/zastita-podataka-2\/#breadcrumb\",\"itemListElement\":[{\"@type\":\"ListItem\",\"position\":1,\"name\":\"Home\",\"item\":\"https:\/\/lifelonghearing.com\/bs\/\"},{\"@type\":\"ListItem\",\"position\":2,\"name\":\"Za\u0161tita podataka\"}]},{\"@type\":\"WebSite\",\"@id\":\"https:\/\/lifelonghearing.com\/bs\/#website\",\"url\":\"https:\/\/lifelonghearing.com\/bs\/\",\"name\":\"Bosnian\",\"description\":\"\",\"potentialAction\":[{\"@type\":\"SearchAction\",\"target\":{\"@type\":\"EntryPoint\",\"urlTemplate\":\"https:\/\/lifelonghearing.com\/bs\/?s={search_term_string}\"},\"query-input\":{\"@type\":\"PropertyValueSpecification\",\"valueRequired\":true,\"valueName\":\"search_term_string\"}}],\"inLanguage\":\"en-US\"}]}<\/script>\n<!-- \/ Yoast SEO plugin. -->","yoast_head_json":{"title":"Za\u0161tita podataka - Bosnian","robots":{"index":"index","follow":"follow","max-snippet":"max-snippet:-1","max-image-preview":"max-image-preview:large","max-video-preview":"max-video-preview:-1"},"canonical":"https:\/\/lifelonghearing.com\/bs\/zastita-podataka-2\/","og_locale":"en_US","og_type":"article","og_title":"Za\u0161tita podataka - Bosnian","og_url":"https:\/\/lifelonghearing.com\/bs\/zastita-podataka-2\/","og_site_name":"Bosnian","article_modified_time":"2025-01-01T12:54:36+00:00","twitter_card":"summary_large_image","twitter_misc":{"Est. reading time":"7 minutes"},"schema":{"@context":"https:\/\/schema.org","@graph":[{"@type":"WebPage","@id":"https:\/\/lifelonghearing.com\/bs\/zastita-podataka-2\/","url":"https:\/\/lifelonghearing.com\/bs\/zastita-podataka-2\/","name":"Za\u0161tita podataka - Bosnian","isPartOf":{"@id":"https:\/\/lifelonghearing.com\/bs\/#website"},"datePublished":"2025-01-01T12:54:26+00:00","dateModified":"2025-01-01T12:54:36+00:00","breadcrumb":{"@id":"https:\/\/lifelonghearing.com\/bs\/zastita-podataka-2\/#breadcrumb"},"inLanguage":"en-US","potentialAction":[{"@type":"ReadAction","target":["https:\/\/lifelonghearing.com\/bs\/zastita-podataka-2\/"]}]},{"@type":"BreadcrumbList","@id":"https:\/\/lifelonghearing.com\/bs\/zastita-podataka-2\/#breadcrumb","itemListElement":[{"@type":"ListItem","position":1,"name":"Home","item":"https:\/\/lifelonghearing.com\/bs\/"},{"@type":"ListItem","position":2,"name":"Za\u0161tita podataka"}]},{"@type":"WebSite","@id":"https:\/\/lifelonghearing.com\/bs\/#website","url":"https:\/\/lifelonghearing.com\/bs\/","name":"Bosnian","description":"","potentialAction":[{"@type":"SearchAction","target":{"@type":"EntryPoint","urlTemplate":"https:\/\/lifelonghearing.com\/bs\/?s={search_term_string}"},"query-input":{"@type":"PropertyValueSpecification","valueRequired":true,"valueName":"search_term_string"}}],"inLanguage":"en-US"}]}},"acf":[],"_links":{"self":[{"href":"https:\/\/lifelonghearing.com\/bs\/wp-json\/wp\/v2\/pages\/30459","targetHints":{"allow":["GET"]}}],"collection":[{"href":"https:\/\/lifelonghearing.com\/bs\/wp-json\/wp\/v2\/pages"}],"about":[{"href":"https:\/\/lifelonghearing.com\/bs\/wp-json\/wp\/v2\/types\/page"}],"author":[{"embeddable":true,"href":"https:\/\/lifelonghearing.com\/bs\/wp-json\/wp\/v2\/users\/4"}],"replies":[{"embeddable":true,"href":"https:\/\/lifelonghearing.com\/bs\/wp-json\/wp\/v2\/comments?post=30459"}],"version-history":[{"count":2,"href":"https:\/\/lifelonghearing.com\/bs\/wp-json\/wp\/v2\/pages\/30459\/revisions"}],"predecessor-version":[{"id":32257,"href":"https:\/\/lifelonghearing.com\/bs\/wp-json\/wp\/v2\/pages\/30459\/revisions\/32257"}],"wp:attachment":[{"href":"https:\/\/lifelonghearing.com\/bs\/wp-json\/wp\/v2\/media?parent=30459"}],"curies":[{"name":"wp","href":"https:\/\/api.w.org\/{rel}","templated":true}]}}