{"id":30404,"date":"2025-01-01T12:30:51","date_gmt":"2025-01-01T12:30:51","guid":{"rendered":"https:\/\/lifelonghearing.com\/bs\/?page_id=30404"},"modified":"2025-03-19T14:13:39","modified_gmt":"2025-03-19T14:13:39","slug":"zdravlje","status":"publish","type":"page","link":"https:\/\/lifelonghearing.com\/bs\/magazin-o-slusnim-implantatima\/zdravlje\/","title":{"rendered":"Zdravlje"},"content":{"rendered":"<p><div class=\"fusion-fullwidth fullwidth-box fusion-builder-row-1 fusion-flex-container nonhundred-percent-fullwidth non-hundred-percent-height-scrolling\" style=\"--awb-border-radius-top-left:0px;--awb-border-radius-top-right:0px;--awb-border-radius-bottom-right:0px;--awb-border-radius-bottom-left:0px;--awb-padding-top:40px;--awb-padding-right:40px;--awb-padding-bottom:40px;--awb-padding-left:40px;--awb-margin-top:4%;--awb-margin-bottom:4%;--awb-background-color:#fa7921;--awb-flex-wrap:wrap;\" ><div class=\"fusion-builder-row fusion-row fusion-flex-align-items-center fusion-flex-content-wrap\" style=\"max-width:1248px;margin-left: calc(-4% \/ 2 );margin-right: calc(-4% \/ 2 );\"><div class=\"fusion-layout-column fusion_builder_column fusion-builder-column-0 fusion_builder_column_1_3 1_3 fusion-flex-column\" style=\"--awb-bg-size:cover;--awb-width-large:33.333333333333%;--awb-margin-top-large:0px;--awb-spacing-right-large:5.76%;--awb-margin-bottom-large:0px;--awb-spacing-left-large:5.76%;--awb-width-medium:100%;--awb-spacing-right-medium:1.92%;--awb-spacing-left-medium:1.92%;--awb-width-small:100%;--awb-spacing-right-small:1.92%;--awb-spacing-left-small:1.92%;\"><div class=\"fusion-column-wrapper fusion-column-has-shadow fusion-flex-justify-content-flex-start fusion-content-layout-column\"><div class=\"fusion-image-element fusion-no-small-visibility fusion-no-medium-visibility\" style=\"text-align:center;--awb-max-width:220px;--awb-caption-title-font-family:var(--h2_typography-font-family);--awb-caption-title-font-weight:var(--h2_typography-font-weight);--awb-caption-title-font-style:var(--h2_typography-font-style);--awb-caption-title-size:var(--h2_typography-font-size);--awb-caption-title-transform:var(--h2_typography-text-transform);--awb-caption-title-line-height:var(--h2_typography-line-height);--awb-caption-title-letter-spacing:var(--h2_typography-letter-spacing);\"><span class=\" fusion-imageframe imageframe-none imageframe-1 hover-type-none\"><img decoding=\"async\" width=\"350\" height=\"329\" title=\"health\" src=\"https:\/\/lifelonghearing.com\/bs\/wp-content\/uploads\/sites\/7\/2025\/01\/health.png\" data-orig-src=\"https:\/\/lifelonghearing.com\/bs\/wp-content\/uploads\/sites\/7\/2025\/01\/health.png\" alt class=\"lazyload img-responsive wp-image-30493\" srcset=\"data:image\/svg+xml,%3Csvg%20xmlns%3D%27http%3A%2F%2Fwww.w3.org%2F2000%2Fsvg%27%20width%3D%27350%27%20height%3D%27329%27%20viewBox%3D%270%200%20350%20329%27%3E%3Crect%20width%3D%27350%27%20height%3D%27329%27%20fill-opacity%3D%220%22%2F%3E%3C%2Fsvg%3E\" data-srcset=\"https:\/\/lifelonghearing.com\/bs\/wp-content\/uploads\/sites\/7\/2025\/01\/health-200x188.png 200w, https:\/\/lifelonghearing.com\/bs\/wp-content\/uploads\/sites\/7\/2025\/01\/health.png 350w\" data-sizes=\"auto\" data-orig-sizes=\"(max-width: 1024px) 100vw, (max-width: 640px) 100vw, 350px\" \/><\/span><\/div><div class=\"fusion-image-element fusion-no-large-visibility\" style=\"text-align:left;--awb-max-width:90px;--awb-caption-title-font-family:var(--h2_typography-font-family);--awb-caption-title-font-weight:var(--h2_typography-font-weight);--awb-caption-title-font-style:var(--h2_typography-font-style);--awb-caption-title-size:var(--h2_typography-font-size);--awb-caption-title-transform:var(--h2_typography-text-transform);--awb-caption-title-line-height:var(--h2_typography-line-height);--awb-caption-title-letter-spacing:var(--h2_typography-letter-spacing);\"><span class=\" fusion-imageframe imageframe-none imageframe-2 hover-type-none\"><img decoding=\"async\" width=\"350\" height=\"329\" title=\"health\" src=\"https:\/\/lifelonghearing.com\/bs\/wp-content\/uploads\/sites\/7\/2025\/01\/health.png\" data-orig-src=\"https:\/\/lifelonghearing.com\/bs\/wp-content\/uploads\/sites\/7\/2025\/01\/health.png\" alt class=\"lazyload img-responsive wp-image-30493\" srcset=\"data:image\/svg+xml,%3Csvg%20xmlns%3D%27http%3A%2F%2Fwww.w3.org%2F2000%2Fsvg%27%20width%3D%27350%27%20height%3D%27329%27%20viewBox%3D%270%200%20350%20329%27%3E%3Crect%20width%3D%27350%27%20height%3D%27329%27%20fill-opacity%3D%220%22%2F%3E%3C%2Fsvg%3E\" data-srcset=\"https:\/\/lifelonghearing.com\/bs\/wp-content\/uploads\/sites\/7\/2025\/01\/health-200x188.png 200w, https:\/\/lifelonghearing.com\/bs\/wp-content\/uploads\/sites\/7\/2025\/01\/health.png 350w\" data-sizes=\"auto\" data-orig-sizes=\"(max-width: 1024px) 100vw, (max-width: 640px) 100vw, 350px\" \/><\/span><\/div><\/div><\/div><div class=\"fusion-layout-column fusion_builder_column fusion-builder-column-1 fusion_builder_column_2_3 2_3 fusion-flex-column\" style=\"--awb-bg-size:cover;--awb-width-large:66.666666666667%;--awb-margin-top-large:10px;--awb-spacing-right-large:2.88%;--awb-margin-bottom-large:10px;--awb-spacing-left-large:2.88%;--awb-width-medium:100%;--awb-spacing-right-medium:1.92%;--awb-spacing-left-medium:1.92%;--awb-width-small:100%;--awb-spacing-right-small:1.92%;--awb-spacing-left-small:1.92%;\"><div class=\"fusion-column-wrapper fusion-column-has-shadow fusion-flex-justify-content-flex-start fusion-content-layout-column\"><div class=\"fusion-title title fusion-title-1 fusion-sep-none fusion-title-text fusion-title-size-one\" style=\"--awb-text-color:#ffffff;\"><h1 class=\"fusion-title-heading title-heading-left fusion-responsive-typography-calculated\" style=\"margin:0;--fontSize:45;line-height:1.4;\">Zdravlje i rehabilitacija sluha<\/h1><\/div><div class=\"fusion-text fusion-text-1\"><p><strong><span style=\"color: #ffffff\">Sve \u0161to \u017eelite da znate o slu\u0161nim implantatima i rehabilitaciji iz medicinske perspektive &#8211; ovdje mo\u017eete prona\u0107i mno\u0161tvo medicinskih i zdravstvenih \u010dlanaka!<\/span><\/strong><\/p>\n<\/div><div class=\"fusion-search-element fusion-search-element-1 fusion-search-form-clean\" style=\"--awb-margin-right:20%;--awb-border-radius:0px;--awb-border-size-top:0px;--awb-border-size-right:0px;--awb-border-size-bottom:4px;--awb-border-size-left:0px;--awb-text-color:#ffffff;--awb-border-color:#ffffff;--awb-focus-border-color:#e0dede;--awb-bg-color:rgba(255,255,255,0);\">\t\t<form role=\"search\" class=\"searchform fusion-search-form  fusion-live-search fusion-search-form-clean\" method=\"get\" action=\"https:\/\/lifelonghearing.com\/bs\/\">\n\t\t\t<div class=\"fusion-search-form-content\">\n\n\t\t\t\t\n\t\t\t\t<div class=\"fusion-search-field search-field\">\n\t\t\t\t\t<label><span class=\"screen-reader-text\">Search for:<\/span>\n\t\t\t\t\t\t\t\t\t\t\t\t\t<input type=\"search\" class=\"s fusion-live-search-input\" name=\"s\" id=\"fusion-live-search-input-0\" autocomplete=\"off\" placeholder=\"Looking for something special?\" required aria-required=\"true\" aria-label=\"Looking for something special?\"\/>\n\t\t\t\t\t\t\t\t\t\t\t<\/label>\n\t\t\t\t<\/div>\n\t\t\t\t<div class=\"fusion-search-button search-button\">\n\t\t\t\t\t<input type=\"submit\" class=\"fusion-search-submit searchsubmit\" aria-label=\"Search\" value=\"&#xf002;\" \/>\n\t\t\t\t\t\t\t\t\t\t<div class=\"fusion-slider-loading\"><\/div>\n\t\t\t\t\t\t\t\t\t<\/div>\n\n\t\t\t\t<input type=\"hidden\" name=\"post_type[]\" value=\"post\" \/><input type=\"hidden\" name=\"search_limit_to_post_titles\" value=\"0\" \/><input type=\"hidden\" name=\"add_woo_product_skus\" value=\"0\" \/><input type=\"hidden\" name=\"live_min_character\" value=\"3\" \/><input type=\"hidden\" name=\"live_posts_per_page\" value=\"100\" \/><input type=\"hidden\" name=\"live_search_display_featured_image\" value=\"1\" \/><input type=\"hidden\" name=\"live_search_display_post_type\" value=\"1\" \/><input type=\"hidden\" name=\"fs\" value=\"1\" \/>\n\t\t\t<\/div>\n\n\n\t\t\t\t\t\t\t<div class=\"fusion-search-results-wrapper\"><div class=\"fusion-search-results\"><\/div><\/div>\n\t\t\t\n\t\t<\/form>\n\t\t<\/div><\/div><\/div><\/div><\/div><div class=\"fusion-fullwidth fullwidth-box fusion-builder-row-2 nonhundred-percent-fullwidth non-hundred-percent-height-scrolling fusion-equal-height-columns\" style=\"--awb-background-position:left top;--awb-background-repeat:repeat;--awb-border-sizes-top:0px;--awb-border-sizes-bottom:0px;--awb-border-sizes-left:0px;--awb-border-sizes-right:0px;--awb-border-color:rgba(255,255,255,.05);--awb-border-radius-top-left:0px;--awb-border-radius-top-right:0px;--awb-border-radius-bottom-right:0px;--awb-border-radius-bottom-left:0px;--awb-padding-top:0px;--awb-padding-bottom:60px;--awb-flex-wrap:wrap;\" ><div class=\"fusion-builder-row fusion-row\"><div class=\"fusion-layout-column fusion_builder_column fusion-builder-column-2 fusion_builder_column_1_1 1_1 fusion-one-full fusion-column-first fusion-column-last\" style=\"--awb-bg-size:cover;\"><div class=\"fusion-column-wrapper fusion-column-has-shadow fusion-flex-column-wrapper-legacy\"><div class=\"fusion-column-content-centered\"><div class=\"fusion-column-content\"><div class=\"fusion-blog-shortcode fusion-blog-shortcode-1 fusion-blog-archive fusion-blog-layout-grid-wrapper fusion-blog-no\"><style type=\"text\/css\">.fusion-blog-shortcode-1 .fusion-blog-layout-grid .fusion-post-grid{padding:20px;}.fusion-blog-shortcode-1 .fusion-posts-container{margin-left: -20px !important; margin-right:-20px !important;}<\/style><div class=\"fusion-posts-container fusion-posts-container-no fusion-blog-layout-grid fusion-blog-layout-grid-3 isotope fusion-blog-equal-heights\" data-pages=\"1\" data-grid-col-space=\"40\" style=\"margin: -20px -20px 0;min-height:500px;\"><article id=\"blog-1-post-32276\" class=\"fusion-post-grid post-32276 post type-post status-publish format-standard has-post-thumbnail hentry category-health\">\n<div class=\"fusion-post-wrapper\" style=\"background-color:rgba(255,255,255,1);border:none;\">\n\n\t\t\t<div class=\"fusion-flexslider flexslider fusion-flexslider-loading fusion-post-slideshow\" style=\"border-color:rgba(255,255,255,0);\">\n\t\t<ul class=\"slides\">\n\t\t\t\n\t\t\t\t\t\t\t\t\t\t\t\t\t\t<li><div  class=\"fusion-image-wrapper\" aria-haspopup=\"true\">\n\t\t\t\t\t\t\t<a href=\"https:\/\/lifelonghearing.com\/bs\/kohlearna-implantacija-na-ukc-tuzla\/\" aria-label=\"Kohlearna implantacija na UKC Tuzla\">\n\t\t\t\t\t\t\t<img decoding=\"async\" width=\"600\" height=\"279\" src=\"https:\/\/lifelonghearing.com\/bs\/wp-content\/uploads\/sites\/7\/2025\/03\/op_featured.jpg\" class=\"attachment-full size-full lazyload wp-post-image\" alt=\"\" srcset=\"data:image\/svg+xml,%3Csvg%20xmlns%3D%27http%3A%2F%2Fwww.w3.org%2F2000%2Fsvg%27%20width%3D%27600%27%20height%3D%27279%27%20viewBox%3D%270%200%20600%20279%27%3E%3Crect%20width%3D%27600%27%20height%3D%27279%27%20fill-opacity%3D%220%22%2F%3E%3C%2Fsvg%3E\" data-orig-src=\"https:\/\/lifelonghearing.com\/bs\/wp-content\/uploads\/sites\/7\/2025\/03\/op_featured.jpg\" data-srcset=\"https:\/\/lifelonghearing.com\/bs\/wp-content\/uploads\/sites\/7\/2025\/03\/op_featured-200x93.jpg 200w, https:\/\/lifelonghearing.com\/bs\/wp-content\/uploads\/sites\/7\/2025\/03\/op_featured-400x186.jpg 400w, https:\/\/lifelonghearing.com\/bs\/wp-content\/uploads\/sites\/7\/2025\/03\/op_featured.jpg 600w\" data-sizes=\"auto\" \/>\t\t\t<\/a>\n\t\t\t\t\t\t\t<\/div>\n<\/li>\n\t\t\t\n\t\t\t\n\t\t\t\t\t\t\t\t\t\t\t\t\t\t\t\t\t\t\t\t\t\t\t\t\t\t\t\t\t\t\t\t\t\t\t\t\t\t\t\t\t\t\t\t\t\t\t\t\t\t\t\t\t\t\t\t\t\t\t\t\t\t\t\t\t\t\t\t<\/ul>\n\t<\/div>\n\t<div class=\"fusion-post-content-wrapper\" style=\"padding:15px 25px 15px 25px;\"><div class=\"fusion-post-content post-content\"><h2 class=\"blog-shortcode-post-title entry-title\"><a href=\"https:\/\/lifelonghearing.com\/bs\/kohlearna-implantacija-na-ukc-tuzla\/\">Kohlearna implantacija na UKC Tuzla<\/a><\/h2><div class=\"fusion-content-sep sep-none\"><\/div><div class=\"fusion-post-content-container\"><p>Austrijski ekspert za slu\u0161ne implantate sa Univerzitetske klinike MedUni\/AKH u Be\u010du obi\u0161ao je u stru\u010dnoj posjeti UKC Tuzla.\u00a0<\/p><\/div><\/div><div class=\"fusion-meta-info\"><div class=\"fusion-alignleft\"><a class=\"fusion-read-more\" href=\"https:\/\/lifelonghearing.com\/bs\/kohlearna-implantacija-na-ukc-tuzla\/\" aria-label=\"More on Kohlearna implantacija na UKC Tuzla\">Read More<\/a><\/div><\/div><\/div><div class=\"fusion-clearfix\"><\/div><\/div>\n<\/article>\n<article id=\"blog-1-post-17657\" class=\"fusion-post-grid post-17657 post type-post status-publish format-standard has-post-thumbnail hentry category-health tag-ci tag-korona-i-ci\">\n<div class=\"fusion-post-wrapper\" style=\"background-color:rgba(255,255,255,1);border:none;\">\n\n\t\t\t<div class=\"fusion-flexslider flexslider fusion-flexslider-loading fusion-post-slideshow\" style=\"border-color:rgba(255,255,255,0);\">\n\t\t<ul class=\"slides\">\n\t\t\t\n\t\t\t\t\t\t\t\t\t\t\t\t\t\t<li><div  class=\"fusion-image-wrapper\" aria-haspopup=\"true\">\n\t\t\t\t\t\t\t<a href=\"https:\/\/lifelonghearing.com\/bs\/moze-li-prehlada-uticati-na-sluh\/\" aria-label=\"Mo\u017ee li prehlada uticati na sluh?\">\n\t\t\t\t\t\t\t<img decoding=\"async\" width=\"1200\" height=\"559\" src=\"https:\/\/lifelonghearing.com\/bs\/wp-content\/uploads\/sites\/7\/2022\/03\/sick_featured-1200x559-1.jpg\" class=\"attachment-full size-full lazyload wp-post-image\" alt=\"\" srcset=\"data:image\/svg+xml,%3Csvg%20xmlns%3D%27http%3A%2F%2Fwww.w3.org%2F2000%2Fsvg%27%20width%3D%271200%27%20height%3D%27559%27%20viewBox%3D%270%200%201200%20559%27%3E%3Crect%20width%3D%271200%27%20height%3D%27559%27%20fill-opacity%3D%220%22%2F%3E%3C%2Fsvg%3E\" data-orig-src=\"https:\/\/lifelonghearing.com\/bs\/wp-content\/uploads\/sites\/7\/2022\/03\/sick_featured-1200x559-1.jpg\" data-srcset=\"https:\/\/lifelonghearing.com\/bs\/wp-content\/uploads\/sites\/7\/2022\/03\/sick_featured-1200x559-1-200x93.jpg 200w, https:\/\/lifelonghearing.com\/bs\/wp-content\/uploads\/sites\/7\/2022\/03\/sick_featured-1200x559-1-400x186.jpg 400w, https:\/\/lifelonghearing.com\/bs\/wp-content\/uploads\/sites\/7\/2022\/03\/sick_featured-1200x559-1-600x280.jpg 600w, https:\/\/lifelonghearing.com\/bs\/wp-content\/uploads\/sites\/7\/2022\/03\/sick_featured-1200x559-1-800x373.jpg 800w, https:\/\/lifelonghearing.com\/bs\/wp-content\/uploads\/sites\/7\/2022\/03\/sick_featured-1200x559-1.jpg 1200w\" data-sizes=\"auto\" \/>\t\t\t<\/a>\n\t\t\t\t\t\t\t<\/div>\n<\/li>\n\t\t\t\n\t\t\t\n\t\t\t\t\t\t\t\t\t\t\t\t\t\t\t\t\t\t\t\t\t\t\t\t\t\t\t\t\t\t\t\t\t\t\t\t\t\t\t\t\t\t\t\t\t\t\t\t\t\t\t\t\t\t\t\t\t\t\t\t\t\t\t\t\t\t\t\t<\/ul>\n\t<\/div>\n\t<div class=\"fusion-post-content-wrapper\" style=\"padding:15px 25px 15px 25px;\"><div class=\"fusion-post-content post-content\"><h2 class=\"blog-shortcode-post-title entry-title\"><a href=\"https:\/\/lifelonghearing.com\/bs\/moze-li-prehlada-uticati-na-sluh\/\">Mo\u017ee li prehlada uticati na sluh?<\/a><\/h2><div class=\"fusion-content-sep sep-none\"><\/div><div class=\"fusion-post-content-container\"><p> Uticaj prehlade na sluh, sa i bez kohlearnog implantata<\/p><\/div><\/div><div class=\"fusion-meta-info\"><div class=\"fusion-alignleft\"><a class=\"fusion-read-more\" href=\"https:\/\/lifelonghearing.com\/bs\/moze-li-prehlada-uticati-na-sluh\/\" aria-label=\"More on Mo\u017ee li prehlada uticati na sluh?\">Read More<\/a><\/div><\/div><\/div><div class=\"fusion-clearfix\"><\/div><\/div>\n<\/article>\n<article id=\"blog-1-post-4946\" class=\"fusion-post-grid post-4946 post type-post status-publish format-standard has-post-thumbnail hentry category-health tag-cohlearni-implantati-za-djecu tag-razvoj-sr tag-savjeti-za-trening tag-slusni-implantati\">\n<div class=\"fusion-post-wrapper\" style=\"background-color:rgba(255,255,255,1);border:none;\">\n\n\t\t\t<div class=\"fusion-flexslider flexslider fusion-flexslider-loading fusion-post-slideshow\" style=\"border-color:rgba(255,255,255,0);\">\n\t\t<ul class=\"slides\">\n\t\t\t\n\t\t\t\t\t\t\t\t\t\t\t\t\t\t<li><div  class=\"fusion-image-wrapper\" aria-haspopup=\"true\">\n\t\t\t\t\t\t\t<a href=\"https:\/\/lifelonghearing.com\/bs\/slusni-trening-za-djecu-sa-ostecenjem-sluha\/\" aria-label=\"Slu\u0161ni trening za djecu sa o\u0161te\u0107enjem sluha\">\n\t\t\t\t\t\t\t<img decoding=\"async\" width=\"1200\" height=\"559\" src=\"https:\/\/lifelonghearing.com\/bs\/wp-content\/uploads\/sites\/7\/2021\/07\/playfullistening-featured-1200x559-1.jpg\" class=\"attachment-full size-full lazyload wp-post-image\" alt=\"\" srcset=\"data:image\/svg+xml,%3Csvg%20xmlns%3D%27http%3A%2F%2Fwww.w3.org%2F2000%2Fsvg%27%20width%3D%271200%27%20height%3D%27559%27%20viewBox%3D%270%200%201200%20559%27%3E%3Crect%20width%3D%271200%27%20height%3D%27559%27%20fill-opacity%3D%220%22%2F%3E%3C%2Fsvg%3E\" data-orig-src=\"https:\/\/lifelonghearing.com\/bs\/wp-content\/uploads\/sites\/7\/2021\/07\/playfullistening-featured-1200x559-1.jpg\" data-srcset=\"https:\/\/lifelonghearing.com\/bs\/wp-content\/uploads\/sites\/7\/2021\/07\/playfullistening-featured-1200x559-1-200x93.jpg 200w, https:\/\/lifelonghearing.com\/bs\/wp-content\/uploads\/sites\/7\/2021\/07\/playfullistening-featured-1200x559-1-400x186.jpg 400w, https:\/\/lifelonghearing.com\/bs\/wp-content\/uploads\/sites\/7\/2021\/07\/playfullistening-featured-1200x559-1-600x280.jpg 600w, https:\/\/lifelonghearing.com\/bs\/wp-content\/uploads\/sites\/7\/2021\/07\/playfullistening-featured-1200x559-1-800x373.jpg 800w, https:\/\/lifelonghearing.com\/bs\/wp-content\/uploads\/sites\/7\/2021\/07\/playfullistening-featured-1200x559-1.jpg 1200w\" data-sizes=\"auto\" \/>\t\t\t<\/a>\n\t\t\t\t\t\t\t<\/div>\n<\/li>\n\t\t\t\n\t\t\t\n\t\t\t\t\t\t\t\t\t\t\t\t\t\t\t\t\t\t\t\t\t\t\t\t\t\t\t\t\t\t\t\t\t\t\t\t\t\t\t\t\t\t\t\t\t\t\t\t\t\t\t\t\t\t\t\t\t\t\t\t\t\t\t\t\t\t\t\t<\/ul>\n\t<\/div>\n\t<div class=\"fusion-post-content-wrapper\" style=\"padding:15px 25px 15px 25px;\"><div class=\"fusion-post-content post-content\"><h2 class=\"blog-shortcode-post-title entry-title\"><a href=\"https:\/\/lifelonghearing.com\/bs\/slusni-trening-za-djecu-sa-ostecenjem-sluha\/\">Slu\u0161ni trening za djecu sa o\u0161te\u0107enjem sluha<\/a><\/h2><div class=\"fusion-content-sep sep-none\"><\/div><div class=\"fusion-post-content-container\"><p>For the first hearing training, it is often enough to use everyday sounds and child\u00b4s body as a sound source, rather than instruments or toys.<\/p><\/div><\/div><div class=\"fusion-meta-info\"><div class=\"fusion-alignleft\"><a class=\"fusion-read-more\" href=\"https:\/\/lifelonghearing.com\/bs\/slusni-trening-za-djecu-sa-ostecenjem-sluha\/\" aria-label=\"More on Slu\u0161ni trening za djecu sa o\u0161te\u0107enjem sluha\">Read More<\/a><\/div><\/div><\/div><div class=\"fusion-clearfix\"><\/div><\/div>\n<\/article>\n<div class=\"fusion-clearfix\"><\/div><\/div><\/div><\/div><\/div><div class=\"fusion-clearfix\"><\/div><\/div><\/div><\/div><\/div><\/p>\n","protected":false},"excerpt":{"rendered":"","protected":false},"author":4,"featured_media":0,"parent":30401,"menu_order":0,"comment_status":"closed","ping_status":"closed","template":"","meta":{"_acf_changed":false,"footnotes":""},"class_list":["post-30404","page","type-page","status-publish","hentry"],"yoast_head":"<!-- This site is optimized with the Yoast SEO plugin v24.3 - https:\/\/yoast.com\/wordpress\/plugins\/seo\/ -->\n<title>Zdravlje - Bosnian<\/title>\n<meta name=\"description\" content=\"Sve \u0161to \u017eelite da znate o slu\u0161nim implantatima i rehabilitaciji iz medicinske perspektive - ovdje mo\u017eete prona\u0107i mno\u0161tvo medicinskih i zdravstvenih \u010dlanaka!\" \/>\n<meta name=\"robots\" content=\"index, follow, max-snippet:-1, max-image-preview:large, max-video-preview:-1\" \/>\n<link rel=\"canonical\" href=\"https:\/\/lifelonghearing.com\/bs\/magazin-o-slusnim-implantatima\/zdravlje\/\" \/>\n<meta property=\"og:locale\" content=\"en_US\" \/>\n<meta property=\"og:type\" content=\"article\" \/>\n<meta property=\"og:title\" content=\"Zdravlje - Bosnian\" \/>\n<meta property=\"og:description\" content=\"Sve \u0161to \u017eelite da znate o slu\u0161nim implantatima i rehabilitaciji iz medicinske perspektive - ovdje mo\u017eete prona\u0107i mno\u0161tvo medicinskih i zdravstvenih \u010dlanaka!\" \/>\n<meta property=\"og:url\" content=\"https:\/\/lifelonghearing.com\/bs\/magazin-o-slusnim-implantatima\/zdravlje\/\" \/>\n<meta property=\"og:site_name\" content=\"Bosnian\" \/>\n<meta property=\"article:modified_time\" content=\"2025-03-19T14:13:39+00:00\" \/>\n<meta name=\"twitter:card\" content=\"summary_large_image\" \/>\n<meta name=\"twitter:label1\" content=\"Est. reading time\" \/>\n\t<meta name=\"twitter:data1\" content=\"7 minutes\" \/>\n<script type=\"application\/ld+json\" class=\"yoast-schema-graph\">{\"@context\":\"https:\/\/schema.org\",\"@graph\":[{\"@type\":\"WebPage\",\"@id\":\"https:\/\/lifelonghearing.com\/bs\/magazin-o-slusnim-implantatima\/zdravlje\/\",\"url\":\"https:\/\/lifelonghearing.com\/bs\/magazin-o-slusnim-implantatima\/zdravlje\/\",\"name\":\"Zdravlje - Bosnian\",\"isPartOf\":{\"@id\":\"https:\/\/lifelonghearing.com\/bs\/#website\"},\"datePublished\":\"2025-01-01T12:30:51+00:00\",\"dateModified\":\"2025-03-19T14:13:39+00:00\",\"description\":\"Sve \u0161to \u017eelite da znate o slu\u0161nim implantatima i rehabilitaciji iz medicinske perspektive - ovdje mo\u017eete prona\u0107i mno\u0161tvo medicinskih i zdravstvenih \u010dlanaka!\",\"breadcrumb\":{\"@id\":\"https:\/\/lifelonghearing.com\/bs\/magazin-o-slusnim-implantatima\/zdravlje\/#breadcrumb\"},\"inLanguage\":\"en-US\",\"potentialAction\":[{\"@type\":\"ReadAction\",\"target\":[\"https:\/\/lifelonghearing.com\/bs\/magazin-o-slusnim-implantatima\/zdravlje\/\"]}]},{\"@type\":\"BreadcrumbList\",\"@id\":\"https:\/\/lifelonghearing.com\/bs\/magazin-o-slusnim-implantatima\/zdravlje\/#breadcrumb\",\"itemListElement\":[{\"@type\":\"ListItem\",\"position\":1,\"name\":\"Home\",\"item\":\"https:\/\/lifelonghearing.com\/bs\/\"},{\"@type\":\"ListItem\",\"position\":2,\"name\":\"Magazin o slu\u0161nim implantatima\",\"item\":\"https:\/\/lifelonghearing.com\/bs\/magazin-o-slusnim-implantatima\/\"},{\"@type\":\"ListItem\",\"position\":3,\"name\":\"Zdravlje\"}]},{\"@type\":\"WebSite\",\"@id\":\"https:\/\/lifelonghearing.com\/bs\/#website\",\"url\":\"https:\/\/lifelonghearing.com\/bs\/\",\"name\":\"Bosnian\",\"description\":\"\",\"potentialAction\":[{\"@type\":\"SearchAction\",\"target\":{\"@type\":\"EntryPoint\",\"urlTemplate\":\"https:\/\/lifelonghearing.com\/bs\/?s={search_term_string}\"},\"query-input\":{\"@type\":\"PropertyValueSpecification\",\"valueRequired\":true,\"valueName\":\"search_term_string\"}}],\"inLanguage\":\"en-US\"}]}<\/script>\n<!-- \/ Yoast SEO plugin. -->","yoast_head_json":{"title":"Zdravlje - Bosnian","description":"Sve \u0161to \u017eelite da znate o slu\u0161nim implantatima i rehabilitaciji iz medicinske perspektive - ovdje mo\u017eete prona\u0107i mno\u0161tvo medicinskih i zdravstvenih \u010dlanaka!","robots":{"index":"index","follow":"follow","max-snippet":"max-snippet:-1","max-image-preview":"max-image-preview:large","max-video-preview":"max-video-preview:-1"},"canonical":"https:\/\/lifelonghearing.com\/bs\/magazin-o-slusnim-implantatima\/zdravlje\/","og_locale":"en_US","og_type":"article","og_title":"Zdravlje - Bosnian","og_description":"Sve \u0161to \u017eelite da znate o slu\u0161nim implantatima i rehabilitaciji iz medicinske perspektive - ovdje mo\u017eete prona\u0107i mno\u0161tvo medicinskih i zdravstvenih \u010dlanaka!","og_url":"https:\/\/lifelonghearing.com\/bs\/magazin-o-slusnim-implantatima\/zdravlje\/","og_site_name":"Bosnian","article_modified_time":"2025-03-19T14:13:39+00:00","twitter_card":"summary_large_image","twitter_misc":{"Est. reading time":"7 minutes"},"schema":{"@context":"https:\/\/schema.org","@graph":[{"@type":"WebPage","@id":"https:\/\/lifelonghearing.com\/bs\/magazin-o-slusnim-implantatima\/zdravlje\/","url":"https:\/\/lifelonghearing.com\/bs\/magazin-o-slusnim-implantatima\/zdravlje\/","name":"Zdravlje - Bosnian","isPartOf":{"@id":"https:\/\/lifelonghearing.com\/bs\/#website"},"datePublished":"2025-01-01T12:30:51+00:00","dateModified":"2025-03-19T14:13:39+00:00","description":"Sve \u0161to \u017eelite da znate o slu\u0161nim implantatima i rehabilitaciji iz medicinske perspektive - ovdje mo\u017eete prona\u0107i mno\u0161tvo medicinskih i zdravstvenih \u010dlanaka!","breadcrumb":{"@id":"https:\/\/lifelonghearing.com\/bs\/magazin-o-slusnim-implantatima\/zdravlje\/#breadcrumb"},"inLanguage":"en-US","potentialAction":[{"@type":"ReadAction","target":["https:\/\/lifelonghearing.com\/bs\/magazin-o-slusnim-implantatima\/zdravlje\/"]}]},{"@type":"BreadcrumbList","@id":"https:\/\/lifelonghearing.com\/bs\/magazin-o-slusnim-implantatima\/zdravlje\/#breadcrumb","itemListElement":[{"@type":"ListItem","position":1,"name":"Home","item":"https:\/\/lifelonghearing.com\/bs\/"},{"@type":"ListItem","position":2,"name":"Magazin o slu\u0161nim implantatima","item":"https:\/\/lifelonghearing.com\/bs\/magazin-o-slusnim-implantatima\/"},{"@type":"ListItem","position":3,"name":"Zdravlje"}]},{"@type":"WebSite","@id":"https:\/\/lifelonghearing.com\/bs\/#website","url":"https:\/\/lifelonghearing.com\/bs\/","name":"Bosnian","description":"","potentialAction":[{"@type":"SearchAction","target":{"@type":"EntryPoint","urlTemplate":"https:\/\/lifelonghearing.com\/bs\/?s={search_term_string}"},"query-input":{"@type":"PropertyValueSpecification","valueRequired":true,"valueName":"search_term_string"}}],"inLanguage":"en-US"}]}},"acf":[],"_links":{"self":[{"href":"https:\/\/lifelonghearing.com\/bs\/wp-json\/wp\/v2\/pages\/30404","targetHints":{"allow":["GET"]}}],"collection":[{"href":"https:\/\/lifelonghearing.com\/bs\/wp-json\/wp\/v2\/pages"}],"about":[{"href":"https:\/\/lifelonghearing.com\/bs\/wp-json\/wp\/v2\/types\/page"}],"author":[{"embeddable":true,"href":"https:\/\/lifelonghearing.com\/bs\/wp-json\/wp\/v2\/users\/4"}],"replies":[{"embeddable":true,"href":"https:\/\/lifelonghearing.com\/bs\/wp-json\/wp\/v2\/comments?post=30404"}],"version-history":[{"count":4,"href":"https:\/\/lifelonghearing.com\/bs\/wp-json\/wp\/v2\/pages\/30404\/revisions"}],"predecessor-version":[{"id":32231,"href":"https:\/\/lifelonghearing.com\/bs\/wp-json\/wp\/v2\/pages\/30404\/revisions\/32231"}],"up":[{"embeddable":true,"href":"https:\/\/lifelonghearing.com\/bs\/wp-json\/wp\/v2\/pages\/30401"}],"wp:attachment":[{"href":"https:\/\/lifelonghearing.com\/bs\/wp-json\/wp\/v2\/media?parent=30404"}],"curies":[{"name":"wp","href":"https:\/\/api.w.org\/{rel}","templated":true}]}}